{"id":206879,"date":"2025-12-16T02:30:05","date_gmt":"2025-12-16T02:30:05","guid":{"rendered":"https:\/\/b2b.depodanmusteriye.com\/urun\/akilli-spor-bilekligi-kalp-atis-kan-basinci-uyku-takip-ve-bildirim-ozellikli\/"},"modified":"2025-12-16T02:30:05","modified_gmt":"2025-12-16T02:30:05","slug":"akilli-spor-bilekligi-kalp-atis-kan-basinci-uyku-takip-ve-bildirim-ozellikli","status":"publish","type":"product","link":"https:\/\/depodanmusteriye.com\/urunler\/urun\/akilli-spor-bilekligi-kalp-atis-kan-basinci-uyku-takip-ve-bildirim-ozellikli\/","title":{"rendered":"Ak\u0131ll\u0131 Spor Bilekli\u011fi \u2013 Kalp At\u0131\u015f, Kan Bas\u0131nc\u0131, Uyku Takip ve Bildirim \u00d6zellikli"},"content":{"rendered":"<h4>Geli\u015fmi\u015f teknolojiyle donat\u0131lm\u0131\u015f Ak\u0131ll\u0131 Spor Bilekli\u011fi, g\u00fcn boyu aktivitelerinizi takip ederek daha sa\u011fl\u0131kl\u0131 bir ya\u015fam i\u00e7in size rehberlik eder.<br \/>\nAd\u0131m sayar, kalori \u00f6l\u00e7er ve mesafe izleme \u00f6zellikleri sayesinde g\u00fcnl\u00fck hareketlerinizi kolayca kontrol edebilir, hedeflerinize ula\u015fman\u0131z\u0131 sa\u011flayabilirsiniz.<\/p>\n<p>Farkl\u0131 spor modlar\u0131 (ko\u015fu, ip atlama, mekik gibi) ile antrenmanlar\u0131n\u0131z\u0131 daha bilin\u00e7li \u015fekilde planlayabilirsiniz.<br \/>\nEgzersiz esnas\u0131nda kalp at\u0131\u015f h\u0131z\u0131n\u0131z\u0131 anl\u0131k olarak \u00f6l\u00e7erek performans\u0131n\u0131z\u0131 de\u011ferlendirir.<br \/>\nKan bas\u0131nc\u0131 \u00f6l\u00e7\u00fcm\u00fc \u00f6zelli\u011fi, sa\u011fl\u0131k takibini her an yapabilmenize imk\u00e2n tan\u0131r.<\/p>\n<p>Uyku izleme fonksiyonu, gece boyunca uyku kalitenizi analiz ederek daha dengeli bir dinlenme rutini olu\u015fturman\u0131za yard\u0131mc\u0131 olur.<br \/>\nAyr\u0131ca hareketsizlik uyar\u0131 sistemi, uzun s\u00fcre oturdu\u011funuzda sizi nazik\u00e7e uyararak aktif kalman\u0131z\u0131 te\u015fvik eder.<\/p>\n<p>Ak\u0131ll\u0131 bildirim \u00f6zelli\u011fiyle telefonunuza gelen \u00e7a\u011fr\u0131lar\u0131, mesajlar\u0131 ve sosyal medya bildirimlerini bile\u011finizden g\u00f6rebilirsiniz.<br \/>\nUSB \u015farj sistemiyle kolayca \u015farj olur, uzun pil \u00f6mr\u00fc sayesinde g\u00fcn boyu yan\u0131n\u0131zda olur.<br \/>\n80 mAh bataryas\u0131, 2-3 g\u00fcn aktif kullan\u0131m ve 5 g\u00fcne kadar bekleme s\u00fcresi sa\u011flar.<\/p>\n<p>Zarif, hafif ve modern tasar\u0131m\u0131yla her ya\u015fa ve tarza hitap eden Ak\u0131ll\u0131 Spor Bilekli\u011fi, spor yaparken ya da g\u00fcnl\u00fck ya\u015famda size konfor ve stil kazand\u0131r\u0131r. <\/p>\n<p><b>1 adet fiyat\u0131d\u0131r<\/b> <\/p>\n<p><p><b>\u00dcretici Markas\u0131 : ZERO LAND<\/b><\/p>\n<p><b>\u00dcretici Kodu : XUCZZZM6B\u0130LEKL\u0130K2<\/b><\/p>\n<p><b>1 ADET F\u0130YATIDIR<\/b><\/p>\n<\/h4>\n<p><\/p>\n","protected":false},"excerpt":{"rendered":"<p>Ak\u0131ll\u0131 Spor Bilekli\u011fi \u2013 Kalp At\u0131\u015f, Kan Bas\u0131nc\u0131, Uyku Takip ve Bildirim \u00d6zellikli<\/p>\n","protected":false},"featured_media":206874,"comment_status":"open","ping_status":"closed","template":"","meta":[],"product_brand":[],"product_cat":[493,379],"product_tag":[3636,14644,14532,13633,9023,2349,8773,2025,2804,2023,4244,2104],"class_list":{"0":"post-206879","1":"product","2":"type-product","3":"status-publish","4":"has-post-thumbnail","6":"product_cat-bluetooth-arac-kiti","7":"product_cat-ev-yasam","8":"product_tag-akilli","9":"product_tag-atis","10":"product_tag-basinci","11":"product_tag-bildirim","12":"product_tag-bilekligi","13":"product_tag-kalp","14":"product_tag-kan","15":"product_tag-ozellikli","16":"product_tag-spor","17":"product_tag-takip","18":"product_tag-uyku","19":"product_tag-ve","21":"first","22":"instock","23":"taxable","24":"shipping-taxable","25":"purchasable","26":"product-type-simple"},"_links":{"self":[{"href":"https:\/\/depodanmusteriye.com\/urunler\/wp-json\/wp\/v2\/product\/206879","targetHints":{"allow":["GET"]}}],"collection":[{"href":"https:\/\/depodanmusteriye.com\/urunler\/wp-json\/wp\/v2\/product"}],"about":[{"href":"https:\/\/depodanmusteriye.com\/urunler\/wp-json\/wp\/v2\/types\/product"}],"replies":[{"embeddable":true,"href":"https:\/\/depodanmusteriye.com\/urunler\/wp-json\/wp\/v2\/comments?post=206879"}],"version-history":[{"count":0,"href":"https:\/\/depodanmusteriye.com\/urunler\/wp-json\/wp\/v2\/product\/206879\/revisions"}],"wp:featuredmedia":[{"embeddable":true,"href":"https:\/\/depodanmusteriye.com\/urunler\/wp-json\/wp\/v2\/media\/206874"}],"wp:attachment":[{"href":"https:\/\/depodanmusteriye.com\/urunler\/wp-json\/wp\/v2\/media?parent=206879"}],"wp:term":[{"taxonomy":"product_brand","embeddable":true,"href":"https:\/\/depodanmusteriye.com\/urunler\/wp-json\/wp\/v2\/product_brand?post=206879"},{"taxonomy":"product_cat","embeddable":true,"href":"https:\/\/depodanmusteriye.com\/urunler\/wp-json\/wp\/v2\/product_cat?post=206879"},{"taxonomy":"product_tag","embeddable":true,"href":"https:\/\/depodanmusteriye.com\/urunler\/wp-json\/wp\/v2\/product_tag?post=206879"}],"curies":[{"name":"wp","href":"https:\/\/api.w.org\/{rel}","templated":true}]}}