{"id":206417,"date":"2025-12-16T02:04:45","date_gmt":"2025-12-16T02:04:45","guid":{"rendered":"https:\/\/b2b.depodanmusteriye.com\/urun\/retro-oyun-konsolu-3-5-inc-ekran-666-klasik-oyun-tv-baglantili\/"},"modified":"2025-12-16T02:04:45","modified_gmt":"2025-12-16T02:04:45","slug":"retro-oyun-konsolu-3-5-inc-ekran-666-klasik-oyun-tv-baglantili","status":"publish","type":"product","link":"https:\/\/depodanmusteriye.com\/urunler\/urun\/retro-oyun-konsolu-3-5-inc-ekran-666-klasik-oyun-tv-baglantili\/","title":{"rendered":"Retro Oyun Konsolu \u2013 3.5 \u0130n\u00e7 Ekran, 666 Klasik Oyun, TV Ba\u011flant\u0131l\u0131"},"content":{"rendered":"<h4>Ge\u00e7mi\u015fin efsane oyunlar\u0131n\u0131 g\u00fcn\u00fcm\u00fcze ta\u015f\u0131yan bu retro oyun konsolu, 3.5 in\u00e7 LCD ekran\u0131 ile nostaljik bir deneyim sunar. Ultra ince tasar\u0131m\u0131 sayesinde kolayca ta\u015f\u0131nabilir ve 666 farkl\u0131 klasik oyunla e\u011flencenin tad\u0131n\u0131 \u00e7\u0131karabilirsiniz. S\u00fcper Mario, Contra, Mortal Kombat gibi unutulmaz yap\u0131mlar elinizin alt\u0131nda!Kutudan \u00e7\u0131kan ikinci konsol ile televizyona ba\u011flayarak arkada\u015flar\u0131n\u0131zla veya ailenizle 2 ki\u015filik oyun keyfi ya\u015fayabilirsiniz. G\u00fc\u00e7l\u00fc i\u015flemcisi sayesinde donma olmadan y\u00fcksek performans sunar. \u015earj edilebilir bataryas\u0131 uzun s\u00fcreli oyun deneyimi sa\u011flarken, mikro USB giri\u015fiyle kolayca \u015farj edilebilir. <\/p>\n<p><b>1 adet fiyat\u0131d\u0131r<\/b> <\/p>\n<p><p><b>\u00dcretici Markas\u0131 : ZERO LAND<\/b><\/p>\n<p><b>\u00dcretici Kodu : XUCZZZG7ATAR\u0130<\/b><\/p>\n<p><b>1 ADET F\u0130YATIDIR<\/b><\/p>\n<\/h4>\n<p><\/p>\n","protected":false},"excerpt":{"rendered":"<p>Retro Oyun Konsolu \u2013 3.5 \u0130n\u00e7 Ekran, 666 Klasik Oyun, TV Ba\u011flant\u0131l\u0131<\/p>\n","protected":false},"featured_media":206412,"comment_status":"open","ping_status":"closed","template":"","meta":[],"product_brand":[],"product_cat":[379,725],"product_tag":[9016,4166,4247,2774,2347,2029,3998,3997,1963,4014],"class_list":{"0":"post-206417","1":"product","2":"type-product","3":"status-publish","4":"has-post-thumbnail","6":"product_cat-ev-yasam","7":"product_cat-psp-and-vita-oyunu","8":"product_tag-3-5","9":"product_tag-4166","10":"product_tag-baglantili","11":"product_tag-ekran","12":"product_tag-inc","13":"product_tag-klasik","14":"product_tag-konsolu","15":"product_tag-oyun","16":"product_tag-retro","17":"product_tag-tv","19":"first","20":"instock","21":"taxable","22":"shipping-taxable","23":"purchasable","24":"product-type-simple"},"_links":{"self":[{"href":"https:\/\/depodanmusteriye.com\/urunler\/wp-json\/wp\/v2\/product\/206417","targetHints":{"allow":["GET"]}}],"collection":[{"href":"https:\/\/depodanmusteriye.com\/urunler\/wp-json\/wp\/v2\/product"}],"about":[{"href":"https:\/\/depodanmusteriye.com\/urunler\/wp-json\/wp\/v2\/types\/product"}],"replies":[{"embeddable":true,"href":"https:\/\/depodanmusteriye.com\/urunler\/wp-json\/wp\/v2\/comments?post=206417"}],"version-history":[{"count":0,"href":"https:\/\/depodanmusteriye.com\/urunler\/wp-json\/wp\/v2\/product\/206417\/revisions"}],"wp:featuredmedia":[{"embeddable":true,"href":"https:\/\/depodanmusteriye.com\/urunler\/wp-json\/wp\/v2\/media\/206412"}],"wp:attachment":[{"href":"https:\/\/depodanmusteriye.com\/urunler\/wp-json\/wp\/v2\/media?parent=206417"}],"wp:term":[{"taxonomy":"product_brand","embeddable":true,"href":"https:\/\/depodanmusteriye.com\/urunler\/wp-json\/wp\/v2\/product_brand?post=206417"},{"taxonomy":"product_cat","embeddable":true,"href":"https:\/\/depodanmusteriye.com\/urunler\/wp-json\/wp\/v2\/product_cat?post=206417"},{"taxonomy":"product_tag","embeddable":true,"href":"https:\/\/depodanmusteriye.com\/urunler\/wp-json\/wp\/v2\/product_tag?post=206417"}],"curies":[{"name":"wp","href":"https:\/\/api.w.org\/{rel}","templated":true}]}}