{"id":206405,"date":"2025-12-16T02:04:09","date_gmt":"2025-12-16T02:04:09","guid":{"rendered":"https:\/\/b2b.depodanmusteriye.com\/urun\/tasinabilir-retro-oyun-konsolu-3-5-inc-lcd-666-klasik-oyun-tv-destekli\/"},"modified":"2025-12-16T02:04:09","modified_gmt":"2025-12-16T02:04:09","slug":"tasinabilir-retro-oyun-konsolu-3-5-inc-lcd-666-klasik-oyun-tv-destekli","status":"publish","type":"product","link":"https:\/\/depodanmusteriye.com\/urunler\/urun\/tasinabilir-retro-oyun-konsolu-3-5-inc-lcd-666-klasik-oyun-tv-destekli\/","title":{"rendered":"Ta\u015f\u0131nabilir Retro Oyun Konsolu \u2013 3.5 \u0130n\u00e7 LCD, 666 Klasik Oyun, TV Destekli"},"content":{"rendered":"<h4>Retro tutkunlar\u0131 i\u00e7in tasarlanan bu ta\u015f\u0131nabilir oyun konsolu, 3.5 in\u00e7 LCD ekran\u0131 ve ultra ince tasar\u0131m\u0131yla her an yan\u0131n\u0131zda! 666 klasik oyunla dolu i\u00e7erik ar\u015fivi, S\u00fcper Mario\u2019dan Mortal Kombat\u2019a kadar efsane yap\u0131mlar\u0131 modern d\u00fcnyada yeniden oynaman\u0131z\u0131 sa\u011flar.Kutu i\u00e7eri\u011findeki ikinci konsol ve televizyon ba\u011flant\u0131 aparat\u0131 sayesinde \u00e7ift ki\u015filik oyun keyfini doyas\u0131ya ya\u015fay\u0131n. G\u00fc\u00e7l\u00fc i\u015flemcisiyle tak\u0131lmadan oynay\u0131n, \u015farj edilebilir uzun \u00f6m\u00fcrl\u00fc bataryas\u0131yla saatlerce e\u011flenin. <\/p>\n<p><b>1 adet fiyat\u0131d\u0131r<\/b> <\/p>\n<p><p><b>\u00dcretici Markas\u0131 : ZERO LAND<\/b><\/p>\n<p><b>\u00dcretici Kodu : XUCZZZG7ATAR\u01302<\/b><\/p>\n<p><b>1 ADET F\u0130YATIDIR<\/b><\/p>\n<\/h4>\n<p><\/p>\n","protected":false},"excerpt":{"rendered":"<p>Ta\u015f\u0131nabilir Retro Oyun Konsolu \u2013 3.5 \u0130n\u00e7 LCD, 666 Klasik Oyun, TV Destekli<\/p>\n","protected":false},"featured_media":206400,"comment_status":"open","ping_status":"closed","template":"","meta":[],"product_brand":[],"product_cat":[379,725],"product_tag":[9016,4166,3695,2347,2029,3998,4078,3997,1963,2982,4014],"class_list":{"0":"post-206405","1":"product","2":"type-product","3":"status-publish","4":"has-post-thumbnail","6":"product_cat-ev-yasam","7":"product_cat-psp-and-vita-oyunu","8":"product_tag-3-5","9":"product_tag-4166","10":"product_tag-destekli","11":"product_tag-inc","12":"product_tag-klasik","13":"product_tag-konsolu","14":"product_tag-lcd","15":"product_tag-oyun","16":"product_tag-retro","17":"product_tag-tasinabilir","18":"product_tag-tv","20":"first","21":"instock","22":"taxable","23":"shipping-taxable","24":"purchasable","25":"product-type-simple"},"_links":{"self":[{"href":"https:\/\/depodanmusteriye.com\/urunler\/wp-json\/wp\/v2\/product\/206405","targetHints":{"allow":["GET"]}}],"collection":[{"href":"https:\/\/depodanmusteriye.com\/urunler\/wp-json\/wp\/v2\/product"}],"about":[{"href":"https:\/\/depodanmusteriye.com\/urunler\/wp-json\/wp\/v2\/types\/product"}],"replies":[{"embeddable":true,"href":"https:\/\/depodanmusteriye.com\/urunler\/wp-json\/wp\/v2\/comments?post=206405"}],"version-history":[{"count":0,"href":"https:\/\/depodanmusteriye.com\/urunler\/wp-json\/wp\/v2\/product\/206405\/revisions"}],"wp:featuredmedia":[{"embeddable":true,"href":"https:\/\/depodanmusteriye.com\/urunler\/wp-json\/wp\/v2\/media\/206400"}],"wp:attachment":[{"href":"https:\/\/depodanmusteriye.com\/urunler\/wp-json\/wp\/v2\/media?parent=206405"}],"wp:term":[{"taxonomy":"product_brand","embeddable":true,"href":"https:\/\/depodanmusteriye.com\/urunler\/wp-json\/wp\/v2\/product_brand?post=206405"},{"taxonomy":"product_cat","embeddable":true,"href":"https:\/\/depodanmusteriye.com\/urunler\/wp-json\/wp\/v2\/product_cat?post=206405"},{"taxonomy":"product_tag","embeddable":true,"href":"https:\/\/depodanmusteriye.com\/urunler\/wp-json\/wp\/v2\/product_tag?post=206405"}],"curies":[{"name":"wp","href":"https:\/\/api.w.org\/{rel}","templated":true}]}}