{"id":206399,"date":"2025-12-16T02:03:50","date_gmt":"2025-12-16T02:03:50","guid":{"rendered":"https:\/\/b2b.depodanmusteriye.com\/urun\/4k-destekli-kablosuz-retro-atari-oyun-konsolu-20000-oyun-2-kolu\/"},"modified":"2026-04-05T10:36:25","modified_gmt":"2026-04-05T10:36:25","slug":"4k-destekli-kablosuz-retro-atari-oyun-konsolu-20000-oyun-2-kolu","status":"publish","type":"product","link":"https:\/\/depodanmusteriye.com\/urunler\/urun\/4k-destekli-kablosuz-retro-atari-oyun-konsolu-20000-oyun-2-kolu\/","title":{"rendered":"4K Destekli Kablosuz Retro Atari Oyun Konsolu \u2013 20000 Oyun, 2 Kolu"},"content":{"rendered":"<h4>Efsane oyun deneyimi geri d\u00f6nd\u00fc! 20000 oyun kapasitesiyle ge\u00e7mi\u015fin unutulmaz anlar\u0131n\u0131 yeniden ya\u015fay\u0131n. 4K \u00e7\u00f6z\u00fcn\u00fcrl\u00fck deste\u011fi, oyunlar\u0131 kristal netli\u011finde g\u00f6r\u00fcnt\u00fclerle sunarken; 2.4G kablosuz ba\u011flant\u0131 sayesinde kablo karma\u015fas\u0131ndan kurtulup \u00f6zg\u00fcrce oynayabilirsiniz.TV\u2019ye kolayca ba\u011flanan kompakt game stick tasar\u0131m\u0131 sayesinde saniyeler i\u00e7inde oyun keyfine ba\u015flay\u0131n. Ergonomik \u00e7ift oyun kolu, arkada\u015flar\u0131n\u0131zla veya ailenizle e\u011flenceli rekabetler ya\u015faman\u0131z\u0131 sa\u011flar. Kullan\u0131c\u0131 dostu men\u00fcs\u00fcyle oyun se\u00e7mek hi\u00e7 bu kadar kolay olmam\u0131\u015ft\u0131! <\/p>\n<p><b>1 adet fiyat\u0131d\u0131r<\/b> <\/p>\n<p><p><b>\u00dcretici Markas\u0131 : ZERO LAND<\/b><\/p>\n<p><b>\u00dcretici Kodu : XUCZZZGAMEST\u0130CK<\/b><\/p>\n<p><b>1 ADET F\u0130YATIDIR<\/b><\/p>\n<\/h4>\n<p><\/p>\n","protected":false},"excerpt":{"rendered":"<p>4K Destekli Kablosuz Retro Atari Oyun Konsolu \u2013 20000 Oyun, 2 Kolu<\/p>\n","protected":false},"featured_media":206394,"comment_status":"open","ping_status":"closed","template":"","meta":[],"product_brand":[],"product_cat":[379,725],"product_tag":[1613,14146,1959,13491,3695,1640,2516,3998,3997,1963],"class_list":{"0":"post-206399","1":"product","2":"type-product","3":"status-publish","4":"has-post-thumbnail","6":"product_cat-ev-yasam","7":"product_cat-psp-and-vita-oyunu","8":"product_tag-1613","9":"product_tag-14146","10":"product_tag-4k","11":"product_tag-atari","12":"product_tag-destekli","13":"product_tag-kablosuz","14":"product_tag-kolu","15":"product_tag-konsolu","16":"product_tag-oyun","17":"product_tag-retro","19":"first","20":"instock","21":"taxable","22":"shipping-taxable","23":"purchasable","24":"product-type-simple"},"_links":{"self":[{"href":"https:\/\/depodanmusteriye.com\/urunler\/wp-json\/wp\/v2\/product\/206399","targetHints":{"allow":["GET"]}}],"collection":[{"href":"https:\/\/depodanmusteriye.com\/urunler\/wp-json\/wp\/v2\/product"}],"about":[{"href":"https:\/\/depodanmusteriye.com\/urunler\/wp-json\/wp\/v2\/types\/product"}],"replies":[{"embeddable":true,"href":"https:\/\/depodanmusteriye.com\/urunler\/wp-json\/wp\/v2\/comments?post=206399"}],"version-history":[{"count":0,"href":"https:\/\/depodanmusteriye.com\/urunler\/wp-json\/wp\/v2\/product\/206399\/revisions"}],"wp:featuredmedia":[{"embeddable":true,"href":"https:\/\/depodanmusteriye.com\/urunler\/wp-json\/wp\/v2\/media\/206394"}],"wp:attachment":[{"href":"https:\/\/depodanmusteriye.com\/urunler\/wp-json\/wp\/v2\/media?parent=206399"}],"wp:term":[{"taxonomy":"product_brand","embeddable":true,"href":"https:\/\/depodanmusteriye.com\/urunler\/wp-json\/wp\/v2\/product_brand?post=206399"},{"taxonomy":"product_cat","embeddable":true,"href":"https:\/\/depodanmusteriye.com\/urunler\/wp-json\/wp\/v2\/product_cat?post=206399"},{"taxonomy":"product_tag","embeddable":true,"href":"https:\/\/depodanmusteriye.com\/urunler\/wp-json\/wp\/v2\/product_tag?post=206399"}],"curies":[{"name":"wp","href":"https:\/\/api.w.org\/{rel}","templated":true}]}}