{"id":206387,"date":"2025-12-16T02:03:17","date_gmt":"2025-12-16T02:03:17","guid":{"rendered":"https:\/\/b2b.depodanmusteriye.com\/urun\/kablosuz-4k-retro-atari-game-stick-2-kollu-20000-hazir-oyun\/"},"modified":"2025-12-16T02:03:17","modified_gmt":"2025-12-16T02:03:17","slug":"kablosuz-4k-retro-atari-game-stick-2-kollu-20000-hazir-oyun","status":"publish","type":"product","link":"https:\/\/depodanmusteriye.com\/urunler\/urun\/kablosuz-4k-retro-atari-game-stick-2-kollu-20000-hazir-oyun\/","title":{"rendered":"Kablosuz 4K Retro Atari Game Stick \u2013 2 Kollu, 20000 Haz\u0131r Oyun"},"content":{"rendered":"<h4>Oyun tutkunlar\u0131 i\u00e7in tasarlanan bu retro konsol, hem nostaljiyi hem yenili\u011fi bir arada sunar! 4K g\u00f6r\u00fcnt\u00fc deste\u011fiyle y\u00fcksek \u00e7\u00f6z\u00fcn\u00fcrl\u00fckl\u00fc oyun deneyimi ya\u015fat\u0131r. 2.4G kablosuz ba\u011flant\u0131s\u0131 sayesinde rahat bir \u015fekilde oturarak keyifle oyun oynayabilirsiniz.20000 farkl\u0131 oyun se\u00e7ene\u011fiyle asla s\u0131k\u0131lmazs\u0131n\u0131z; klasik atari oyunlar\u0131ndan modern ba\u011f\u0131ms\u0131z oyunlara kadar geni\u015f bir ar\u015fiv sizi bekliyor. Tak-\u00e7al\u0131\u015ft\u0131r \u00f6zelli\u011fiyle sadece TV\u2019ye ba\u011flay\u0131n ve hemen oynamaya ba\u015flay\u0131n. Ergonomik \u00e7ift kolu sayesinde arkada\u015flar\u0131n\u0131zla unutulmaz rekabetler ya\u015fay\u0131n! <\/p>\n<p><b>1 adet fiyat\u0131d\u0131r<\/b> <\/p>\n<p><p><b>\u00dcretici Markas\u0131 : ZERO LAND<\/b><\/p>\n<p><b>\u00dcretici Kodu : XUCZZZGAMEST\u0130CK2<\/b><\/p>\n<p><b>1 ADET F\u0130YATIDIR<\/b><\/p>\n<\/h4>\n<p><\/p>\n","protected":false},"excerpt":{"rendered":"<p>Kablosuz 4K Retro Atari Game Stick \u2013 2 Kollu, 20000 Haz\u0131r Oyun<\/p>\n","protected":false},"featured_media":206382,"comment_status":"open","ping_status":"closed","template":"","meta":[],"product_brand":[],"product_cat":[379,725],"product_tag":[1613,14146,1959,13491,1960,13722,1640,1430,3997,1963,1961],"class_list":{"0":"post-206387","1":"product","2":"type-product","3":"status-publish","4":"has-post-thumbnail","6":"product_cat-ev-yasam","7":"product_cat-psp-and-vita-oyunu","8":"product_tag-1613","9":"product_tag-14146","10":"product_tag-4k","11":"product_tag-atari","12":"product_tag-game","13":"product_tag-hazir","14":"product_tag-kablosuz","15":"product_tag-kollu","16":"product_tag-oyun","17":"product_tag-retro","18":"product_tag-stick","20":"first","21":"instock","22":"taxable","23":"shipping-taxable","24":"purchasable","25":"product-type-simple"},"_links":{"self":[{"href":"https:\/\/depodanmusteriye.com\/urunler\/wp-json\/wp\/v2\/product\/206387","targetHints":{"allow":["GET"]}}],"collection":[{"href":"https:\/\/depodanmusteriye.com\/urunler\/wp-json\/wp\/v2\/product"}],"about":[{"href":"https:\/\/depodanmusteriye.com\/urunler\/wp-json\/wp\/v2\/types\/product"}],"replies":[{"embeddable":true,"href":"https:\/\/depodanmusteriye.com\/urunler\/wp-json\/wp\/v2\/comments?post=206387"}],"version-history":[{"count":0,"href":"https:\/\/depodanmusteriye.com\/urunler\/wp-json\/wp\/v2\/product\/206387\/revisions"}],"wp:featuredmedia":[{"embeddable":true,"href":"https:\/\/depodanmusteriye.com\/urunler\/wp-json\/wp\/v2\/media\/206382"}],"wp:attachment":[{"href":"https:\/\/depodanmusteriye.com\/urunler\/wp-json\/wp\/v2\/media?parent=206387"}],"wp:term":[{"taxonomy":"product_brand","embeddable":true,"href":"https:\/\/depodanmusteriye.com\/urunler\/wp-json\/wp\/v2\/product_brand?post=206387"},{"taxonomy":"product_cat","embeddable":true,"href":"https:\/\/depodanmusteriye.com\/urunler\/wp-json\/wp\/v2\/product_cat?post=206387"},{"taxonomy":"product_tag","embeddable":true,"href":"https:\/\/depodanmusteriye.com\/urunler\/wp-json\/wp\/v2\/product_tag?post=206387"}],"curies":[{"name":"wp","href":"https:\/\/api.w.org\/{rel}","templated":true}]}}