{"id":206381,"date":"2025-12-16T02:02:59","date_gmt":"2025-12-16T02:02:59","guid":{"rendered":"https:\/\/b2b.depodanmusteriye.com\/urun\/176-led-amber-renkli-el-hareketiyle-kontrol-edilen-motosiklet-donus-sinyali\/"},"modified":"2025-12-16T02:02:59","modified_gmt":"2025-12-16T02:02:59","slug":"176-led-amber-renkli-el-hareketiyle-kontrol-edilen-motosiklet-donus-sinyali","status":"publish","type":"product","link":"https:\/\/depodanmusteriye.com\/urunler\/urun\/176-led-amber-renkli-el-hareketiyle-kontrol-edilen-motosiklet-donus-sinyali\/","title":{"rendered":"176 LED Amber Renkli El Hareketiyle Kontrol Edilen Motosiklet D\u00f6n\u00fc\u015f Sinyali"},"content":{"rendered":"<h4>176 g\u00fc\u00e7l\u00fc LED ampul\u00fc sayesinde bu cihaz, g\u00fcnd\u00fcz ve gece maksimum g\u00f6r\u00fcn\u00fcrl\u00fck sa\u011flar. Trafik yo\u011funlu\u011fu veya d\u00fc\u015f\u00fck \u0131\u015f\u0131kl\u0131 alanlarda g\u00fcvenli\u011fi art\u0131rarak di\u011fer s\u00fcr\u00fcc\u00fclerin sizi kolayca fark etmesine yard\u0131mc\u0131 olur. Amber renkli \u0131\u015f\u0131\u011f\u0131, T\u00fcrkiye trafik y\u00f6netmeliklerine uygundur ve yasal kullan\u0131m avantaj\u0131 sunar. El hareketiyle kontrol edilebilen pratik mekanizmas\u0131 sayesinde, s\u00fcr\u00fc\u015f s\u0131ras\u0131nda dikkatinizi yoldan ay\u0131rmadan g\u00fcvenli sinyal vermenizi sa\u011flar.<\/p>\n<p>&nbsp; <\/p>\n<p><b>1 adet fiyat\u0131d\u0131r<\/b> <\/p>\n<p><p><b>\u00dcretici Markas\u0131 : ZERO LAND<\/b><\/p>\n<p><b>\u00dcretici Kodu : XUCZZZGESTURE<\/b><\/p>\n<p><b>1 ADET F\u0130YATIDIR<\/b><\/p>\n<\/h4>\n<p><\/p>\n","protected":false},"excerpt":{"rendered":"<p>176 LED Amber Renkli El Hareketiyle Kontrol Edilen Motosiklet D\u00f6n\u00fc\u015f Sinyali<\/p>\n","protected":false},"featured_media":206376,"comment_status":"open","ping_status":"closed","template":"","meta":[],"product_brand":[],"product_cat":[757,368],"product_tag":[14885,14886,13418,14375,2059,14884,2615,2684,4104,1556,2656],"class_list":{"0":"post-206381","1":"product","2":"type-product","3":"status-publish","4":"has-post-thumbnail","6":"product_cat-led-isik","7":"product_cat-sus-ve-parti-malzemeleri","8":"product_tag-14885","9":"product_tag-amber","10":"product_tag-donus","11":"product_tag-edilen","12":"product_tag-el","13":"product_tag-hareketiyle","14":"product_tag-kontrol","15":"product_tag-led","16":"product_tag-motosiklet","17":"product_tag-renkli","18":"product_tag-sinyali","20":"first","21":"instock","22":"taxable","23":"shipping-taxable","24":"purchasable","25":"product-type-simple"},"_links":{"self":[{"href":"https:\/\/depodanmusteriye.com\/urunler\/wp-json\/wp\/v2\/product\/206381","targetHints":{"allow":["GET"]}}],"collection":[{"href":"https:\/\/depodanmusteriye.com\/urunler\/wp-json\/wp\/v2\/product"}],"about":[{"href":"https:\/\/depodanmusteriye.com\/urunler\/wp-json\/wp\/v2\/types\/product"}],"replies":[{"embeddable":true,"href":"https:\/\/depodanmusteriye.com\/urunler\/wp-json\/wp\/v2\/comments?post=206381"}],"version-history":[{"count":0,"href":"https:\/\/depodanmusteriye.com\/urunler\/wp-json\/wp\/v2\/product\/206381\/revisions"}],"wp:featuredmedia":[{"embeddable":true,"href":"https:\/\/depodanmusteriye.com\/urunler\/wp-json\/wp\/v2\/media\/206376"}],"wp:attachment":[{"href":"https:\/\/depodanmusteriye.com\/urunler\/wp-json\/wp\/v2\/media?parent=206381"}],"wp:term":[{"taxonomy":"product_brand","embeddable":true,"href":"https:\/\/depodanmusteriye.com\/urunler\/wp-json\/wp\/v2\/product_brand?post=206381"},{"taxonomy":"product_cat","embeddable":true,"href":"https:\/\/depodanmusteriye.com\/urunler\/wp-json\/wp\/v2\/product_cat?post=206381"},{"taxonomy":"product_tag","embeddable":true,"href":"https:\/\/depodanmusteriye.com\/urunler\/wp-json\/wp\/v2\/product_tag?post=206381"}],"curies":[{"name":"wp","href":"https:\/\/api.w.org\/{rel}","templated":true}]}}