{"id":205409,"date":"2025-12-16T01:08:21","date_gmt":"2025-12-16T01:08:21","guid":{"rendered":"https:\/\/b2b.depodanmusteriye.com\/urun\/usb-sarjli-kablosuz-blender-tasinabilir-kompakt-ve-cevre-dostu-meyve-sikici\/"},"modified":"2025-12-16T01:08:21","modified_gmt":"2025-12-16T01:08:21","slug":"usb-sarjli-kablosuz-blender-tasinabilir-kompakt-ve-cevre-dostu-meyve-sikici","status":"publish","type":"product","link":"https:\/\/depodanmusteriye.com\/urunler\/urun\/usb-sarjli-kablosuz-blender-tasinabilir-kompakt-ve-cevre-dostu-meyve-sikici\/","title":{"rendered":"USB \u015earjl\u0131 Kablosuz Blender \u2013 Ta\u015f\u0131nabilir, Kompakt ve \u00c7evre Dostu Meyve S\u0131k\u0131c\u0131"},"content":{"rendered":"<h4>Modern ya\u015fam\u0131n vazge\u00e7ilmezi olacak bu kablosuz mini blender, zarif tasar\u0131m\u0131yla mutfa\u011f\u0131n\u0131za estetik katar. Pembe ve beyaz renk alternatifleriyle hem fonksiyonel hem dekoratif bir cihazd\u0131r. Tek tu\u015fla \u00e7al\u0131\u015fma sistemi sayesinde karma\u015f\u0131k ayarlara gerek kalmadan saniyeler i\u00e7inde i\u00e7eceklerinizi haz\u0131rlayabilirsiniz.G\u00fc\u00e7l\u00fc 1200mAh pili, tam \u015farjla 10 defaya kadar kullan\u0131m sunarken, g\u00fcvenlik kilidi sistemi yanl\u0131\u015f kullan\u0131m\u0131 \u00f6nler. \u015eeffaf haznesiyle i\u00e7eri\u011fi kolayca g\u00f6rebilir, LED g\u00f6stergesiyle \u015farj durumunu takip edebilirsiniz.Portatif yap\u0131s\u0131 sayesinde kamp, piknik, seyahat veya ofis ortam\u0131nda kolayca kullan\u0131labilir. Sa\u011fl\u0131kl\u0131 ya\u015fam tarz\u0131n\u0131 benimseyenler i\u00e7in ideal bir se\u00e7imdir. G\u0131da s\u0131n\u0131f\u0131 malzeme kalitesi, uzun \u00f6m\u00fcrl\u00fc kullan\u0131m ve taze i\u00e7ecek keyfini bir araya getirir. <\/p>\n<p><b>1 adet fiyat\u0131d\u0131r<\/b> <\/p>\n<p><p><b>\u00dcretici Markas\u0131 : ZERO LAND<\/b><\/p>\n<p><b>\u00dcretici Kodu : XUCZZZBARDAKBLENDER2<\/b><\/p>\n<p><b>1 ADET F\u0130YATIDIR<\/b><\/p>\n<\/h4>\n<p><\/p>\n","protected":false},"excerpt":{"rendered":"<p>USB \u015earjl\u0131 Kablosuz Blender \u2013 Ta\u015f\u0131nabilir, Kompakt ve \u00c7evre Dostu Meyve S\u0131k\u0131c\u0131<\/p>\n","protected":false},"featured_media":205404,"comment_status":"open","ping_status":"closed","template":"","meta":[],"product_brand":[],"product_cat":[379,1029],"product_tag":[13451,1336,4186,1640,3986,4149,3975,4150,2982,2511,2104],"class_list":{"0":"post-205409","1":"product","2":"type-product","3":"status-publish","4":"has-post-thumbnail","6":"product_cat-ev-yasam","7":"product_cat-kisisel-blender","8":"product_tag-blender","9":"product_tag-cevre","10":"product_tag-dostu","11":"product_tag-kablosuz","12":"product_tag-kompakt","13":"product_tag-meyve","14":"product_tag-sarjli","15":"product_tag-sikici","16":"product_tag-tasinabilir","17":"product_tag-usb","18":"product_tag-ve","20":"first","21":"instock","22":"taxable","23":"shipping-taxable","24":"purchasable","25":"product-type-simple"},"_links":{"self":[{"href":"https:\/\/depodanmusteriye.com\/urunler\/wp-json\/wp\/v2\/product\/205409","targetHints":{"allow":["GET"]}}],"collection":[{"href":"https:\/\/depodanmusteriye.com\/urunler\/wp-json\/wp\/v2\/product"}],"about":[{"href":"https:\/\/depodanmusteriye.com\/urunler\/wp-json\/wp\/v2\/types\/product"}],"replies":[{"embeddable":true,"href":"https:\/\/depodanmusteriye.com\/urunler\/wp-json\/wp\/v2\/comments?post=205409"}],"version-history":[{"count":0,"href":"https:\/\/depodanmusteriye.com\/urunler\/wp-json\/wp\/v2\/product\/205409\/revisions"}],"wp:featuredmedia":[{"embeddable":true,"href":"https:\/\/depodanmusteriye.com\/urunler\/wp-json\/wp\/v2\/media\/205404"}],"wp:attachment":[{"href":"https:\/\/depodanmusteriye.com\/urunler\/wp-json\/wp\/v2\/media?parent=205409"}],"wp:term":[{"taxonomy":"product_brand","embeddable":true,"href":"https:\/\/depodanmusteriye.com\/urunler\/wp-json\/wp\/v2\/product_brand?post=205409"},{"taxonomy":"product_cat","embeddable":true,"href":"https:\/\/depodanmusteriye.com\/urunler\/wp-json\/wp\/v2\/product_cat?post=205409"},{"taxonomy":"product_tag","embeddable":true,"href":"https:\/\/depodanmusteriye.com\/urunler\/wp-json\/wp\/v2\/product_tag?post=205409"}],"curies":[{"name":"wp","href":"https:\/\/api.w.org\/{rel}","templated":true}]}}