{"id":205025,"date":"2025-12-16T00:48:00","date_gmt":"2025-12-16T00:48:00","guid":{"rendered":"https:\/\/b2b.depodanmusteriye.com\/urun\/egim-sensorlu-dijital-kalem-yuksek-hassasiyetli-10-mm-uc-uzun-pil-omru\/"},"modified":"2025-12-16T00:48:00","modified_gmt":"2025-12-16T00:48:00","slug":"egim-sensorlu-dijital-kalem-yuksek-hassasiyetli-10-mm-uc-uzun-pil-omru","status":"publish","type":"product","link":"https:\/\/depodanmusteriye.com\/urunler\/urun\/egim-sensorlu-dijital-kalem-yuksek-hassasiyetli-10-mm-uc-uzun-pil-omru\/","title":{"rendered":"E\u011fim Sens\u00f6rl\u00fc Dijital Kalem \u2013 Y\u00fcksek Hassasiyetli 1,0 mm U\u00e7, Uzun Pil \u00d6mr\u00fc"},"content":{"rendered":"<h4>Bu dijital kalem, geli\u015fmi\u015f e\u011fim sens\u00f6r\u00fc teknolojisi sayesinde \u00e7izim ve yaz\u0131mda farkl\u0131 kal\u0131nl\u0131klarda do\u011fal \u00e7izgiler olu\u015fturman\u0131za olanak sa\u011flar. 1,0 mm de\u011fi\u015ftirilebilir u\u00e7lar\u0131, geleneksel kalem hissi veren y\u00fcksek hassasiyetle tasarlanm\u0131\u015ft\u0131r. Gecikme, atlama veya \u00e7izik olmadan ak\u0131c\u0131 ve sessiz bir deneyim sunar. Bluetooth ve uygulama gerektirmeden, do\u011frudan kalem \u00fczerindeki dokunmatik anahtarla kolayca a\u00e7\u0131l\u0131r. USB-C h\u0131zl\u0131 \u015farj ile sadece 90 dakikada tam dolum sa\u011flan\u0131r ve 20 saate kadar kesintisiz kullan\u0131m imkan\u0131 sunar. 5 dakika bo\u015fta kal\u0131nca otomatik uyku moduna ge\u00e7erek pil tasarrufu sa\u011flar. iPad ve iPad Pro ile uyumlu olup, Apple kalemi ayarlar\u0131ndan kolayca optimize edilebilir. <\/p>\n<p><b>1 adet fiyat\u0131d\u0131r<\/b> <\/p>\n<p><p><b>\u00dcretici Markas\u0131 : ZERO LAND<\/b><\/p>\n<p><b>\u00dcretici Kodu : XUCZZZUNIVERSALKALEMMMM<\/b><\/p>\n<p><b>1 ADET F\u0130YATIDIR<\/b><\/p>\n<\/h4>\n<p><\/p>\n","protected":false},"excerpt":{"rendered":"<p>E\u011fim Sens\u00f6rl\u00fc Dijital Kalem \u2013 Y\u00fcksek Hassasiyetli 1,0 mm U\u00e7, Uzun Pil \u00d6mr\u00fc<\/p>\n","protected":false},"featured_media":205020,"comment_status":"open","ping_status":"closed","template":"","meta":[],"product_brand":[],"product_cat":[374,1038],"product_tag":[1056,3443,4255,4349,1987,2098,13014,4199,1314,1417,2357,2630],"class_list":{"0":"post-205025","1":"product","2":"type-product","3":"status-publish","4":"has-post-thumbnail","6":"product_cat-mobil-aksesuar","7":"product_cat-tablet-kalemi","8":"product_tag-1056","9":"product_tag-dijital","10":"product_tag-egim","11":"product_tag-hassasiyetli","12":"product_tag-kalem","13":"product_tag-mm","14":"product_tag-omru","15":"product_tag-pil","16":"product_tag-sensorlu","17":"product_tag-uc","18":"product_tag-uzun","19":"product_tag-yuksek","21":"first","22":"instock","23":"taxable","24":"shipping-taxable","25":"purchasable","26":"product-type-simple"},"_links":{"self":[{"href":"https:\/\/depodanmusteriye.com\/urunler\/wp-json\/wp\/v2\/product\/205025","targetHints":{"allow":["GET"]}}],"collection":[{"href":"https:\/\/depodanmusteriye.com\/urunler\/wp-json\/wp\/v2\/product"}],"about":[{"href":"https:\/\/depodanmusteriye.com\/urunler\/wp-json\/wp\/v2\/types\/product"}],"replies":[{"embeddable":true,"href":"https:\/\/depodanmusteriye.com\/urunler\/wp-json\/wp\/v2\/comments?post=205025"}],"version-history":[{"count":0,"href":"https:\/\/depodanmusteriye.com\/urunler\/wp-json\/wp\/v2\/product\/205025\/revisions"}],"wp:featuredmedia":[{"embeddable":true,"href":"https:\/\/depodanmusteriye.com\/urunler\/wp-json\/wp\/v2\/media\/205020"}],"wp:attachment":[{"href":"https:\/\/depodanmusteriye.com\/urunler\/wp-json\/wp\/v2\/media?parent=205025"}],"wp:term":[{"taxonomy":"product_brand","embeddable":true,"href":"https:\/\/depodanmusteriye.com\/urunler\/wp-json\/wp\/v2\/product_brand?post=205025"},{"taxonomy":"product_cat","embeddable":true,"href":"https:\/\/depodanmusteriye.com\/urunler\/wp-json\/wp\/v2\/product_cat?post=205025"},{"taxonomy":"product_tag","embeddable":true,"href":"https:\/\/depodanmusteriye.com\/urunler\/wp-json\/wp\/v2\/product_tag?post=205025"}],"curies":[{"name":"wp","href":"https:\/\/api.w.org\/{rel}","templated":true}]}}