{"id":205013,"date":"2025-12-16T00:47:23","date_gmt":"2025-12-16T00:47:23","guid":{"rendered":"https:\/\/b2b.depodanmusteriye.com\/urun\/profesyonel-sac-ve-sakal-kesme-makinesi-sarjli-sessiz-motor-ayarlanabilir-tarak\/"},"modified":"2025-12-16T00:47:23","modified_gmt":"2025-12-16T00:47:23","slug":"profesyonel-sac-ve-sakal-kesme-makinesi-sarjli-sessiz-motor-ayarlanabilir-tarak","status":"publish","type":"product","link":"https:\/\/depodanmusteriye.com\/urunler\/urun\/profesyonel-sac-ve-sakal-kesme-makinesi-sarjli-sessiz-motor-ayarlanabilir-tarak\/","title":{"rendered":"Profesyonel Sa\u00e7 ve Sakal Kesme Makinesi \u2013 \u015earjl\u0131, Sessiz Motor, Ayarlanabilir Tarak"},"content":{"rendered":"<h4>Bu sa\u00e7 ve sakal kesme makinesi, hem evde hem de profesyonel kullan\u0131ma uygun olarak tasarlanm\u0131\u015ft\u0131r. G\u00fc\u00e7l\u00fc ve sessiz \u00e7al\u0131\u015fan motoru sayesinde, kesim s\u0131ras\u0131nda minimum sesle konforlu bir deneyim sunar. Ergonomik yap\u0131s\u0131 elinizde rahat tutu\u015f sa\u011flar ve uzun s\u00fcreli kullan\u0131mlarda bile yormaz. Y\u00fcksek kaliteli karbon \u00e7elik b\u0131\u00e7aklar\u0131, sa\u00e7lar\u0131 ve sakal\u0131 kolayca keserken \u00e7eki\u015f ve tak\u0131lma yapmaz, b\u00f6ylece p\u00fcr\u00fczs\u00fcz sonu\u00e7lar elde edebilirsiniz. Ayarlanabilir taraklar\u0131 sayesinde farkl\u0131 uzunluklarda kesim yapabilir, istedi\u011finiz stil ve g\u00f6r\u00fcn\u00fcm\u00fc kolayca yaratabilirsiniz. 1,5 saatlik \u015farj s\u00fcresi ile 120 dakikaya kadar kesim yapma imkan\u0131 sunar, b\u00f6ylece kesintisiz ve etkili kullan\u0131m\u0131 garanti eder. Dayan\u0131kl\u0131 metal g\u00f6vdesi uzun \u00f6m\u00fcrl\u00fcd\u00fcr ve \u015f\u0131k tasar\u0131m\u0131yla dikkat \u00e7eker. Kendi bak\u0131m\u0131n\u0131z\u0131 yapmak veya sevdiklerinize hediye etmek i\u00e7in ideal bir \u00fcr\u00fcnd\u00fcr. <\/p>\n<p><b>1 adet fiyat\u0131d\u0131r<\/b> <\/p>\n<p><p><b>\u00dcretici Markas\u0131 : ZERO LAND<\/b><\/p>\n<p><b>\u00dcretici Kodu : XUCZZZV071TIRA\u015eMMM2<\/b><\/p>\n<p><b>1 ADET F\u0130YATIDIR<\/b><\/p>\n<\/h4>\n<p><\/p>\n","protected":false},"excerpt":{"rendered":"<p>Profesyonel Sa\u00e7 ve Sakal Kesme Makinesi \u2013 \u015earjl\u0131, Sessiz Motor, Ayarlanabilir Tarak<\/p>\n","protected":false},"featured_media":205008,"comment_status":"open","ping_status":"closed","template":"","meta":[],"product_brand":[],"product_cat":[374,2200],"product_tag":[3334,3995,3446,1092,3984,2321,8905,3975,3973,1559,2104],"class_list":{"0":"post-205013","1":"product","2":"type-product","3":"status-publish","4":"has-post-thumbnail","6":"product_cat-mobil-aksesuar","7":"product_cat-tiras-makinesi-mobil-aksesuar","8":"product_tag-ayarlanabilir","9":"product_tag-kesme","10":"product_tag-makinesi","11":"product_tag-motor","12":"product_tag-profesyonel","13":"product_tag-sac","14":"product_tag-sakal","15":"product_tag-sarjli","16":"product_tag-sessiz","17":"product_tag-tarak","18":"product_tag-ve","20":"first","21":"instock","22":"taxable","23":"shipping-taxable","24":"purchasable","25":"product-type-simple"},"_links":{"self":[{"href":"https:\/\/depodanmusteriye.com\/urunler\/wp-json\/wp\/v2\/product\/205013","targetHints":{"allow":["GET"]}}],"collection":[{"href":"https:\/\/depodanmusteriye.com\/urunler\/wp-json\/wp\/v2\/product"}],"about":[{"href":"https:\/\/depodanmusteriye.com\/urunler\/wp-json\/wp\/v2\/types\/product"}],"replies":[{"embeddable":true,"href":"https:\/\/depodanmusteriye.com\/urunler\/wp-json\/wp\/v2\/comments?post=205013"}],"version-history":[{"count":0,"href":"https:\/\/depodanmusteriye.com\/urunler\/wp-json\/wp\/v2\/product\/205013\/revisions"}],"wp:featuredmedia":[{"embeddable":true,"href":"https:\/\/depodanmusteriye.com\/urunler\/wp-json\/wp\/v2\/media\/205008"}],"wp:attachment":[{"href":"https:\/\/depodanmusteriye.com\/urunler\/wp-json\/wp\/v2\/media?parent=205013"}],"wp:term":[{"taxonomy":"product_brand","embeddable":true,"href":"https:\/\/depodanmusteriye.com\/urunler\/wp-json\/wp\/v2\/product_brand?post=205013"},{"taxonomy":"product_cat","embeddable":true,"href":"https:\/\/depodanmusteriye.com\/urunler\/wp-json\/wp\/v2\/product_cat?post=205013"},{"taxonomy":"product_tag","embeddable":true,"href":"https:\/\/depodanmusteriye.com\/urunler\/wp-json\/wp\/v2\/product_tag?post=205013"}],"curies":[{"name":"wp","href":"https:\/\/api.w.org\/{rel}","templated":true}]}}