{"id":204995,"date":"2025-12-16T00:46:24","date_gmt":"2025-12-16T00:46:24","guid":{"rendered":"https:\/\/b2b.depodanmusteriye.com\/urun\/sac-ve-sakal-kesme-makinesi-sarjli-profesyonel-performans-ayarlanabilir-uzunluk\/"},"modified":"2025-12-16T00:46:24","modified_gmt":"2025-12-16T00:46:24","slug":"sac-ve-sakal-kesme-makinesi-sarjli-profesyonel-performans-ayarlanabilir-uzunluk","status":"publish","type":"product","link":"https:\/\/depodanmusteriye.com\/urunler\/urun\/sac-ve-sakal-kesme-makinesi-sarjli-profesyonel-performans-ayarlanabilir-uzunluk\/","title":{"rendered":"Sa\u00e7 ve Sakal Kesme Makinesi \u2013 \u015earjl\u0131, Profesyonel Performans, Ayarlanabilir Uzunluk"},"content":{"rendered":"<h4>G\u00fc\u00e7l\u00fc motoru ve kaliteli karbon \u00e7elik b\u0131\u00e7aklar\u0131 ile bu sa\u00e7 ve sakal kesme makinesi, h\u0131zl\u0131 ve hassas kesim yapman\u0131z\u0131 sa\u011flar. Sessiz \u00e7al\u0131\u015fmas\u0131 sayesinde rahat bir kullan\u0131m sunarken, ergonomik tasar\u0131m\u0131 uzun s\u00fcre elde tutmay\u0131 kolayla\u015ft\u0131r\u0131r. 1,5 saat \u015farj ile 120 dakika kesim s\u00fcresi sunan g\u00fc\u00e7l\u00fc lityum pili sayesinde kesintisiz kullanabilirsiniz. Ayarlanabilir taraklar\u0131 farkl\u0131 sa\u00e7 ve sakal uzunluklar\u0131 i\u00e7in uygundur, ki\u015fisel stilinizi kolayca olu\u015fturman\u0131za olanak tan\u0131r. Metal g\u00f6vdesi dayan\u0131kl\u0131l\u0131k sa\u011flar ve modern g\u00f6r\u00fcn\u00fcm\u00fcyle dikkat \u00e7eker. Evde ya da profesyonel kullan\u0131ma uygun, pratik ve \u015f\u0131k bir bak\u0131m arac\u0131d\u0131r. <\/p>\n<p><b>1 adet fiyat\u0131d\u0131r<\/b> <\/p>\n<p><p><b>\u00dcretici Markas\u0131 : ZERO LAND<\/b><\/p>\n<p><b>\u00dcretici Kodu : XUCZZZV071TIRA\u015eMMM4<\/b><\/p>\n<p><b>1 ADET F\u0130YATIDIR<\/b><\/p>\n<\/h4>\n<p><\/p>\n","protected":false},"excerpt":{"rendered":"<p>Sa\u00e7 ve Sakal Kesme Makinesi \u2013 \u015earjl\u0131, Profesyonel Performans, Ayarlanabilir Uzunluk<\/p>\n","protected":false},"featured_media":204990,"comment_status":"open","ping_status":"closed","template":"","meta":[],"product_brand":[],"product_cat":[374,2200],"product_tag":[3334,3995,3446,4205,3984,2321,8905,3975,2383,2104],"class_list":{"0":"post-204995","1":"product","2":"type-product","3":"status-publish","4":"has-post-thumbnail","6":"product_cat-mobil-aksesuar","7":"product_cat-tiras-makinesi-mobil-aksesuar","8":"product_tag-ayarlanabilir","9":"product_tag-kesme","10":"product_tag-makinesi","11":"product_tag-performans","12":"product_tag-profesyonel","13":"product_tag-sac","14":"product_tag-sakal","15":"product_tag-sarjli","16":"product_tag-uzunluk","17":"product_tag-ve","19":"first","20":"instock","21":"taxable","22":"shipping-taxable","23":"purchasable","24":"product-type-simple"},"_links":{"self":[{"href":"https:\/\/depodanmusteriye.com\/urunler\/wp-json\/wp\/v2\/product\/204995","targetHints":{"allow":["GET"]}}],"collection":[{"href":"https:\/\/depodanmusteriye.com\/urunler\/wp-json\/wp\/v2\/product"}],"about":[{"href":"https:\/\/depodanmusteriye.com\/urunler\/wp-json\/wp\/v2\/types\/product"}],"replies":[{"embeddable":true,"href":"https:\/\/depodanmusteriye.com\/urunler\/wp-json\/wp\/v2\/comments?post=204995"}],"version-history":[{"count":0,"href":"https:\/\/depodanmusteriye.com\/urunler\/wp-json\/wp\/v2\/product\/204995\/revisions"}],"wp:featuredmedia":[{"embeddable":true,"href":"https:\/\/depodanmusteriye.com\/urunler\/wp-json\/wp\/v2\/media\/204990"}],"wp:attachment":[{"href":"https:\/\/depodanmusteriye.com\/urunler\/wp-json\/wp\/v2\/media?parent=204995"}],"wp:term":[{"taxonomy":"product_brand","embeddable":true,"href":"https:\/\/depodanmusteriye.com\/urunler\/wp-json\/wp\/v2\/product_brand?post=204995"},{"taxonomy":"product_cat","embeddable":true,"href":"https:\/\/depodanmusteriye.com\/urunler\/wp-json\/wp\/v2\/product_cat?post=204995"},{"taxonomy":"product_tag","embeddable":true,"href":"https:\/\/depodanmusteriye.com\/urunler\/wp-json\/wp\/v2\/product_tag?post=204995"}],"curies":[{"name":"wp","href":"https:\/\/api.w.org\/{rel}","templated":true}]}}