{"id":204983,"date":"2025-12-16T00:45:47","date_gmt":"2025-12-16T00:45:47","guid":{"rendered":"https:\/\/b2b.depodanmusteriye.com\/urun\/profesyonel-erkek-sac-kesme-makinesi-dayanikli-ve-yuksek-performansli\/"},"modified":"2025-12-16T00:45:47","modified_gmt":"2025-12-16T00:45:47","slug":"profesyonel-erkek-sac-kesme-makinesi-dayanikli-ve-yuksek-performansli","status":"publish","type":"product","link":"https:\/\/depodanmusteriye.com\/urunler\/urun\/profesyonel-erkek-sac-kesme-makinesi-dayanikli-ve-yuksek-performansli\/","title":{"rendered":"Profesyonel Erkek Sa\u00e7 Kesme Makinesi \u2013 Dayan\u0131kl\u0131 ve Y\u00fcksek Performansl\u0131"},"content":{"rendered":"<h4>&nbsp;<\/p>\n<p>&nbsp;<\/p>\n<p>&nbsp;<\/p>\n<p>&nbsp;<\/p>\n<p>&nbsp;<\/p>\n<p>&nbsp;<br \/>\nBu profesyonel sa\u00e7 kesme makinesi, y\u00fcksek g\u00fc\u00e7l\u00fc motoru sayesinde uzun s\u00fcreli ve etkili kullan\u0131m sa\u011flar. Tamamen metal g\u00f6vdesi rahat bir tutu\u015f sunar ve ergonomik yap\u0131s\u0131 ile kullan\u0131m\u0131 kolayd\u0131r. 1,5 saat \u015farj ile 120 dakika kesim s\u00fcresi sunan y\u00fcksek performansl\u0131 lityum pil ile uzun s\u00fcre kesintisiz \u00e7al\u0131\u015fabilirsiniz. Karbon \u00e7elik kesim ba\u015fl\u0131\u011f\u0131, sa\u00e7lar\u0131 k\u0131rpmaz, s\u0131k\u0131\u015ft\u0131rmaz ve temiz kesim yapar. D\u00fc\u015f\u00fck frekansl\u0131 motor teknolojisi sayesinde gereksiz g\u00fcr\u00fclt\u00fcy\u00fc azalt\u0131r, b\u00f6ylece konforlu ve sessiz bir kullan\u0131m deneyimi ya\u015fars\u0131n\u0131z. Ayarlanabilir kesim uzunluklar\u0131yla farkl\u0131 stiller yaratmak m\u00fcmk\u00fcn olup, ince kesim b\u0131\u00e7aklar\u0131 sayesinde hassas ve profesyonel sonu\u00e7lar elde edebilirsiniz. Dayan\u0131kl\u0131 yap\u0131s\u0131 ve \u00fcst\u00fcn performans\u0131 ile hem ev kullan\u0131m\u0131 hem de profesyonel berberler i\u00e7in ideal bir tercihtir. Ayr\u0131ca sevdikleriniz i\u00e7in \u015f\u0131k ve kullan\u0131\u015fl\u0131 bir hediye se\u00e7ene\u011fi sunar.<br \/>\n&nbsp;<\/p>\n<p>&nbsp;<\/p>\n<p>&nbsp; <\/p>\n<p><b>1 adet fiyat\u0131d\u0131r<\/b> <\/p>\n<p><p><b>\u00dcretici Markas\u0131 : ZERO LAND<\/b><\/p>\n<p><b>\u00dcretici Kodu : XUCZZZV071TIRA\u015eMMM<\/b><\/p>\n<p><b>1 ADET F\u0130YATIDIR<\/b><\/p>\n<\/h4>\n<p><\/p>\n","protected":false},"excerpt":{"rendered":"<p>Profesyonel Erkek Sa\u00e7 Kesme Makinesi \u2013 Dayan\u0131kl\u0131 ve Y\u00fcksek Performansl\u0131<\/p>\n","protected":false},"featured_media":204978,"comment_status":"open","ping_status":"closed","template":"","meta":[],"product_brand":[],"product_cat":[374,2200],"product_tag":[3993,2092,3995,3446,13041,3984,2321,2104,2630],"class_list":{"0":"post-204983","1":"product","2":"type-product","3":"status-publish","4":"has-post-thumbnail","6":"product_cat-mobil-aksesuar","7":"product_cat-tiras-makinesi-mobil-aksesuar","8":"product_tag-dayanikli","9":"product_tag-erkek","10":"product_tag-kesme","11":"product_tag-makinesi","12":"product_tag-performansli","13":"product_tag-profesyonel","14":"product_tag-sac","15":"product_tag-ve","16":"product_tag-yuksek","18":"first","19":"instock","20":"taxable","21":"shipping-taxable","22":"purchasable","23":"product-type-simple"},"_links":{"self":[{"href":"https:\/\/depodanmusteriye.com\/urunler\/wp-json\/wp\/v2\/product\/204983","targetHints":{"allow":["GET"]}}],"collection":[{"href":"https:\/\/depodanmusteriye.com\/urunler\/wp-json\/wp\/v2\/product"}],"about":[{"href":"https:\/\/depodanmusteriye.com\/urunler\/wp-json\/wp\/v2\/types\/product"}],"replies":[{"embeddable":true,"href":"https:\/\/depodanmusteriye.com\/urunler\/wp-json\/wp\/v2\/comments?post=204983"}],"version-history":[{"count":0,"href":"https:\/\/depodanmusteriye.com\/urunler\/wp-json\/wp\/v2\/product\/204983\/revisions"}],"wp:featuredmedia":[{"embeddable":true,"href":"https:\/\/depodanmusteriye.com\/urunler\/wp-json\/wp\/v2\/media\/204978"}],"wp:attachment":[{"href":"https:\/\/depodanmusteriye.com\/urunler\/wp-json\/wp\/v2\/media?parent=204983"}],"wp:term":[{"taxonomy":"product_brand","embeddable":true,"href":"https:\/\/depodanmusteriye.com\/urunler\/wp-json\/wp\/v2\/product_brand?post=204983"},{"taxonomy":"product_cat","embeddable":true,"href":"https:\/\/depodanmusteriye.com\/urunler\/wp-json\/wp\/v2\/product_cat?post=204983"},{"taxonomy":"product_tag","embeddable":true,"href":"https:\/\/depodanmusteriye.com\/urunler\/wp-json\/wp\/v2\/product_tag?post=204983"}],"curies":[{"name":"wp","href":"https:\/\/api.w.org\/{rel}","templated":true}]}}