{"id":204641,"date":"2025-12-16T00:28:13","date_gmt":"2025-12-16T00:28:13","guid":{"rendered":"https:\/\/b2b.depodanmusteriye.com\/urun\/12-parca-yumusak-killi-makyaj-fircasi-seti-yuz-ve-goz-makyajina-uygun-profesyonel-kullanim-2\/"},"modified":"2025-12-16T00:28:13","modified_gmt":"2025-12-16T00:28:13","slug":"12-parca-yumusak-killi-makyaj-fircasi-seti-yuz-ve-goz-makyajina-uygun-profesyonel-kullanim-2","status":"publish","type":"product","link":"https:\/\/depodanmusteriye.com\/urunler\/urun\/12-parca-yumusak-killi-makyaj-fircasi-seti-yuz-ve-goz-makyajina-uygun-profesyonel-kullanim-2\/","title":{"rendered":"12 Par\u00e7a Yumu\u015fak K\u0131ll\u0131 Makyaj F\u0131r\u00e7as\u0131 Seti Y\u00fcz ve G\u00f6z Makyaj\u0131na Uygun Profesyonel Kullan\u0131m"},"content":{"rendered":"<h4>Bu 12 par\u00e7al\u0131 profesyonel makyaj f\u0131r\u00e7as\u0131 seti, hem yeni ba\u015flayanlar hem de makyaj konusunda deneyimli kullan\u0131c\u0131lar i\u00e7in kapsaml\u0131 bir \u00e7\u00f6z\u00fcmd\u00fcr. Set, kapat\u0131c\u0131dan kont\u00fcre, fond\u00f6tenden g\u00f6z far\u0131na kadar t\u00fcm makyaj a\u015famalar\u0131nda en iyi sonucu alman\u0131z i\u00e7in \u00f6zenle se\u00e7ilmi\u015f f\u0131r\u00e7alardan olu\u015fur. Her f\u0131r\u00e7a yumu\u015fak k\u0131llarla donat\u0131lm\u0131\u015f olup cilde nazik davran\u0131r, tahri\u015f etmez ve \u00fcr\u00fcnleri e\u015fit \u015fekilde da\u011f\u0131tarak do\u011fal bir g\u00f6r\u00fcn\u00fcm sa\u011flar. Ergonomik sap tasar\u0131m\u0131 sayesinde kolay kavran\u0131r ve el yormaz. Bu set, g\u00fcnl\u00fck makyajdan \u00f6zel g\u00fcn makyajlar\u0131na kadar her alanda kullan\u0131labilir.<br \/>\n&nbsp; <\/p>\n<p><b>1 adet fiyat\u0131d\u0131r<\/b> <\/p>\n<p><p><b>\u00dcretici Markas\u0131 : ZERO LAND<\/b><\/p>\n<p><b>\u00dcretici Kodu : XUCZZZ12PAR\u00c7AMAKYAJFIR\u00c7ASIIIIII<\/b><\/p>\n<p><b>1 ADET F\u0130YATIDIR<\/b><\/p>\n<\/h4>\n<p><\/p>\n","protected":false},"excerpt":{"rendered":"<p>12 Par\u00e7a Yumu\u015fak K\u0131ll\u0131 Makyaj F\u0131r\u00e7as\u0131 Seti Y\u00fcz ve G\u00f6z Makyaj\u0131na Uygun Profesyonel Kullan\u0131m<\/p>\n","protected":false},"featured_media":204636,"comment_status":"open","ping_status":"closed","template":"","meta":[],"product_brand":[],"product_cat":[371,439],"product_tag":[2097,1763,1938,4260,4182,2077,13962,2376,3984,1172,1397,2104,4259,2081],"class_list":{"0":"post-204641","1":"product","2":"type-product","3":"status-publish","4":"has-post-thumbnail","6":"product_cat-bijuteri-hediyelik","7":"product_cat-makyaj-fircasi","8":"product_tag-2097","9":"product_tag-fircasi","10":"product_tag-goz","11":"product_tag-killi","12":"product_tag-kullanim","13":"product_tag-makyaj","14":"product_tag-makyajina","15":"product_tag-parca","16":"product_tag-profesyonel","17":"product_tag-seti","18":"product_tag-uygun","19":"product_tag-ve","20":"product_tag-yumusak","21":"product_tag-yuz","23":"first","24":"instock","25":"taxable","26":"shipping-taxable","27":"purchasable","28":"product-type-simple"},"_links":{"self":[{"href":"https:\/\/depodanmusteriye.com\/urunler\/wp-json\/wp\/v2\/product\/204641","targetHints":{"allow":["GET"]}}],"collection":[{"href":"https:\/\/depodanmusteriye.com\/urunler\/wp-json\/wp\/v2\/product"}],"about":[{"href":"https:\/\/depodanmusteriye.com\/urunler\/wp-json\/wp\/v2\/types\/product"}],"replies":[{"embeddable":true,"href":"https:\/\/depodanmusteriye.com\/urunler\/wp-json\/wp\/v2\/comments?post=204641"}],"version-history":[{"count":0,"href":"https:\/\/depodanmusteriye.com\/urunler\/wp-json\/wp\/v2\/product\/204641\/revisions"}],"wp:featuredmedia":[{"embeddable":true,"href":"https:\/\/depodanmusteriye.com\/urunler\/wp-json\/wp\/v2\/media\/204636"}],"wp:attachment":[{"href":"https:\/\/depodanmusteriye.com\/urunler\/wp-json\/wp\/v2\/media?parent=204641"}],"wp:term":[{"taxonomy":"product_brand","embeddable":true,"href":"https:\/\/depodanmusteriye.com\/urunler\/wp-json\/wp\/v2\/product_brand?post=204641"},{"taxonomy":"product_cat","embeddable":true,"href":"https:\/\/depodanmusteriye.com\/urunler\/wp-json\/wp\/v2\/product_cat?post=204641"},{"taxonomy":"product_tag","embeddable":true,"href":"https:\/\/depodanmusteriye.com\/urunler\/wp-json\/wp\/v2\/product_tag?post=204641"}],"curies":[{"name":"wp","href":"https:\/\/api.w.org\/{rel}","templated":true}]}}