{"id":204629,"date":"2025-12-16T00:27:40","date_gmt":"2025-12-16T00:27:40","guid":{"rendered":"https:\/\/b2b.depodanmusteriye.com\/urun\/umusak-killi-estetik-tasarimli-13lu-makyaj-fircasi-seti-gunluk-ve-profesyonel-kullanim-2\/"},"modified":"2025-12-16T00:27:40","modified_gmt":"2025-12-16T00:27:40","slug":"umusak-killi-estetik-tasarimli-13lu-makyaj-fircasi-seti-gunluk-ve-profesyonel-kullanim-2","status":"publish","type":"product","link":"https:\/\/depodanmusteriye.com\/urunler\/urun\/umusak-killi-estetik-tasarimli-13lu-makyaj-fircasi-seti-gunluk-ve-profesyonel-kullanim-2\/","title":{"rendered":"umu\u015fak K\u0131ll\u0131 Estetik Tasar\u0131ml\u0131 13&#8217;l\u00fc Makyaj F\u0131r\u00e7as\u0131 Seti G\u00fcnl\u00fck ve Profesyonel Kullan\u0131m"},"content":{"rendered":"<h4>Makyaj uygulamalar\u0131nda hassas detaylara \u00f6nem verenler i\u00e7in \u00f6zel olarak tasarlanm\u0131\u015f bu set, 13 par\u00e7a farkl\u0131 f\u0131r\u00e7adan olu\u015fur. Fiber k\u0131llar\u0131n yo\u011fun ve p\u00fcr\u00fczs\u00fcz yap\u0131s\u0131, makyaj \u00fcr\u00fcnlerinin cilde kolayca uygulanmas\u0131n\u0131 sa\u011flar. Kont\u00fcr, pudra, far, ruj gibi \u00e7e\u015fitli \u00fcr\u00fcnleri e\u015fit \u015fekilde yayarak profesyonel bir g\u00f6r\u00fcn\u00fcm elde etmenizi sa\u011flar. Dayan\u0131kl\u0131 ABS saplar\u0131 ve ergonomik tasar\u0131m\u0131 sayesinde hem ev hem de seyahat kullan\u0131m\u0131na uygundur. Yumu\u015fak yap\u0131s\u0131 ciltte tahri\u015fe neden olmaz, her kullan\u0131mda do\u011fal ve p\u00fcr\u00fczs\u00fcz sonu\u00e7 verir. <\/p>\n<p><b>1 adet fiyat\u0131d\u0131r<\/b> <\/p>\n<p><p><b>\u00dcretici Markas\u0131 : ZERO LAND<\/b><\/p>\n<p><b>\u00dcretici Kodu : XUCZZZ13PAR\u00c7AMAKYAJFIR\u00c7ASET\u0130\u0130\u0130\u0130\u0130\u0130\u01305<\/b><\/p>\n<p><b>1 ADET F\u0130YATIDIR<\/b><\/p>\n<\/h4>\n<p><\/p>\n","protected":false},"excerpt":{"rendered":"<p>umu\u015fak K\u0131ll\u0131 Estetik Tasar\u0131ml\u0131 13&#8217;l\u00fc Makyaj F\u0131r\u00e7as\u0131 Seti G\u00fcnl\u00fck ve Profesyonel Kullan\u0131m<\/p>\n","protected":false},"featured_media":204624,"comment_status":"open","ping_status":"closed","template":"","meta":[],"product_brand":[],"product_cat":[371,439],"product_tag":[13964,13138,1763,4261,4260,4182,2077,3984,1172,3987,13963,2104],"class_list":{"0":"post-204629","1":"product","2":"type-product","3":"status-publish","4":"has-post-thumbnail","6":"product_cat-bijuteri-hediyelik","7":"product_cat-makyaj-fircasi","8":"product_tag-13lu","9":"product_tag-estetik","10":"product_tag-fircasi","11":"product_tag-gunluk","12":"product_tag-killi","13":"product_tag-kullanim","14":"product_tag-makyaj","15":"product_tag-profesyonel","16":"product_tag-seti","17":"product_tag-tasarimli","18":"product_tag-umusak","19":"product_tag-ve","21":"first","22":"instock","23":"taxable","24":"shipping-taxable","25":"purchasable","26":"product-type-simple"},"_links":{"self":[{"href":"https:\/\/depodanmusteriye.com\/urunler\/wp-json\/wp\/v2\/product\/204629","targetHints":{"allow":["GET"]}}],"collection":[{"href":"https:\/\/depodanmusteriye.com\/urunler\/wp-json\/wp\/v2\/product"}],"about":[{"href":"https:\/\/depodanmusteriye.com\/urunler\/wp-json\/wp\/v2\/types\/product"}],"replies":[{"embeddable":true,"href":"https:\/\/depodanmusteriye.com\/urunler\/wp-json\/wp\/v2\/comments?post=204629"}],"version-history":[{"count":0,"href":"https:\/\/depodanmusteriye.com\/urunler\/wp-json\/wp\/v2\/product\/204629\/revisions"}],"wp:featuredmedia":[{"embeddable":true,"href":"https:\/\/depodanmusteriye.com\/urunler\/wp-json\/wp\/v2\/media\/204624"}],"wp:attachment":[{"href":"https:\/\/depodanmusteriye.com\/urunler\/wp-json\/wp\/v2\/media?parent=204629"}],"wp:term":[{"taxonomy":"product_brand","embeddable":true,"href":"https:\/\/depodanmusteriye.com\/urunler\/wp-json\/wp\/v2\/product_brand?post=204629"},{"taxonomy":"product_cat","embeddable":true,"href":"https:\/\/depodanmusteriye.com\/urunler\/wp-json\/wp\/v2\/product_cat?post=204629"},{"taxonomy":"product_tag","embeddable":true,"href":"https:\/\/depodanmusteriye.com\/urunler\/wp-json\/wp\/v2\/product_tag?post=204629"}],"curies":[{"name":"wp","href":"https:\/\/api.w.org\/{rel}","templated":true}]}}