{"id":204617,"date":"2025-12-16T00:27:03","date_gmt":"2025-12-16T00:27:03","guid":{"rendered":"https:\/\/b2b.depodanmusteriye.com\/urun\/goz-fari-allik-fondoten-icin-uygun-13lu-makyaj-fircasi-seti-kompakt-tasarim-2\/"},"modified":"2025-12-16T00:27:03","modified_gmt":"2025-12-16T00:27:03","slug":"goz-fari-allik-fondoten-icin-uygun-13lu-makyaj-fircasi-seti-kompakt-tasarim-2","status":"publish","type":"product","link":"https:\/\/depodanmusteriye.com\/urunler\/urun\/goz-fari-allik-fondoten-icin-uygun-13lu-makyaj-fircasi-seti-kompakt-tasarim-2\/","title":{"rendered":"G\u00f6z Far\u0131 All\u0131k Fond\u00f6ten \u0130\u00e7in Uygun 13&#8217;l\u00fc Makyaj F\u0131r\u00e7as\u0131 Seti Kompakt Tasar\u0131m"},"content":{"rendered":"<h4>Bu pratik set, 13 farkl\u0131 f\u0131r\u00e7a se\u00e7ene\u011fiyle makyaj yaparken ihtiyac\u0131n\u0131z olan t\u00fcm ara\u00e7lar\u0131 tek pakette sunar. F\u0131r\u00e7a ba\u015fl\u0131klar\u0131n\u0131n yo\u011fun yap\u0131s\u0131 sayesinde far, pudra, kont\u00fcr, ayd\u0131nlat\u0131c\u0131 gibi \u00fcr\u00fcnlerin cilde homojen \u015fekilde uygulanmas\u0131n\u0131 sa\u011flar. Set, yumu\u015fak fiber k\u0131llar\u0131yla cildi tahri\u015f etmeden profesyonel sonu\u00e7 verir. Ta\u015f\u0131nabilir olu\u015fu sayesinde makyaj \u00e7antan\u0131za kolayca s\u0131\u011far, seyahatlerde yan\u0131n\u0131zda rahatl\u0131kla ta\u015f\u0131yabilirsiniz. Estetik g\u00f6r\u00fcn\u00fcm\u00fc ve fonksiyonelli\u011fiyle makyaj severler i\u00e7in ideal bir settir. <\/p>\n<p><b>1 adet fiyat\u0131d\u0131r<\/b> <\/p>\n<p><p><b>\u00dcretici Markas\u0131 : ZERO LAND<\/b><\/p>\n<p><b>\u00dcretici Kodu : XUCZZZ13PAR\u00c7AMAKYAJFIR\u00c7ASET\u0130\u0130\u0130\u0130\u0130\u0130\u01302<\/b><\/p>\n<p><b>1 ADET F\u0130YATIDIR<\/b><\/p>\n<\/h4>\n<p><\/p>\n","protected":false},"excerpt":{"rendered":"<p>G\u00f6z Far\u0131 All\u0131k Fond\u00f6ten \u0130\u00e7in Uygun 13&#8217;l\u00fc Makyaj F\u0131r\u00e7as\u0131 Seti Kompakt Tasar\u0131m<\/p>\n","protected":false},"featured_media":204612,"comment_status":"open","ping_status":"closed","template":"","meta":[],"product_brand":[],"product_cat":[371,439],"product_tag":[13964,4264,2246,1763,4263,1938,1853,3986,2077,1172,4035,1397],"class_list":{"0":"post-204617","1":"product","2":"type-product","3":"status-publish","4":"has-post-thumbnail","6":"product_cat-bijuteri-hediyelik","7":"product_cat-makyaj-fircasi","8":"product_tag-13lu","9":"product_tag-allik","10":"product_tag-fari","11":"product_tag-fircasi","12":"product_tag-fondoten","13":"product_tag-goz","14":"product_tag-icin","15":"product_tag-kompakt","16":"product_tag-makyaj","17":"product_tag-seti","18":"product_tag-tasarim","19":"product_tag-uygun","21":"first","22":"instock","23":"taxable","24":"shipping-taxable","25":"purchasable","26":"product-type-simple"},"_links":{"self":[{"href":"https:\/\/depodanmusteriye.com\/urunler\/wp-json\/wp\/v2\/product\/204617","targetHints":{"allow":["GET"]}}],"collection":[{"href":"https:\/\/depodanmusteriye.com\/urunler\/wp-json\/wp\/v2\/product"}],"about":[{"href":"https:\/\/depodanmusteriye.com\/urunler\/wp-json\/wp\/v2\/types\/product"}],"replies":[{"embeddable":true,"href":"https:\/\/depodanmusteriye.com\/urunler\/wp-json\/wp\/v2\/comments?post=204617"}],"version-history":[{"count":0,"href":"https:\/\/depodanmusteriye.com\/urunler\/wp-json\/wp\/v2\/product\/204617\/revisions"}],"wp:featuredmedia":[{"embeddable":true,"href":"https:\/\/depodanmusteriye.com\/urunler\/wp-json\/wp\/v2\/media\/204612"}],"wp:attachment":[{"href":"https:\/\/depodanmusteriye.com\/urunler\/wp-json\/wp\/v2\/media?parent=204617"}],"wp:term":[{"taxonomy":"product_brand","embeddable":true,"href":"https:\/\/depodanmusteriye.com\/urunler\/wp-json\/wp\/v2\/product_brand?post=204617"},{"taxonomy":"product_cat","embeddable":true,"href":"https:\/\/depodanmusteriye.com\/urunler\/wp-json\/wp\/v2\/product_cat?post=204617"},{"taxonomy":"product_tag","embeddable":true,"href":"https:\/\/depodanmusteriye.com\/urunler\/wp-json\/wp\/v2\/product_tag?post=204617"}],"curies":[{"name":"wp","href":"https:\/\/api.w.org\/{rel}","templated":true}]}}