{"id":204605,"date":"2025-12-16T00:26:27","date_gmt":"2025-12-16T00:26:27","guid":{"rendered":"https:\/\/b2b.depodanmusteriye.com\/urun\/13lu-fiber-killi-yumusak-makyaj-fircasi-seti-tasinabilir-ve-ergonomik-tasarim-2\/"},"modified":"2025-12-16T00:26:27","modified_gmt":"2025-12-16T00:26:27","slug":"13lu-fiber-killi-yumusak-makyaj-fircasi-seti-tasinabilir-ve-ergonomik-tasarim-2","status":"publish","type":"product","link":"https:\/\/depodanmusteriye.com\/urunler\/urun\/13lu-fiber-killi-yumusak-makyaj-fircasi-seti-tasinabilir-ve-ergonomik-tasarim-2\/","title":{"rendered":"13&#8217;l\u00fc Fiber K\u0131ll\u0131 Yumu\u015fak Makyaj F\u0131r\u00e7as\u0131 Seti Ta\u015f\u0131nabilir ve Ergonomik Tasar\u0131m"},"content":{"rendered":"<h4>Bu 13 par\u00e7al\u0131 makyaj f\u0131r\u00e7as\u0131 seti, hem g\u00fcnl\u00fck makyaj hem de \u00f6zel g\u00fcn uygulamalar\u0131 i\u00e7in ideal bir se\u00e7im sunar. Her biri farkl\u0131 kullan\u0131m amac\u0131na uygun olarak tasarlanm\u0131\u015f f\u0131r\u00e7alar sayesinde g\u00f6z makyaj\u0131ndan ten \u00fcr\u00fcnlerine kadar t\u00fcm detaylar\u0131 kusursuzca tamamlayabilirsiniz. F\u0131r\u00e7a k\u0131llar\u0131, cildi tahri\u015f etmeyen yumu\u015fak fiber malzemeden \u00fcretilmi\u015f olup y\u00fcksek toz tutma \u00f6zelli\u011fiyle makyaj \u00fcr\u00fcnlerinin homojen uygulanmas\u0131na yard\u0131mc\u0131 olur. Ergonomik tutma sap\u0131 sayesinde elden kaymaz, kullan\u0131m kolayl\u0131\u011f\u0131 sa\u011flar. Ta\u015f\u0131nabilir yap\u0131s\u0131 sayesinde \u00e7antan\u0131zda kolayl\u0131kla ta\u015f\u0131yabilir, seyahatlerde de yan\u0131n\u0131zda bulundurabilirsiniz. <\/p>\n<p><b>1 adet fiyat\u0131d\u0131r<\/b> <\/p>\n<p><p><b>\u00dcretici Markas\u0131 : ZERO LAND<\/b><\/p>\n<p><b>\u00dcretici Kodu : XUCZZZ13PAR\u00c7AMAKYAJFIR\u00c7ASET\u0130\u0130\u0130\u0130\u0130\u0130\u0130<\/b><\/p>\n<p><b>1 ADET F\u0130YATIDIR<\/b><\/p>\n<\/h4>\n<p><\/p>\n","protected":false},"excerpt":{"rendered":"<p>13&#8217;l\u00fc Fiber K\u0131ll\u0131 Yumu\u015fak Makyaj F\u0131r\u00e7as\u0131 Seti Ta\u015f\u0131nabilir ve Ergonomik Tasar\u0131m<\/p>\n","protected":false},"featured_media":204600,"comment_status":"open","ping_status":"closed","template":"","meta":[],"product_brand":[],"product_cat":[371,439],"product_tag":[13964,3992,3585,1763,4260,2077,1172,4035,2982,2104,4259],"class_list":{"0":"post-204605","1":"product","2":"type-product","3":"status-publish","4":"has-post-thumbnail","6":"product_cat-bijuteri-hediyelik","7":"product_cat-makyaj-fircasi","8":"product_tag-13lu","9":"product_tag-ergonomik","10":"product_tag-fiber","11":"product_tag-fircasi","12":"product_tag-killi","13":"product_tag-makyaj","14":"product_tag-seti","15":"product_tag-tasarim","16":"product_tag-tasinabilir","17":"product_tag-ve","18":"product_tag-yumusak","20":"first","21":"instock","22":"taxable","23":"shipping-taxable","24":"purchasable","25":"product-type-simple"},"_links":{"self":[{"href":"https:\/\/depodanmusteriye.com\/urunler\/wp-json\/wp\/v2\/product\/204605","targetHints":{"allow":["GET"]}}],"collection":[{"href":"https:\/\/depodanmusteriye.com\/urunler\/wp-json\/wp\/v2\/product"}],"about":[{"href":"https:\/\/depodanmusteriye.com\/urunler\/wp-json\/wp\/v2\/types\/product"}],"replies":[{"embeddable":true,"href":"https:\/\/depodanmusteriye.com\/urunler\/wp-json\/wp\/v2\/comments?post=204605"}],"version-history":[{"count":0,"href":"https:\/\/depodanmusteriye.com\/urunler\/wp-json\/wp\/v2\/product\/204605\/revisions"}],"wp:featuredmedia":[{"embeddable":true,"href":"https:\/\/depodanmusteriye.com\/urunler\/wp-json\/wp\/v2\/media\/204600"}],"wp:attachment":[{"href":"https:\/\/depodanmusteriye.com\/urunler\/wp-json\/wp\/v2\/media?parent=204605"}],"wp:term":[{"taxonomy":"product_brand","embeddable":true,"href":"https:\/\/depodanmusteriye.com\/urunler\/wp-json\/wp\/v2\/product_brand?post=204605"},{"taxonomy":"product_cat","embeddable":true,"href":"https:\/\/depodanmusteriye.com\/urunler\/wp-json\/wp\/v2\/product_cat?post=204605"},{"taxonomy":"product_tag","embeddable":true,"href":"https:\/\/depodanmusteriye.com\/urunler\/wp-json\/wp\/v2\/product_tag?post=204605"}],"curies":[{"name":"wp","href":"https:\/\/api.w.org\/{rel}","templated":true}]}}