{"id":204599,"date":"2025-12-16T00:26:09","date_gmt":"2025-12-16T00:26:09","guid":{"rendered":"https:\/\/b2b.depodanmusteriye.com\/urun\/tasinabilir-ergonomik-yapili-13-adet-fiber-killi-yuz-ve-goz-makyaj-fircasi-seti-2\/"},"modified":"2025-12-16T00:26:09","modified_gmt":"2025-12-16T00:26:09","slug":"tasinabilir-ergonomik-yapili-13-adet-fiber-killi-yuz-ve-goz-makyaj-fircasi-seti-2","status":"publish","type":"product","link":"https:\/\/depodanmusteriye.com\/urunler\/urun\/tasinabilir-ergonomik-yapili-13-adet-fiber-killi-yuz-ve-goz-makyaj-fircasi-seti-2\/","title":{"rendered":"Ta\u015f\u0131nabilir Ergonomik Yap\u0131l\u0131 13 Adet Fiber K\u0131ll\u0131 Y\u00fcz ve G\u00f6z Makyaj F\u0131r\u00e7as\u0131 Seti"},"content":{"rendered":"<h4>Bu 13\u2019l\u00fc makyaj f\u0131r\u00e7as\u0131 seti, g\u00fc\u00e7l\u00fc toz tutma \u00f6zelli\u011fine sahip yo\u011fun fiber k\u0131llar\u0131yla makyaj \u00fcr\u00fcnlerinin ciltte sabitlenmesine yard\u0131mc\u0131 olur. Farkl\u0131 boyutlardaki f\u0131r\u00e7alar, g\u00f6z makyaj\u0131, y\u00fcz \u015fekillendirme, kapat\u0131c\u0131 ve fond\u00f6ten uygulamalar\u0131 gibi bir\u00e7ok alanda kullan\u0131m kolayl\u0131\u011f\u0131 sunar. Hafif ve ta\u015f\u0131nabilir yap\u0131s\u0131, \u00e7antan\u0131zda ya da makyaj organizat\u00f6r\u00fcn\u00fczde yer kaplamadan saklanabilir. Ergonomik saplar\u0131 ise uzun s\u00fcreli kullan\u0131mlarda bile konfor sa\u011flar. <\/p>\n<p><b>1 adet fiyat\u0131d\u0131r<\/b> <\/p>\n<p><p><b>\u00dcretici Markas\u0131 : ZERO LAND<\/b><\/p>\n<p><b>\u00dcretici Kodu : XUCZZZ13PAR\u00c7AMAKYAJFIR\u00c7ASET\u0130\u0130\u0130\u0130\u0130\u0130\u01304<\/b><\/p>\n<p><b>1 ADET F\u0130YATIDIR<\/b><\/p>\n<\/h4>\n<p><\/p>\n","protected":false},"excerpt":{"rendered":"<p>Ta\u015f\u0131nabilir Ergonomik Yap\u0131l\u0131 13 Adet Fiber K\u0131ll\u0131 Y\u00fcz ve G\u00f6z Makyaj F\u0131r\u00e7as\u0131 Seti<\/p>\n","protected":false},"featured_media":204594,"comment_status":"open","ping_status":"closed","template":"","meta":[],"product_brand":[],"product_cat":[371,439],"product_tag":[1647,1301,3992,3585,1763,1938,4260,2077,1172,2982,2104,13965,2081],"class_list":{"0":"post-204599","1":"product","2":"type-product","3":"status-publish","4":"has-post-thumbnail","6":"product_cat-bijuteri-hediyelik","7":"product_cat-makyaj-fircasi","8":"product_tag-1647","9":"product_tag-adet","10":"product_tag-ergonomik","11":"product_tag-fiber","12":"product_tag-fircasi","13":"product_tag-goz","14":"product_tag-killi","15":"product_tag-makyaj","16":"product_tag-seti","17":"product_tag-tasinabilir","18":"product_tag-ve","19":"product_tag-yapili","20":"product_tag-yuz","22":"first","23":"instock","24":"taxable","25":"shipping-taxable","26":"purchasable","27":"product-type-simple"},"_links":{"self":[{"href":"https:\/\/depodanmusteriye.com\/urunler\/wp-json\/wp\/v2\/product\/204599","targetHints":{"allow":["GET"]}}],"collection":[{"href":"https:\/\/depodanmusteriye.com\/urunler\/wp-json\/wp\/v2\/product"}],"about":[{"href":"https:\/\/depodanmusteriye.com\/urunler\/wp-json\/wp\/v2\/types\/product"}],"replies":[{"embeddable":true,"href":"https:\/\/depodanmusteriye.com\/urunler\/wp-json\/wp\/v2\/comments?post=204599"}],"version-history":[{"count":0,"href":"https:\/\/depodanmusteriye.com\/urunler\/wp-json\/wp\/v2\/product\/204599\/revisions"}],"wp:featuredmedia":[{"embeddable":true,"href":"https:\/\/depodanmusteriye.com\/urunler\/wp-json\/wp\/v2\/media\/204594"}],"wp:attachment":[{"href":"https:\/\/depodanmusteriye.com\/urunler\/wp-json\/wp\/v2\/media?parent=204599"}],"wp:term":[{"taxonomy":"product_brand","embeddable":true,"href":"https:\/\/depodanmusteriye.com\/urunler\/wp-json\/wp\/v2\/product_brand?post=204599"},{"taxonomy":"product_cat","embeddable":true,"href":"https:\/\/depodanmusteriye.com\/urunler\/wp-json\/wp\/v2\/product_cat?post=204599"},{"taxonomy":"product_tag","embeddable":true,"href":"https:\/\/depodanmusteriye.com\/urunler\/wp-json\/wp\/v2\/product_tag?post=204599"}],"curies":[{"name":"wp","href":"https:\/\/api.w.org\/{rel}","templated":true}]}}