{"id":204593,"date":"2025-12-16T00:25:50","date_gmt":"2025-12-16T00:25:50","guid":{"rendered":"https:\/\/b2b.depodanmusteriye.com\/urun\/50000mah-led-gostergeli-tasinabilir-sarj-cihazi\/"},"modified":"2025-12-16T00:25:50","modified_gmt":"2025-12-16T00:25:50","slug":"50000mah-led-gostergeli-tasinabilir-sarj-cihazi","status":"publish","type":"product","link":"https:\/\/depodanmusteriye.com\/urunler\/urun\/50000mah-led-gostergeli-tasinabilir-sarj-cihazi\/","title":{"rendered":"50000mAh LED G\u00f6stergeli Ta\u015f\u0131nabilir \u015earj Cihaz\u0131"},"content":{"rendered":"<h4>50000mAh kapasiteye sahip bu ta\u015f\u0131nabilir \u015farj cihaz\u0131, y\u00fcksek performansl\u0131 PD 22.5W h\u0131zl\u0131 \u015farj teknolojisi sayesinde k\u0131sa s\u00fcrede maksimum g\u00fc\u00e7 sa\u011flar. Geli\u015fmi\u015f h\u0131zl\u0131 \u015farj protokolleri ile ak\u0131ll\u0131 cihazlar\u0131 eski modellere k\u0131yasla 3 kata kadar daha h\u0131zl\u0131 \u015farj eder. 20 dakikada %60\u2019a kadar dolum sa\u011flayabilir.<br \/>\n\u00dc\u00e7 farkl\u0131 giri\u015f (Type-C, Micro USB, Lightning) ve d\u00f6rt \u00e7\u0131k\u0131\u015f portu (USB1, USB2, USB3 ve \u00e7ift y\u00f6nl\u00fc Type-C) ile ayn\u0131 anda birden fazla cihaz\u0131 \u015farj edebilirsiniz. Powerbank\u2019in dijital LED ekran\u0131 kalan pil seviyesini net olarak g\u00f6sterirken, dahili LED kamp lambas\u0131 sayesinde karanl\u0131kta acil durumlarda ya da kamp alanlar\u0131nda \u0131\u015f\u0131k sa\u011flar.<br \/>\nA\u015f\u0131r\u0131 \u0131s\u0131nma, k\u0131sa devre, a\u015f\u0131r\u0131 ak\u0131m ve a\u015f\u0131r\u0131 \u015farj gibi risklere kar\u015f\u0131 \u00e7ok katmanl\u0131 g\u00fcvenlik sistemiyle donat\u0131lm\u0131\u015ft\u0131r. 50000mAh kapasitesiyle yaln\u0131zca telefonlar\u0131 de\u011fil; tablet, kulakl\u0131k, kamera, ta\u015f\u0131nabilir hoparl\u00f6r gibi bir\u00e7ok cihaz\u0131 da defalarca \u015farj etme imk\u00e2n\u0131 tan\u0131r. Uzun seyahatlerde, a\u00e7\u0131k hava etkinliklerinde ve elektrik kesintilerinde ideal bir enerji kayna\u011f\u0131d\u0131r. <\/p>\n<p><b>1 adet fiyat\u0131d\u0131r<\/b> <\/p>\n<p><p><b>\u00dcretici Markas\u0131 : ZERO LAND<\/b><\/p>\n<p><b>\u00dcretici Kodu : XUCZZZ50000MAHPOWERBANKKKKKK5<\/b><\/p>\n<p><b>1 ADET F\u0130YATIDIR<\/b><\/p>\n<\/h4>\n<p><\/p>\n","protected":false},"excerpt":{"rendered":"<p>50000mAh LED G\u00f6stergeli Ta\u015f\u0131nabilir \u015earj Cihaz\u0131<\/p>\n","protected":false},"featured_media":204588,"comment_status":"open","ping_status":"closed","template":"","meta":[],"product_brand":[],"product_cat":[374,459],"product_tag":[14799,2756,3444,2684,2755,2982],"class_list":{"0":"post-204593","1":"product","2":"type-product","3":"status-publish","4":"has-post-thumbnail","6":"product_cat-mobil-aksesuar","7":"product_cat-powerbank","8":"product_tag-50000mah","9":"product_tag-cihazi","10":"product_tag-gostergeli","11":"product_tag-led","12":"product_tag-sarj","13":"product_tag-tasinabilir","15":"first","16":"instock","17":"taxable","18":"shipping-taxable","19":"purchasable","20":"product-type-simple"},"_links":{"self":[{"href":"https:\/\/depodanmusteriye.com\/urunler\/wp-json\/wp\/v2\/product\/204593","targetHints":{"allow":["GET"]}}],"collection":[{"href":"https:\/\/depodanmusteriye.com\/urunler\/wp-json\/wp\/v2\/product"}],"about":[{"href":"https:\/\/depodanmusteriye.com\/urunler\/wp-json\/wp\/v2\/types\/product"}],"replies":[{"embeddable":true,"href":"https:\/\/depodanmusteriye.com\/urunler\/wp-json\/wp\/v2\/comments?post=204593"}],"version-history":[{"count":0,"href":"https:\/\/depodanmusteriye.com\/urunler\/wp-json\/wp\/v2\/product\/204593\/revisions"}],"wp:featuredmedia":[{"embeddable":true,"href":"https:\/\/depodanmusteriye.com\/urunler\/wp-json\/wp\/v2\/media\/204588"}],"wp:attachment":[{"href":"https:\/\/depodanmusteriye.com\/urunler\/wp-json\/wp\/v2\/media?parent=204593"}],"wp:term":[{"taxonomy":"product_brand","embeddable":true,"href":"https:\/\/depodanmusteriye.com\/urunler\/wp-json\/wp\/v2\/product_brand?post=204593"},{"taxonomy":"product_cat","embeddable":true,"href":"https:\/\/depodanmusteriye.com\/urunler\/wp-json\/wp\/v2\/product_cat?post=204593"},{"taxonomy":"product_tag","embeddable":true,"href":"https:\/\/depodanmusteriye.com\/urunler\/wp-json\/wp\/v2\/product_tag?post=204593"}],"curies":[{"name":"wp","href":"https:\/\/api.w.org\/{rel}","templated":true}]}}