{"id":204581,"date":"2025-12-16T00:25:11","date_gmt":"2025-12-16T00:25:11","guid":{"rendered":"https:\/\/b2b.depodanmusteriye.com\/urun\/lightning-ve-type-c-girisli-50000mah-powerbank\/"},"modified":"2025-12-16T00:25:11","modified_gmt":"2025-12-16T00:25:11","slug":"lightning-ve-type-c-girisli-50000mah-powerbank","status":"publish","type":"product","link":"https:\/\/depodanmusteriye.com\/urunler\/urun\/lightning-ve-type-c-girisli-50000mah-powerbank\/","title":{"rendered":"Lightning ve Type-C Giri\u015fli 50000mAh Powerbank"},"content":{"rendered":"<h4>Y\u00fcksek kapasitesi ve \u00e7ok y\u00f6nl\u00fc kullan\u0131m\u0131 ile bu powerbank,\u00a0 t\u00fcm telefon modelleriyle uyumlu \u00e7al\u0131\u015f\u0131r. Cihaz 20 dakikada %20\u2019den %60\u2019a kadar \u015farj etme kapasitesine sahiptir. LED dijital ekran ile \u015farj durumu s\u00fcrekli kontrol alt\u0131nda tutulabilir.<br \/>\nAyn\u0131 anda 4 cihaz\u0131 \u015farj edebilmeniz sayesinde hem kendinizin hem de sevdiklerinizin cihazlar\u0131n\u0131 payla\u015farak \u015farj edebilirsiniz. USB1\/USB2\/USB3 ve Type-C \u00e7\u0131k\u0131\u015flar\u0131 ile \u00e7oklu ba\u011flant\u0131 kolayla\u015f\u0131r.<br \/>\nEntegre LED kamp lambas\u0131 ve ak\u0131ll\u0131 g\u00fcvenlik sistemleri sayesinde do\u011fa y\u00fcr\u00fcy\u00fc\u015flerinde veya elektrik kesintilerinde de etkili bir \u00e7\u00f6z\u00fcm sunar. Kompakt boyutlar\u0131yla her yere ta\u015f\u0131yabilirsiniz. <\/p>\n<p><b>1 adet fiyat\u0131d\u0131r<\/b> <\/p>\n<p><p><b>\u00dcretici Markas\u0131 : ZERO LAND<\/b><\/p>\n<p><b>\u00dcretici Kodu : XUCZZZ50000MAHPOWERBANKKKKKK4<\/b><\/p>\n<p><b>1 ADET F\u0130YATIDIR<\/b><\/p>\n<\/h4>\n<p><\/p>\n","protected":false},"excerpt":{"rendered":"<p>Lightning ve Type-C Giri\u015fli 50000mAh Powerbank<\/p>\n","protected":false},"featured_media":204576,"comment_status":"open","ping_status":"closed","template":"","meta":[],"product_brand":[],"product_cat":[374,459],"product_tag":[14799,4082,3550,3593,1952,2104],"class_list":{"0":"post-204581","1":"product","2":"type-product","3":"status-publish","4":"has-post-thumbnail","6":"product_cat-mobil-aksesuar","7":"product_cat-powerbank","8":"product_tag-50000mah","9":"product_tag-girisli","10":"product_tag-lightning","11":"product_tag-powerbank","12":"product_tag-type-c","13":"product_tag-ve","15":"first","16":"instock","17":"taxable","18":"shipping-taxable","19":"purchasable","20":"product-type-simple"},"_links":{"self":[{"href":"https:\/\/depodanmusteriye.com\/urunler\/wp-json\/wp\/v2\/product\/204581","targetHints":{"allow":["GET"]}}],"collection":[{"href":"https:\/\/depodanmusteriye.com\/urunler\/wp-json\/wp\/v2\/product"}],"about":[{"href":"https:\/\/depodanmusteriye.com\/urunler\/wp-json\/wp\/v2\/types\/product"}],"replies":[{"embeddable":true,"href":"https:\/\/depodanmusteriye.com\/urunler\/wp-json\/wp\/v2\/comments?post=204581"}],"version-history":[{"count":0,"href":"https:\/\/depodanmusteriye.com\/urunler\/wp-json\/wp\/v2\/product\/204581\/revisions"}],"wp:featuredmedia":[{"embeddable":true,"href":"https:\/\/depodanmusteriye.com\/urunler\/wp-json\/wp\/v2\/media\/204576"}],"wp:attachment":[{"href":"https:\/\/depodanmusteriye.com\/urunler\/wp-json\/wp\/v2\/media?parent=204581"}],"wp:term":[{"taxonomy":"product_brand","embeddable":true,"href":"https:\/\/depodanmusteriye.com\/urunler\/wp-json\/wp\/v2\/product_brand?post=204581"},{"taxonomy":"product_cat","embeddable":true,"href":"https:\/\/depodanmusteriye.com\/urunler\/wp-json\/wp\/v2\/product_cat?post=204581"},{"taxonomy":"product_tag","embeddable":true,"href":"https:\/\/depodanmusteriye.com\/urunler\/wp-json\/wp\/v2\/product_tag?post=204581"}],"curies":[{"name":"wp","href":"https:\/\/api.w.org\/{rel}","templated":true}]}}