{"id":204569,"date":"2025-12-16T00:24:31","date_gmt":"2025-12-16T00:24:31","guid":{"rendered":"https:\/\/b2b.depodanmusteriye.com\/urun\/4-cihazi-ayni-anda-sarj-edebilen-guclu-powerbank-50000-mah\/"},"modified":"2025-12-16T00:24:31","modified_gmt":"2025-12-16T00:24:31","slug":"4-cihazi-ayni-anda-sarj-edebilen-guclu-powerbank-50000-mah","status":"publish","type":"product","link":"https:\/\/depodanmusteriye.com\/urunler\/urun\/4-cihazi-ayni-anda-sarj-edebilen-guclu-powerbank-50000-mah\/","title":{"rendered":"4 Cihaz\u0131 Ayn\u0131 Anda \u015earj Edebilen G\u00fc\u00e7l\u00fc Powerbank 50000 mAh"},"content":{"rendered":"<h4>Y\u00fcksek kapasiteli 50000mAh ta\u015f\u0131nabilir \u015farj cihaz\u0131, yo\u011fun kullan\u0131mda bile uzun s\u00fcre dayan\u0131r. \u00d6zellikle seyahatlerde ve a\u00e7\u0131k hava etkinliklerinde uzun s\u00fcreli enerji ihtiyac\u0131n\u0131z\u0131 kar\u015f\u0131lar. Dijital ekran sayesinde kalan \u015farj miktar\u0131n\u0131 anl\u0131k olarak takip edebilirsiniz.<br \/>\n\u00dcr\u00fcn 4 \u00e7\u0131k\u0131\u015f ve 3 giri\u015f portu ile donat\u0131lm\u0131\u015ft\u0131r. USB1, USB2, USB3 ve Type-C \u00e7\u0131k\u0131\u015flar ile telefon, tablet, kulakl\u0131k ve daha bir\u00e7ok cihaz ayn\u0131 anda \u015farj edilebilir. Type-C portu hem giri\u015f hem \u00e7\u0131k\u0131\u015f olarak kullan\u0131labilir.<br \/>\nEntegre LED fener, kamp, y\u00fcr\u00fcy\u00fc\u015f ve acil durumlarda kullan\u0131labilecek g\u00fc\u00e7l\u00fc bir \u0131\u015f\u0131k kayna\u011f\u0131 sunar. A\u015f\u0131r\u0131 \u0131s\u0131nmaya kar\u015f\u0131 kontrol sistemi ve k\u0131sa devre korumas\u0131 ile cihazlar\u0131n\u0131z\u0131 g\u00fcvenle \u015farj edebilirsiniz.<br \/>\n&nbsp; <\/p>\n<p><b>1 adet fiyat\u0131d\u0131r<\/b> <\/p>\n<p><p><b>\u00dcretici Markas\u0131 : ZERO LAND<\/b><\/p>\n<p><b>\u00dcretici Kodu : XUCZZZ50000MAHPOWERBANKKKKKK2<\/b><\/p>\n<p><b>1 ADET F\u0130YATIDIR<\/b><\/p>\n<\/h4>\n<p><\/p>\n","protected":false},"excerpt":{"rendered":"<p>4 Cihaz\u0131 Ayn\u0131 Anda \u015earj Edebilen G\u00fc\u00e7l\u00fc Powerbank 50000 mAh<\/p>\n","protected":false},"featured_media":204564,"comment_status":"open","ping_status":"closed","template":"","meta":[],"product_brand":[],"product_cat":[374,459],"product_tag":[1058,14800,13317,13316,2756,13755,4038,3595,3593,2755],"class_list":{"0":"post-204569","1":"product","2":"type-product","3":"status-publish","4":"has-post-thumbnail","6":"product_cat-mobil-aksesuar","7":"product_cat-powerbank","8":"product_tag-1058","9":"product_tag-14800","10":"product_tag-anda","11":"product_tag-ayni","12":"product_tag-cihazi","13":"product_tag-edebilen","14":"product_tag-guclu","15":"product_tag-mah","16":"product_tag-powerbank","17":"product_tag-sarj","19":"first","20":"instock","21":"taxable","22":"shipping-taxable","23":"purchasable","24":"product-type-simple"},"_links":{"self":[{"href":"https:\/\/depodanmusteriye.com\/urunler\/wp-json\/wp\/v2\/product\/204569","targetHints":{"allow":["GET"]}}],"collection":[{"href":"https:\/\/depodanmusteriye.com\/urunler\/wp-json\/wp\/v2\/product"}],"about":[{"href":"https:\/\/depodanmusteriye.com\/urunler\/wp-json\/wp\/v2\/types\/product"}],"replies":[{"embeddable":true,"href":"https:\/\/depodanmusteriye.com\/urunler\/wp-json\/wp\/v2\/comments?post=204569"}],"version-history":[{"count":0,"href":"https:\/\/depodanmusteriye.com\/urunler\/wp-json\/wp\/v2\/product\/204569\/revisions"}],"wp:featuredmedia":[{"embeddable":true,"href":"https:\/\/depodanmusteriye.com\/urunler\/wp-json\/wp\/v2\/media\/204564"}],"wp:attachment":[{"href":"https:\/\/depodanmusteriye.com\/urunler\/wp-json\/wp\/v2\/media?parent=204569"}],"wp:term":[{"taxonomy":"product_brand","embeddable":true,"href":"https:\/\/depodanmusteriye.com\/urunler\/wp-json\/wp\/v2\/product_brand?post=204569"},{"taxonomy":"product_cat","embeddable":true,"href":"https:\/\/depodanmusteriye.com\/urunler\/wp-json\/wp\/v2\/product_cat?post=204569"},{"taxonomy":"product_tag","embeddable":true,"href":"https:\/\/depodanmusteriye.com\/urunler\/wp-json\/wp\/v2\/product_tag?post=204569"}],"curies":[{"name":"wp","href":"https:\/\/api.w.org\/{rel}","templated":true}]}}