{"id":204551,"date":"2025-12-16T00:23:32","date_gmt":"2025-12-16T00:23:32","guid":{"rendered":"https:\/\/b2b.depodanmusteriye.com\/urun\/bluetooth-v5-0-parmak-dokunmatik-kontrol-kablosuz-kulaklik-sarj-kutulu-model\/"},"modified":"2025-12-16T00:23:32","modified_gmt":"2025-12-16T00:23:32","slug":"bluetooth-v5-0-parmak-dokunmatik-kontrol-kablosuz-kulaklik-sarj-kutulu-model","status":"publish","type":"product","link":"https:\/\/depodanmusteriye.com\/urunler\/urun\/bluetooth-v5-0-parmak-dokunmatik-kontrol-kablosuz-kulaklik-sarj-kutulu-model\/","title":{"rendered":"Bluetooth V5.0 Parmak Dokunmatik Kontrol Kablosuz Kulakl\u0131k \u015earj Kutulu Model"},"content":{"rendered":"<h4>Bu kulakl\u0131k seti, Bluetooth V5.0 ba\u011flant\u0131s\u0131 ve 10 metre iletim mesafesi sayesinde sabit ve h\u0131zl\u0131 ses aktar\u0131m\u0131 sunar. Parmak izi dokunmatik kontrol paneli, ses seviyesi, \u00e7al\/pausa ve \u00e7a\u011fr\u0131 fonksiyonlar\u0131n\u0131 h\u0131zl\u0131 \u015fekilde y\u00f6netmenizi sa\u011flar.<br \/>\nHer bir kulakl\u0131\u011f\u0131n 40\u202fmAh pil \u00f6mr\u00fc, tek \u015farjda 3\u20134 saat kullan\u0131m imk\u00e2n\u0131 verirken, 1800\u202fmAh \u015farj kutusu, toplamda 16\u201317 saat \u00e7al\u0131\u015fma s\u00fcresi ve harici cihaz \u015farj deste\u011fi sa\u011flar. \u00dcr\u00fcn toplamda yakla\u015f\u0131k 115\u202fg a\u011f\u0131rl\u0131\u011f\u0131ndad\u0131r ve ta\u015f\u0131nmas\u0131 kolayd\u0131r.<br \/>\nABS malzeme, kulakl\u0131\u011fa d\u00fc\u015fme veya darbelere kar\u015f\u0131 dayan\u0131kl\u0131l\u0131k kazand\u0131r\u0131r. Kutudan \u00e7\u0131kan \u00e7ift farkl\u0131 boy silikon u\u00e7, kulak\u0131n\u0131za en uygun konforu sunar. Her t\u00fcrl\u00fc 12V\/24V cihazla uyumlu de\u011fildir, ancak t\u00fcm pop\u00fcler telefon ve tablet modellerinde \u00e7al\u0131\u015f\u0131r. <\/p>\n<p><b>1 adet fiyat\u0131d\u0131r<\/b> <\/p>\n<p><p><b>\u00dcretici Markas\u0131 : ZERO LAND<\/b><\/p>\n<p><b>\u00dcretici Kodu : XUCZZZA10SKULAKLIKKKKKK3<\/b><\/p>\n<p><b>1 ADET F\u0130YATIDIR<\/b><\/p>\n<\/h4>\n<p><\/p>\n","protected":false},"excerpt":{"rendered":"<p>Bluetooth V5.0 Parmak Dokunmatik Kontrol Kablosuz Kulakl\u0131k \u015earj Kutulu Model<\/p>\n","protected":false},"featured_media":204546,"comment_status":"open","ping_status":"closed","template":"","meta":[],"product_brand":[],"product_cat":[494,374],"product_tag":[3605,1985,1640,2615,1641,5220,2360,2755,13638],"class_list":{"0":"post-204551","1":"product","2":"type-product","3":"status-publish","4":"has-post-thumbnail","6":"product_cat-kulak-ici-tws-bluetooth-kulaklik","7":"product_cat-mobil-aksesuar","8":"product_tag-bluetooth","9":"product_tag-dokunmatik","10":"product_tag-kablosuz","11":"product_tag-kontrol","12":"product_tag-kulaklik","13":"product_tag-kutulu","14":"product_tag-parmak","15":"product_tag-sarj","16":"product_tag-v5-0","18":"first","19":"instock","20":"taxable","21":"shipping-taxable","22":"purchasable","23":"product-type-simple"},"_links":{"self":[{"href":"https:\/\/depodanmusteriye.com\/urunler\/wp-json\/wp\/v2\/product\/204551","targetHints":{"allow":["GET"]}}],"collection":[{"href":"https:\/\/depodanmusteriye.com\/urunler\/wp-json\/wp\/v2\/product"}],"about":[{"href":"https:\/\/depodanmusteriye.com\/urunler\/wp-json\/wp\/v2\/types\/product"}],"replies":[{"embeddable":true,"href":"https:\/\/depodanmusteriye.com\/urunler\/wp-json\/wp\/v2\/comments?post=204551"}],"version-history":[{"count":0,"href":"https:\/\/depodanmusteriye.com\/urunler\/wp-json\/wp\/v2\/product\/204551\/revisions"}],"wp:featuredmedia":[{"embeddable":true,"href":"https:\/\/depodanmusteriye.com\/urunler\/wp-json\/wp\/v2\/media\/204546"}],"wp:attachment":[{"href":"https:\/\/depodanmusteriye.com\/urunler\/wp-json\/wp\/v2\/media?parent=204551"}],"wp:term":[{"taxonomy":"product_brand","embeddable":true,"href":"https:\/\/depodanmusteriye.com\/urunler\/wp-json\/wp\/v2\/product_brand?post=204551"},{"taxonomy":"product_cat","embeddable":true,"href":"https:\/\/depodanmusteriye.com\/urunler\/wp-json\/wp\/v2\/product_cat?post=204551"},{"taxonomy":"product_tag","embeddable":true,"href":"https:\/\/depodanmusteriye.com\/urunler\/wp-json\/wp\/v2\/product_tag?post=204551"}],"curies":[{"name":"wp","href":"https:\/\/api.w.org\/{rel}","templated":true}]}}