{"id":204545,"date":"2025-12-16T00:23:13","date_gmt":"2025-12-16T00:23:13","guid":{"rendered":"https:\/\/b2b.depodanmusteriye.com\/urun\/10-metre-cekim-mesafeli-hafif-tasarimli-bluetooth-kulaklik-ve-sarj-kutusu-seti\/"},"modified":"2025-12-16T00:23:13","modified_gmt":"2025-12-16T00:23:13","slug":"10-metre-cekim-mesafeli-hafif-tasarimli-bluetooth-kulaklik-ve-sarj-kutusu-seti","status":"publish","type":"product","link":"https:\/\/depodanmusteriye.com\/urunler\/urun\/10-metre-cekim-mesafeli-hafif-tasarimli-bluetooth-kulaklik-ve-sarj-kutusu-seti\/","title":{"rendered":"10 Metre \u00c7ekim Mesafeli Hafif Tasar\u0131ml\u0131 Bluetooth Kulakl\u0131k ve \u015earj Kutusu Seti"},"content":{"rendered":"<h4>Bluetooth V5.0 teknolojisi ile desteklenen bu kulakl\u0131k, 10 metre menzile kadar net ve kararl\u0131 ses iletimi sa\u011flar. Parmak izi dokunmatik y\u00fczey, sade ve sezgisel bir kullan\u0131m deneyimi sunar; fiziksel tu\u015f kalabal\u0131\u011f\u0131n\u0131 ortadan kald\u0131r\u0131r.<br \/>\nKulakl\u0131\u011f\u0131n her biri 40\u202fmAh pil kapasitesine sahiptir ve ortalama 3\u20134 saat kullan\u0131m sunar. 1800\u202fmAh kapasiteye sahip \u015farj kutusu, kulakl\u0131klar\u0131 defalarca \u015farj eder ve ek olarak ak\u0131ll\u0131 telefonlar\u0131 da destekler. B\u00f6ylece toplam pil \u00f6mr\u00fc 16\u201317 saati bulur.<br \/>\nHafif tasar\u0131m\u0131 (115\u202fg) sayesinde uzun s\u00fcre kullan\u0131mda bile rahatt\u0131r. ABS plastik malzeme, darbelere kar\u015f\u0131 dayan\u0131kl\u0131l\u0131\u011f\u0131 artt\u0131r\u0131r. Kutu i\u00e7eri\u011fi: 2 kulakl\u0131k, 1 \u015farj kutusu, 2 \u00e7ift silikon u\u00e7 ve 1 USB \u015farj kablosu. <\/p>\n<p><b>1 adet fiyat\u0131d\u0131r<\/b> <\/p>\n<p><p><b>\u00dcretici Markas\u0131 : ZERO LAND<\/b><\/p>\n<p><b>\u00dcretici Kodu : XUCZZZA10SKULAKLIKKKKKK4<\/b><\/p>\n<p><b>1 ADET F\u0130YATIDIR<\/b><\/p>\n<\/h4>\n<p><\/p>\n","protected":false},"excerpt":{"rendered":"<p>10 Metre \u00c7ekim Mesafeli Hafif Tasar\u0131ml\u0131 Bluetooth Kulakl\u0131k ve \u015earj Kutusu Seti<\/p>\n","protected":false},"featured_media":204540,"comment_status":"open","ping_status":"closed","template":"","meta":[],"product_brand":[],"product_cat":[494,374],"product_tag":[3605,13084,3996,1641,2594,13392,1982,2755,1172,3987,2104],"class_list":{"0":"post-204545","1":"product","2":"type-product","3":"status-publish","4":"has-post-thumbnail","6":"product_cat-kulak-ici-tws-bluetooth-kulaklik","7":"product_cat-mobil-aksesuar","8":"product_tag-bluetooth","9":"product_tag-cekim","10":"product_tag-hafif","11":"product_tag-kulaklik","12":"product_tag-kutusu","13":"product_tag-mesafeli","14":"product_tag-metre","15":"product_tag-sarj","16":"product_tag-seti","17":"product_tag-tasarimli","18":"product_tag-ve","20":"first","21":"instock","22":"taxable","23":"shipping-taxable","24":"purchasable","25":"product-type-simple"},"_links":{"self":[{"href":"https:\/\/depodanmusteriye.com\/urunler\/wp-json\/wp\/v2\/product\/204545","targetHints":{"allow":["GET"]}}],"collection":[{"href":"https:\/\/depodanmusteriye.com\/urunler\/wp-json\/wp\/v2\/product"}],"about":[{"href":"https:\/\/depodanmusteriye.com\/urunler\/wp-json\/wp\/v2\/types\/product"}],"replies":[{"embeddable":true,"href":"https:\/\/depodanmusteriye.com\/urunler\/wp-json\/wp\/v2\/comments?post=204545"}],"version-history":[{"count":0,"href":"https:\/\/depodanmusteriye.com\/urunler\/wp-json\/wp\/v2\/product\/204545\/revisions"}],"wp:featuredmedia":[{"embeddable":true,"href":"https:\/\/depodanmusteriye.com\/urunler\/wp-json\/wp\/v2\/media\/204540"}],"wp:attachment":[{"href":"https:\/\/depodanmusteriye.com\/urunler\/wp-json\/wp\/v2\/media?parent=204545"}],"wp:term":[{"taxonomy":"product_brand","embeddable":true,"href":"https:\/\/depodanmusteriye.com\/urunler\/wp-json\/wp\/v2\/product_brand?post=204545"},{"taxonomy":"product_cat","embeddable":true,"href":"https:\/\/depodanmusteriye.com\/urunler\/wp-json\/wp\/v2\/product_cat?post=204545"},{"taxonomy":"product_tag","embeddable":true,"href":"https:\/\/depodanmusteriye.com\/urunler\/wp-json\/wp\/v2\/product_tag?post=204545"}],"curies":[{"name":"wp","href":"https:\/\/api.w.org\/{rel}","templated":true}]}}