{"id":204539,"date":"2025-12-16T00:22:56","date_gmt":"2025-12-16T00:22:56","guid":{"rendered":"https:\/\/b2b.depodanmusteriye.com\/urun\/abs-govdeli-hafif-ve-uzun-omurlu-bluetooth-kulaklik\/"},"modified":"2025-12-16T00:22:56","modified_gmt":"2025-12-16T00:22:56","slug":"abs-govdeli-hafif-ve-uzun-omurlu-bluetooth-kulaklik","status":"publish","type":"product","link":"https:\/\/depodanmusteriye.com\/urunler\/urun\/abs-govdeli-hafif-ve-uzun-omurlu-bluetooth-kulaklik\/","title":{"rendered":"ABS G\u00f6vdeli, Hafif ve Uzun \u00d6m\u00fcrl\u00fc Bluetooth Kulakl\u0131k"},"content":{"rendered":"<h4>Bu Bluetooth kulakl\u0131k seti, V5.0 protokol\u00fc ile g\u00fc\u00e7l\u00fc ve stabil ba\u011flant\u0131 sa\u011flar; sinyal 10 metreye kadar kesilmeden iletilir. Y\u00fcksek ba\u011flant\u0131 h\u0131z\u0131, sesli arama ve videoda gecikmeyi minimize eder. Parmak izi alg\u0131layan dokunmatik y\u00fczeyi sayesinde kullan\u0131c\u0131 dostudur ve fonksiyonlar aras\u0131nda kolay ge\u00e7i\u015f sa\u011flar.<br \/>\nHer kulakl\u0131k 40\u202fmAh kapasiteye sahiptir ve tek \u015farjla 3\u20134 saat dinleme s\u00fcresi veriyor. \u015earj kutusu, y\u00fcksek kapasiteli 1800\u202fmAh pile sahiptir ve kulakl\u0131klar\u0131 yeniden \u015farj etti\u011fi gibi telefon \u015farj edebilir. Toplamda 16\u201317 saat kullan\u0131m m\u00fcmk\u00fcn.<br \/>\nKutu; 2 kulakl\u0131k, 1 \u015farj kutusu, 2 \u00e7ift silikon u\u00e7 ve 1 USB \u015farj kablosu i\u00e7erir. Hafif ve kompakt tasar\u0131m\u0131yla seyahat, y\u00fcr\u00fcy\u00fc\u015f, spor gibi etkinliklerde rahatl\u0131k sa\u011flar. ABS g\u00f6vde, darbelere kar\u015f\u0131 dayan\u0131kl\u0131d\u0131r. <\/p>\n<p><b>1 adet fiyat\u0131d\u0131r<\/b> <\/p>\n<p><p><b>\u00dcretici Markas\u0131 : ZERO LAND<\/b><\/p>\n<p><b>\u00dcretici Kodu : XUCZZZA10SKULAKLIKKKKKK1<\/b><\/p>\n<p><b>1 ADET F\u0130YATIDIR<\/b><\/p>\n<\/h4>\n<p><\/p>\n","protected":false},"excerpt":{"rendered":"<p>ABS G\u00f6vdeli, Hafif ve Uzun \u00d6m\u00fcrl\u00fc Bluetooth Kulakl\u0131k<\/p>\n","protected":false},"featured_media":204534,"comment_status":"open","ping_status":"closed","template":"","meta":[],"product_brand":[],"product_cat":[494,374],"product_tag":[9441,3605,3994,3996,1641,4187,2357,2104],"class_list":{"0":"post-204539","1":"product","2":"type-product","3":"status-publish","4":"has-post-thumbnail","6":"product_cat-kulak-ici-tws-bluetooth-kulaklik","7":"product_cat-mobil-aksesuar","8":"product_tag-abs","9":"product_tag-bluetooth","10":"product_tag-govdeli","11":"product_tag-hafif","12":"product_tag-kulaklik","13":"product_tag-omurlu","14":"product_tag-uzun","15":"product_tag-ve","17":"first","18":"instock","19":"taxable","20":"shipping-taxable","21":"purchasable","22":"product-type-simple"},"_links":{"self":[{"href":"https:\/\/depodanmusteriye.com\/urunler\/wp-json\/wp\/v2\/product\/204539","targetHints":{"allow":["GET"]}}],"collection":[{"href":"https:\/\/depodanmusteriye.com\/urunler\/wp-json\/wp\/v2\/product"}],"about":[{"href":"https:\/\/depodanmusteriye.com\/urunler\/wp-json\/wp\/v2\/types\/product"}],"replies":[{"embeddable":true,"href":"https:\/\/depodanmusteriye.com\/urunler\/wp-json\/wp\/v2\/comments?post=204539"}],"version-history":[{"count":0,"href":"https:\/\/depodanmusteriye.com\/urunler\/wp-json\/wp\/v2\/product\/204539\/revisions"}],"wp:featuredmedia":[{"embeddable":true,"href":"https:\/\/depodanmusteriye.com\/urunler\/wp-json\/wp\/v2\/media\/204534"}],"wp:attachment":[{"href":"https:\/\/depodanmusteriye.com\/urunler\/wp-json\/wp\/v2\/media?parent=204539"}],"wp:term":[{"taxonomy":"product_brand","embeddable":true,"href":"https:\/\/depodanmusteriye.com\/urunler\/wp-json\/wp\/v2\/product_brand?post=204539"},{"taxonomy":"product_cat","embeddable":true,"href":"https:\/\/depodanmusteriye.com\/urunler\/wp-json\/wp\/v2\/product_cat?post=204539"},{"taxonomy":"product_tag","embeddable":true,"href":"https:\/\/depodanmusteriye.com\/urunler\/wp-json\/wp\/v2\/product_tag?post=204539"}],"curies":[{"name":"wp","href":"https:\/\/api.w.org\/{rel}","templated":true}]}}