{"id":204137,"date":"2025-12-16T00:01:38","date_gmt":"2025-12-16T00:01:38","guid":{"rendered":"https:\/\/b2b.depodanmusteriye.com\/urun\/cok-amacli-sarjli-sac-sakal-kesme-makinesi-profesyonel-ve-sessiz-performans\/"},"modified":"2025-12-16T00:01:38","modified_gmt":"2025-12-16T00:01:38","slug":"cok-amacli-sarjli-sac-sakal-kesme-makinesi-profesyonel-ve-sessiz-performans","status":"publish","type":"product","link":"https:\/\/depodanmusteriye.com\/urunler\/urun\/cok-amacli-sarjli-sac-sakal-kesme-makinesi-profesyonel-ve-sessiz-performans\/","title":{"rendered":"\u00c7ok Ama\u00e7l\u0131 \u015earjl\u0131 Sa\u00e7 &amp; Sakal Kesme Makinesi \u2013 Profesyonel ve Sessiz Performans"},"content":{"rendered":"<h4>Art\u0131k kuaf\u00f6re gitmeye gerek kalmadan, istedi\u011finiz sa\u00e7 ve sakal stilini evde olu\u015fturabilirsiniz. Bu \u00e7ok ama\u00e7l\u0131 \u015farjl\u0131 sa\u00e7 &amp; sakal kesme makinesi, profesyonel d\u00fczeyde kesim performans\u0131 sunar. G\u00fc\u00e7l\u00fc motoru sayesinde tak\u0131lma yapmadan kesim sa\u011flar, sessiz \u00e7al\u0131\u015fma \u00f6zelli\u011fiyle \u00e7evreyi rahats\u0131z etmeden kullan\u0131labilir. \u00dcstelik kompakt ve hafif yap\u0131s\u0131yla her yerde kolayca ta\u015f\u0131nabilir. Evde konforlu, h\u0131zl\u0131 ve hijyenik bak\u0131m i\u00e7in ideal bir \u00e7\u00f6z\u00fcmd\u00fcr. <\/p>\n<p><b>1 adet fiyat\u0131d\u0131r<\/b> <\/p>\n<p><p><b>\u00dcretici Markas\u0131 : ZERO LAND<\/b><\/p>\n<p><b>\u00dcretici Kodu : XUCZHK3150TIRA\u015eMMMM<\/b><\/p>\n<p><b>1 ADET F\u0130YATIDIR<\/b><\/p>\n<\/h4>\n<p><\/p>\n","protected":false},"excerpt":{"rendered":"<p>\u00c7ok Ama\u00e7l\u0131 \u015earjl\u0131 Sa\u00e7 &amp; Sakal Kesme Makinesi \u2013 Profesyonel ve Sessiz Performans<\/p>\n","protected":false},"featured_media":204132,"comment_status":"open","ping_status":"closed","template":"","meta":[],"product_brand":[],"product_cat":[374,2200],"product_tag":[13057,4047,3995,3446,4205,3984,2321,8905,3975,3973,2104],"class_list":{"0":"post-204137","1":"product","2":"type-product","3":"status-publish","4":"has-post-thumbnail","6":"product_cat-mobil-aksesuar","7":"product_cat-tiras-makinesi-mobil-aksesuar","8":"product_tag-amacli","9":"product_tag-cok","10":"product_tag-kesme","11":"product_tag-makinesi","12":"product_tag-performans","13":"product_tag-profesyonel","14":"product_tag-sac","15":"product_tag-sakal","16":"product_tag-sarjli","17":"product_tag-sessiz","18":"product_tag-ve","20":"first","21":"instock","22":"taxable","23":"shipping-taxable","24":"purchasable","25":"product-type-simple"},"_links":{"self":[{"href":"https:\/\/depodanmusteriye.com\/urunler\/wp-json\/wp\/v2\/product\/204137","targetHints":{"allow":["GET"]}}],"collection":[{"href":"https:\/\/depodanmusteriye.com\/urunler\/wp-json\/wp\/v2\/product"}],"about":[{"href":"https:\/\/depodanmusteriye.com\/urunler\/wp-json\/wp\/v2\/types\/product"}],"replies":[{"embeddable":true,"href":"https:\/\/depodanmusteriye.com\/urunler\/wp-json\/wp\/v2\/comments?post=204137"}],"version-history":[{"count":0,"href":"https:\/\/depodanmusteriye.com\/urunler\/wp-json\/wp\/v2\/product\/204137\/revisions"}],"wp:featuredmedia":[{"embeddable":true,"href":"https:\/\/depodanmusteriye.com\/urunler\/wp-json\/wp\/v2\/media\/204132"}],"wp:attachment":[{"href":"https:\/\/depodanmusteriye.com\/urunler\/wp-json\/wp\/v2\/media?parent=204137"}],"wp:term":[{"taxonomy":"product_brand","embeddable":true,"href":"https:\/\/depodanmusteriye.com\/urunler\/wp-json\/wp\/v2\/product_brand?post=204137"},{"taxonomy":"product_cat","embeddable":true,"href":"https:\/\/depodanmusteriye.com\/urunler\/wp-json\/wp\/v2\/product_cat?post=204137"},{"taxonomy":"product_tag","embeddable":true,"href":"https:\/\/depodanmusteriye.com\/urunler\/wp-json\/wp\/v2\/product_tag?post=204137"}],"curies":[{"name":"wp","href":"https:\/\/api.w.org\/{rel}","templated":true}]}}