{"id":204125,"date":"2025-12-16T00:01:00","date_gmt":"2025-12-16T00:01:00","guid":{"rendered":"https:\/\/b2b.depodanmusteriye.com\/urun\/s05-spor-kulakligi-kemik-iletimli-kulak-kanalini-tikamayan-yapi\/"},"modified":"2025-12-16T00:01:00","modified_gmt":"2025-12-16T00:01:00","slug":"s05-spor-kulakligi-kemik-iletimli-kulak-kanalini-tikamayan-yapi","status":"publish","type":"product","link":"https:\/\/depodanmusteriye.com\/urunler\/urun\/s05-spor-kulakligi-kemik-iletimli-kulak-kanalini-tikamayan-yapi\/","title":{"rendered":"S05 Spor Kulakl\u0131\u011f\u0131 \u2013 Kemik \u0130letimli, Kulak Kanal\u0131n\u0131 T\u0131kamayan Yap\u0131"},"content":{"rendered":"<h4>Spor yaparken sadece m\u00fczikle de\u011fil, \u00e7evrenizle de ba\u011flant\u0131n\u0131z\u0131 korumak isterseniz, S05 tam size g\u00f6re. Kulak kanal\u0131n\u0131 t\u0131kamayan kemik iletimli yap\u0131s\u0131 sayesinde d\u0131\u015f sesleri de duyabilir, ko\u015fu s\u0131ras\u0131nda yakla\u015fan bir arac\u0131 ya da bisiklet s\u00fcrerken \u00e7evre seslerini fark edebilirsiniz. Bu da \u00f6zellikle \u015fehirde spor yapan kullan\u0131c\u0131lar i\u00e7in b\u00fcy\u00fck bir g\u00fcvenlik avantaj\u0131 sunar.<\/p>\n<p>S05, kula\u011f\u0131 tamamen saran de\u011fil, kula\u011fa oturan ve silikon u\u00e7larla desteklenen ergonomik yap\u0131s\u0131 sayesinde her kulak tipine uyum sa\u011flar. K\u00fc\u00e7\u00fck kulak yap\u0131s\u0131na sahip bireylerde bile rahats\u0131zl\u0131k yaratmaz, uzun s\u00fcreli kullan\u0131mda bile konforlu kal\u0131r. Egzersiz s\u0131ras\u0131nda terleme, sars\u0131nt\u0131 ya da aniden yap\u0131lan hareketlerde bile yerinden oynamaz.<\/p>\n<p>Cihaz\u0131n g\u00f6vdesinde kullan\u0131lan hafif PC + ABS malzeme, kulakta bask\u0131 yapmadan stabil kalmas\u0131n\u0131 sa\u011flarken, IPX4 sertifikas\u0131 sayesinde suya ve tere kar\u015f\u0131 diren\u00e7lidir. Bu \u00f6zellikler, S05\u2019i a\u00e7\u0131k hava aktiviteleri i\u00e7in ideal hale getiriyor.<\/p>\n<p>Bluetooth ba\u011flant\u0131s\u0131 sayesinde telefonunuza kolayca e\u015fle\u015fir ve kablosuz m\u00fczik keyfi sunar. S05 ile spor s\u0131ras\u0131nda hem m\u00fczik dinleyin hem \u00e7evrenizden kopmay\u0131n. <\/p>\n<p><b>1 adet fiyat\u0131d\u0131r<\/b> <\/p>\n<p><p><b>\u00dcretici Markas\u0131 : ZERO LAND<\/b><\/p>\n<p><b>\u00dcretici Kodu : XUCZZZS05KULAKLIK4<\/b><\/p>\n<p><b>1 ADET F\u0130YATIDIR<\/b><\/p>\n<\/h4>\n<p><\/p>\n","protected":false},"excerpt":{"rendered":"<p>S05 Spor Kulakl\u0131\u011f\u0131 \u2013 Kemik \u0130letimli, Kulak Kanal\u0131n\u0131 T\u0131kamayan Yap\u0131<\/p>\n","protected":false},"featured_media":204120,"comment_status":"open","ping_status":"closed","template":"","meta":[],"product_brand":[],"product_cat":[494,374],"product_tag":[14107,14770,1651,1638,3601,9469,2804,14771,13859],"class_list":{"0":"post-204125","1":"product","2":"type-product","3":"status-publish","4":"has-post-thumbnail","6":"product_cat-kulak-ici-tws-bluetooth-kulaklik","7":"product_cat-mobil-aksesuar","8":"product_tag-iletimli","9":"product_tag-kanalini","10":"product_tag-kemik","11":"product_tag-kulak","12":"product_tag-kulakligi","13":"product_tag-s05","14":"product_tag-spor","15":"product_tag-tikamayan","16":"product_tag-yapi","18":"first","19":"instock","20":"taxable","21":"shipping-taxable","22":"purchasable","23":"product-type-simple"},"_links":{"self":[{"href":"https:\/\/depodanmusteriye.com\/urunler\/wp-json\/wp\/v2\/product\/204125","targetHints":{"allow":["GET"]}}],"collection":[{"href":"https:\/\/depodanmusteriye.com\/urunler\/wp-json\/wp\/v2\/product"}],"about":[{"href":"https:\/\/depodanmusteriye.com\/urunler\/wp-json\/wp\/v2\/types\/product"}],"replies":[{"embeddable":true,"href":"https:\/\/depodanmusteriye.com\/urunler\/wp-json\/wp\/v2\/comments?post=204125"}],"version-history":[{"count":0,"href":"https:\/\/depodanmusteriye.com\/urunler\/wp-json\/wp\/v2\/product\/204125\/revisions"}],"wp:featuredmedia":[{"embeddable":true,"href":"https:\/\/depodanmusteriye.com\/urunler\/wp-json\/wp\/v2\/media\/204120"}],"wp:attachment":[{"href":"https:\/\/depodanmusteriye.com\/urunler\/wp-json\/wp\/v2\/media?parent=204125"}],"wp:term":[{"taxonomy":"product_brand","embeddable":true,"href":"https:\/\/depodanmusteriye.com\/urunler\/wp-json\/wp\/v2\/product_brand?post=204125"},{"taxonomy":"product_cat","embeddable":true,"href":"https:\/\/depodanmusteriye.com\/urunler\/wp-json\/wp\/v2\/product_cat?post=204125"},{"taxonomy":"product_tag","embeddable":true,"href":"https:\/\/depodanmusteriye.com\/urunler\/wp-json\/wp\/v2\/product_tag?post=204125"}],"curies":[{"name":"wp","href":"https:\/\/api.w.org\/{rel}","templated":true}]}}