{"id":204119,"date":"2025-12-16T00:00:40","date_gmt":"2025-12-16T00:00:40","guid":{"rendered":"https:\/\/b2b.depodanmusteriye.com\/urun\/kulak-arkasi-bluetooth-kulaklik-gurultu-azaltma\/"},"modified":"2025-12-16T00:00:40","modified_gmt":"2025-12-16T00:00:40","slug":"kulak-arkasi-bluetooth-kulaklik-gurultu-azaltma","status":"publish","type":"product","link":"https:\/\/depodanmusteriye.com\/urunler\/urun\/kulak-arkasi-bluetooth-kulaklik-gurultu-azaltma\/","title":{"rendered":"kulak arkas\u0131  Bluetooth Kulakl\u0131k, G\u00fcr\u00fclt\u00fc Azaltma"},"content":{"rendered":"<h4>Kompakt \u015farj kutusu cebinize veya \u00e7antan\u0131za kolayca s\u0131\u011far, kulakl\u0131klar\u0131n\u0131z\u0131 g\u00fcn boyu yan\u0131n\u0131zda ta\u015f\u0131yabilir ve diledi\u011finiz an \u015farj edebilirsiniz.Dayan\u0131kl\u0131 PC + ABS g\u00f6vde uzun \u00f6m\u00fcrl\u00fc kullan\u0131m sa\u011flar. Hafif yap\u0131s\u0131 sayesinde kulakta bask\u0131 olu\u015fturmaz ve uzun s\u00fcreli kullan\u0131mlarda bile rahats\u0131z etmez.\u015e\u0131k ve minimal tasar\u0131m\u0131yla her ortama uyum sa\u011flar. <\/p>\n<p><b>1 adet fiyat\u0131d\u0131r<\/b> <\/p>\n<p><p><b>\u00dcretici Markas\u0131 : ZERO LAND<\/b><\/p>\n<p><b>\u00dcretici Kodu : XUCZZZS05KULAKLIK<\/b><\/p>\n<p><b>1 ADET F\u0130YATIDIR<\/b><\/p>\n<\/h4>\n<p><\/p>\n","protected":false},"excerpt":{"rendered":"<p>kulak arkas\u0131  Bluetooth Kulakl\u0131k, G\u00fcr\u00fclt\u00fc Azaltma<\/p>\n","protected":false},"featured_media":204114,"comment_status":"open","ping_status":"closed","template":"","meta":[],"product_brand":[],"product_cat":[494,374],"product_tag":[1472,13044,3605,9196,1638,1641],"class_list":{"0":"post-204119","1":"product","2":"type-product","3":"status-publish","4":"has-post-thumbnail","6":"product_cat-kulak-ici-tws-bluetooth-kulaklik","7":"product_cat-mobil-aksesuar","8":"product_tag-arkasi","9":"product_tag-azaltma","10":"product_tag-bluetooth","11":"product_tag-gurultu","12":"product_tag-kulak","13":"product_tag-kulaklik","15":"first","16":"instock","17":"taxable","18":"shipping-taxable","19":"purchasable","20":"product-type-simple"},"_links":{"self":[{"href":"https:\/\/depodanmusteriye.com\/urunler\/wp-json\/wp\/v2\/product\/204119","targetHints":{"allow":["GET"]}}],"collection":[{"href":"https:\/\/depodanmusteriye.com\/urunler\/wp-json\/wp\/v2\/product"}],"about":[{"href":"https:\/\/depodanmusteriye.com\/urunler\/wp-json\/wp\/v2\/types\/product"}],"replies":[{"embeddable":true,"href":"https:\/\/depodanmusteriye.com\/urunler\/wp-json\/wp\/v2\/comments?post=204119"}],"version-history":[{"count":0,"href":"https:\/\/depodanmusteriye.com\/urunler\/wp-json\/wp\/v2\/product\/204119\/revisions"}],"wp:featuredmedia":[{"embeddable":true,"href":"https:\/\/depodanmusteriye.com\/urunler\/wp-json\/wp\/v2\/media\/204114"}],"wp:attachment":[{"href":"https:\/\/depodanmusteriye.com\/urunler\/wp-json\/wp\/v2\/media?parent=204119"}],"wp:term":[{"taxonomy":"product_brand","embeddable":true,"href":"https:\/\/depodanmusteriye.com\/urunler\/wp-json\/wp\/v2\/product_brand?post=204119"},{"taxonomy":"product_cat","embeddable":true,"href":"https:\/\/depodanmusteriye.com\/urunler\/wp-json\/wp\/v2\/product_cat?post=204119"},{"taxonomy":"product_tag","embeddable":true,"href":"https:\/\/depodanmusteriye.com\/urunler\/wp-json\/wp\/v2\/product_tag?post=204119"}],"curies":[{"name":"wp","href":"https:\/\/api.w.org\/{rel}","templated":true}]}}