{"id":204071,"date":"2025-12-15T23:58:07","date_gmt":"2025-12-15T23:58:07","guid":{"rendered":"https:\/\/b2b.depodanmusteriye.com\/urun\/cocuklar-ve-yetiskinler-icin-uygun-500-oyunlu-tasinabilir-mini-retro-el-konsolu\/"},"modified":"2025-12-15T23:58:07","modified_gmt":"2025-12-15T23:58:07","slug":"cocuklar-ve-yetiskinler-icin-uygun-500-oyunlu-tasinabilir-mini-retro-el-konsolu","status":"publish","type":"product","link":"https:\/\/depodanmusteriye.com\/urunler\/urun\/cocuklar-ve-yetiskinler-icin-uygun-500-oyunlu-tasinabilir-mini-retro-el-konsolu\/","title":{"rendered":"\u00c7ocuklar ve Yeti\u015fkinler \u0130\u00e7in Uygun 500 Oyunlu Ta\u015f\u0131nabilir Mini Retro El Konsolu"},"content":{"rendered":"<h4>Oyun tutkunlar\u0131 i\u00e7in en zor \u015feylerden biri de tek bir cihazda bir\u00e7ok oyunu bulabilmektir. \u0130\u015fte tam da bu noktada 500-in-1 Retro El Konsolu devreye giriyor. \u0130\u00e7inde y\u00fckl\u00fc gelen 500 oyun ile e\u011flenceye doymak m\u00fcmk\u00fcn. Klasik platform oyunlar\u0131ndan bulmacalara, d\u00f6v\u00fc\u015f oyunlar\u0131ndan yar\u0131\u015flara kadar pek \u00e7ok t\u00fcrde oyun i\u00e7erir.<br \/>\n\u00c7ocukken oynad\u0131\u011f\u0131n\u0131z, sevdi\u011finiz t\u00fcm oyunlar burada. F1 R, Super Mario benzeri platform oyunlar\u0131, Contra, Adventure Island gibi efsaneler bir arada. Her ya\u015fa, her zevke uygun bir oyun mutlaka var. Yeni nesil karma\u015f\u0131k grafiklere ihtiya\u00e7 duymadan sade ve e\u011flenceli bir oyun deneyimi ya\u015famak isteyen herkes i\u00e7in ideal.<br \/>\nBu cihaz, yaln\u0131zca oyun de\u011fil; ayn\u0131 zamanda e\u011fitimsel fayda da sa\u011flayabilir. Problem \u00e7\u00f6zme yetene\u011fini geli\u015ftiren bulmacalar, strateji oyunlar\u0131 ve refleksleri kuvvetlendiren aksiyon oyunlar\u0131yla \u00e7ocuklar i\u00e7in de faydal\u0131d\u0131r. Zihin geli\u015fimini destekleyen bu oyunlar sayesinde e\u011flence ile \u00f6\u011frenme bir arada olabilir.<br \/>\nAyr\u0131ca cihaz\u0131n batarya \u00f6mr\u00fc olduk\u00e7a iyidir. Uzun yolculuklar i\u00e7in ideal bir arkada\u015f olur. S\u0131k\u0131lmadan vakit ge\u00e7irebilir, favori oyunlar\u0131n\u0131z\u0131 tekrar tekrar oynayabilirsiniz. Men\u00fc sistemi sade, oyun se\u00e7imi kolayd\u0131r. Hi\u00e7 teknik bilgiye ihtiya\u00e7 duymadan an\u0131nda oyuna ba\u015flanabilir.<br \/>\nK\u0131sacas\u0131, bu konsol sadece oyun oynamak de\u011fil, ayn\u0131 zamanda an\u0131 biriktirmek isteyen herkes i\u00e7in harika bir cihazd\u0131r. E\u011flenceli, kapsaml\u0131 ve kullan\u0131c\u0131 dostu. <\/p>\n<p><b>1 adet fiyat\u0131d\u0131r<\/b> <\/p>\n<p><p><b>\u00dcretici Markas\u0131 : ZERO LAND<\/b><\/p>\n<p><b>\u00dcretici Kodu : XUCZZZS10SUPPP2<\/b><\/p>\n<p><b>1 ADET F\u0130YATIDIR<\/b><\/p>\n<\/h4>\n<p><\/p>\n","protected":false},"excerpt":{"rendered":"<p>\u00c7ocuklar ve Yeti\u015fkinler \u0130\u00e7in Uygun 500 Oyunlu Ta\u015f\u0131nabilir Mini Retro El Konsolu<\/p>\n","protected":false},"featured_media":204066,"comment_status":"open","ping_status":"closed","template":"","meta":[],"product_brand":[],"product_cat":[379,725],"product_tag":[2836,4081,2059,1853,3998,2265,4167,1963,2982,1397,2104,8585],"class_list":{"0":"post-204071","1":"product","2":"type-product","3":"status-publish","4":"has-post-thumbnail","6":"product_cat-ev-yasam","7":"product_cat-psp-and-vita-oyunu","8":"product_tag-2836","9":"product_tag-cocuklar","10":"product_tag-el","11":"product_tag-icin","12":"product_tag-konsolu","13":"product_tag-mini","14":"product_tag-oyunlu","15":"product_tag-retro","16":"product_tag-tasinabilir","17":"product_tag-uygun","18":"product_tag-ve","19":"product_tag-yetiskinler","21":"first","22":"instock","23":"taxable","24":"shipping-taxable","25":"purchasable","26":"product-type-simple"},"_links":{"self":[{"href":"https:\/\/depodanmusteriye.com\/urunler\/wp-json\/wp\/v2\/product\/204071","targetHints":{"allow":["GET"]}}],"collection":[{"href":"https:\/\/depodanmusteriye.com\/urunler\/wp-json\/wp\/v2\/product"}],"about":[{"href":"https:\/\/depodanmusteriye.com\/urunler\/wp-json\/wp\/v2\/types\/product"}],"replies":[{"embeddable":true,"href":"https:\/\/depodanmusteriye.com\/urunler\/wp-json\/wp\/v2\/comments?post=204071"}],"version-history":[{"count":0,"href":"https:\/\/depodanmusteriye.com\/urunler\/wp-json\/wp\/v2\/product\/204071\/revisions"}],"wp:featuredmedia":[{"embeddable":true,"href":"https:\/\/depodanmusteriye.com\/urunler\/wp-json\/wp\/v2\/media\/204066"}],"wp:attachment":[{"href":"https:\/\/depodanmusteriye.com\/urunler\/wp-json\/wp\/v2\/media?parent=204071"}],"wp:term":[{"taxonomy":"product_brand","embeddable":true,"href":"https:\/\/depodanmusteriye.com\/urunler\/wp-json\/wp\/v2\/product_brand?post=204071"},{"taxonomy":"product_cat","embeddable":true,"href":"https:\/\/depodanmusteriye.com\/urunler\/wp-json\/wp\/v2\/product_cat?post=204071"},{"taxonomy":"product_tag","embeddable":true,"href":"https:\/\/depodanmusteriye.com\/urunler\/wp-json\/wp\/v2\/product_tag?post=204071"}],"curies":[{"name":"wp","href":"https:\/\/api.w.org\/{rel}","templated":true}]}}