{"id":203837,"date":"2025-12-15T23:46:44","date_gmt":"2025-12-15T23:46:44","guid":{"rendered":"https:\/\/b2b.depodanmusteriye.com\/urun\/elektrikli-money-gun-oyuncak-parti-tabancasi-2\/"},"modified":"2025-12-15T23:46:44","modified_gmt":"2025-12-15T23:46:44","slug":"elektrikli-money-gun-oyuncak-parti-tabancasi-2","status":"publish","type":"product","link":"https:\/\/depodanmusteriye.com\/urunler\/urun\/elektrikli-money-gun-oyuncak-parti-tabancasi-2\/","title":{"rendered":"Elektrikli Money Gun Oyuncak Parti Tabancas\u0131"},"content":{"rendered":"<h4>bu para atan oyuncak, e\u011flenceyi katlamak ve ortama enerji katmak isteyenler i\u00e7in \u00f6zel olarak \u00fcretilmi\u015ftir.\u00a0 dolar boyutundaki k\u00e2\u011f\u0131tlar\u0131 h\u0131zl\u0131 ve kolay bir \u015fekilde f\u0131rlat\u0131r. \u00d6zellikle sosyal medya i\u00e7eriklerinde veya video \u00e7ekimlerinde g\u00f6rsel bir efekt olarak da kullan\u0131labilir.<br \/>\n3 adet AA pil ile \u00e7al\u0131\u015f\u0131r. \u015earj gerektirmez. \u00dcr\u00fcnle birlikte gelen 130 adet sahte para sayesinde do\u011frudan kullan\u0131ma haz\u0131rd\u0131r. Dayan\u0131kl\u0131 plastik malzeme sayesinde uzun s\u00fcreli kullan\u0131m sunar.<br \/>\nKapa\u011f\u0131 do\u011fru \u015fekilde bast\u0131rarak ve silah\u0131 yukar\u0131ya tutarak kullan\u0131ld\u0131\u011f\u0131nda m\u00fckemmel bir performans sa\u011flar. Sahte paralar\u0131n kolay \u00e7\u0131k\u0131\u015f\u0131 i\u00e7in tabancan\u0131n d\u00fcz veya yukar\u0131 e\u011fimli tutulmas\u0131 \u00f6nerilir. T\u00fcm e\u011flenceli etkinlikler i\u00e7in vazge\u00e7ilmez bir oyuncakt\u0131r. <\/p>\n<p><b>1 adet fiyat\u0131d\u0131r<\/b> <\/p>\n<p><p><b>\u00dcretici Markas\u0131 : ZERO LAND<\/b><\/p>\n<p><b>\u00dcretici Kodu : XUCZZZSUPERGUNNNN1<\/b><\/p>\n<p><b>1 ADET F\u0130YATIDIR<\/b><\/p>\n<\/h4>\n<p><\/p>\n","protected":false},"excerpt":{"rendered":"<p>Elektrikli Money Gun Oyuncak Parti Tabancas\u0131<\/p>\n","protected":false},"featured_media":203832,"comment_status":"open","ping_status":"closed","template":"","meta":[],"product_brand":[],"product_cat":[808,379],"product_tag":[1312,4333,13941,1499,2309,3982],"class_list":{"0":"post-203837","1":"product","2":"type-product","3":"status-publish","4":"has-post-thumbnail","6":"product_cat-deney-malzemesi","7":"product_cat-ev-yasam","8":"product_tag-elektrikli","9":"product_tag-gun","10":"product_tag-money","11":"product_tag-oyuncak","12":"product_tag-parti","13":"product_tag-tabancasi","15":"first","16":"instock","17":"taxable","18":"shipping-taxable","19":"purchasable","20":"product-type-simple"},"_links":{"self":[{"href":"https:\/\/depodanmusteriye.com\/urunler\/wp-json\/wp\/v2\/product\/203837","targetHints":{"allow":["GET"]}}],"collection":[{"href":"https:\/\/depodanmusteriye.com\/urunler\/wp-json\/wp\/v2\/product"}],"about":[{"href":"https:\/\/depodanmusteriye.com\/urunler\/wp-json\/wp\/v2\/types\/product"}],"replies":[{"embeddable":true,"href":"https:\/\/depodanmusteriye.com\/urunler\/wp-json\/wp\/v2\/comments?post=203837"}],"version-history":[{"count":0,"href":"https:\/\/depodanmusteriye.com\/urunler\/wp-json\/wp\/v2\/product\/203837\/revisions"}],"wp:featuredmedia":[{"embeddable":true,"href":"https:\/\/depodanmusteriye.com\/urunler\/wp-json\/wp\/v2\/media\/203832"}],"wp:attachment":[{"href":"https:\/\/depodanmusteriye.com\/urunler\/wp-json\/wp\/v2\/media?parent=203837"}],"wp:term":[{"taxonomy":"product_brand","embeddable":true,"href":"https:\/\/depodanmusteriye.com\/urunler\/wp-json\/wp\/v2\/product_brand?post=203837"},{"taxonomy":"product_cat","embeddable":true,"href":"https:\/\/depodanmusteriye.com\/urunler\/wp-json\/wp\/v2\/product_cat?post=203837"},{"taxonomy":"product_tag","embeddable":true,"href":"https:\/\/depodanmusteriye.com\/urunler\/wp-json\/wp\/v2\/product_tag?post=203837"}],"curies":[{"name":"wp","href":"https:\/\/api.w.org\/{rel}","templated":true}]}}