{"id":203315,"date":"2025-12-15T23:19:15","date_gmt":"2025-12-15T23:19:15","guid":{"rendered":"https:\/\/b2b.depodanmusteriye.com\/urun\/bluetooth-klavye-ve-mouse-seti\/"},"modified":"2025-12-15T23:19:15","modified_gmt":"2025-12-15T23:19:15","slug":"bluetooth-klavye-ve-mouse-seti","status":"publish","type":"product","link":"https:\/\/depodanmusteriye.com\/urunler\/urun\/bluetooth-klavye-ve-mouse-seti\/","title":{"rendered":"Bluetooth Klavye ve Mouse Seti"},"content":{"rendered":"<h4>Bu Bluetooth klavye, her ortamda kullan\u0131m kolayl\u0131\u011f\u0131 sa\u011flayan geni\u015f uyumluluk sistemine sahiptir. Windows 7, 8, 10, macOS, Android ve iOS i\u015fletim sistemleriyle tam uyumludur. Ayn\u0131 anda 3 farkl\u0131 cihaza ba\u011flanabilir; tablet, diz\u00fcst\u00fc bilgisayar veya telefon aras\u0131nda ge\u00e7i\u015f yapmak sadece birka\u00e7 saniye s\u00fcrer. 100 tu\u015flu kompakt d\u00fczen, alan tasarrufu sa\u011flar ve ta\u015f\u0131nabilirli\u011fi kolayla\u015ft\u0131r\u0131r. Yuvarlak retro tu\u015flar, klasik daktilo hissini modern teknolojiyle birle\u015ftirir. Ak\u0131ll\u0131 g\u00fc\u00e7 tasarrufu modu sayesinde uzun s\u00fcreli kullan\u0131mda bile enerji verimlili\u011fi sa\u011flar. 2 adet AAA pil ile yakla\u015f\u0131k 6 ay dayan\u0131r. \u015e\u0131k renk kar\u0131\u015f\u0131mlar\u0131, \u00e7ok katmanl\u0131 boyama teknolojisiyle estetik bir g\u00f6r\u00fcn\u00fcm kazand\u0131r\u0131r. Sessiz ve p\u00fcr\u00fczs\u00fcz tu\u015f yap\u0131s\u0131, her ortamda konforlu bir yaz\u0131m deneyimi sunar. <\/p>\n<p><b>1 adet fiyat\u0131d\u0131r<\/b> <\/p>\n<p><p><b>\u00dcretici Markas\u0131 : ZERO LAND<\/b><\/p>\n<p><b>\u00dcretici Kodu : UCZZZQW02PEMBEKLAVYEMOUSE5<\/b><\/p>\n<p><b>1 ADET F\u0130YATIDIR<\/b><\/p>\n<\/h4>\n<p><\/p>\n","protected":false},"excerpt":{"rendered":"<p>Bluetooth Klavye ve Mouse Seti<\/p>\n","protected":false},"featured_media":203310,"comment_status":"open","ping_status":"closed","template":"","meta":[],"product_brand":[],"product_cat":[606,374],"product_tag":[3605,3532,4071,1172,2104],"class_list":{"0":"post-203315","1":"product","2":"type-product","3":"status-publish","4":"has-post-thumbnail","6":"product_cat-klavye","7":"product_cat-mobil-aksesuar","8":"product_tag-bluetooth","9":"product_tag-klavye","10":"product_tag-mouse","11":"product_tag-seti","12":"product_tag-ve","14":"first","15":"instock","16":"taxable","17":"shipping-taxable","18":"purchasable","19":"product-type-simple"},"_links":{"self":[{"href":"https:\/\/depodanmusteriye.com\/urunler\/wp-json\/wp\/v2\/product\/203315","targetHints":{"allow":["GET"]}}],"collection":[{"href":"https:\/\/depodanmusteriye.com\/urunler\/wp-json\/wp\/v2\/product"}],"about":[{"href":"https:\/\/depodanmusteriye.com\/urunler\/wp-json\/wp\/v2\/types\/product"}],"replies":[{"embeddable":true,"href":"https:\/\/depodanmusteriye.com\/urunler\/wp-json\/wp\/v2\/comments?post=203315"}],"version-history":[{"count":0,"href":"https:\/\/depodanmusteriye.com\/urunler\/wp-json\/wp\/v2\/product\/203315\/revisions"}],"wp:featuredmedia":[{"embeddable":true,"href":"https:\/\/depodanmusteriye.com\/urunler\/wp-json\/wp\/v2\/media\/203310"}],"wp:attachment":[{"href":"https:\/\/depodanmusteriye.com\/urunler\/wp-json\/wp\/v2\/media?parent=203315"}],"wp:term":[{"taxonomy":"product_brand","embeddable":true,"href":"https:\/\/depodanmusteriye.com\/urunler\/wp-json\/wp\/v2\/product_brand?post=203315"},{"taxonomy":"product_cat","embeddable":true,"href":"https:\/\/depodanmusteriye.com\/urunler\/wp-json\/wp\/v2\/product_cat?post=203315"},{"taxonomy":"product_tag","embeddable":true,"href":"https:\/\/depodanmusteriye.com\/urunler\/wp-json\/wp\/v2\/product_tag?post=203315"}],"curies":[{"name":"wp","href":"https:\/\/api.w.org\/{rel}","templated":true}]}}