{"id":202710,"date":"2025-12-15T22:48:08","date_gmt":"2025-12-15T22:48:08","guid":{"rendered":"https:\/\/b2b.depodanmusteriye.com\/urun\/2-nesil-bluetooth-5-0-kablosuz-kulaklik-su-gecirmez-hd-ses\/"},"modified":"2025-12-15T22:48:08","modified_gmt":"2025-12-15T22:48:08","slug":"2-nesil-bluetooth-5-0-kablosuz-kulaklik-su-gecirmez-hd-ses","status":"publish","type":"product","link":"https:\/\/depodanmusteriye.com\/urunler\/urun\/2-nesil-bluetooth-5-0-kablosuz-kulaklik-su-gecirmez-hd-ses\/","title":{"rendered":"2. Nesil Bluetooth 5.0 Kablosuz Kulakl\u0131k Su Ge\u00e7irmez HD Ses"},"content":{"rendered":"<h4>2. Nesil Bluetooth 5.0 kulakl\u0131k, modern teknolojisi ve \u015f\u0131k tasar\u0131m\u0131yla g\u00fcnl\u00fck hayat\u0131n\u0131za konfor ve kalite katar. Geli\u015fmi\u015f Bluetooth 5.0 teknolojisi, daha h\u0131zl\u0131 ba\u011flant\u0131 ve d\u00fc\u015f\u00fck enerji t\u00fcketimi sunarak m\u00fczik dinlerken ya da g\u00f6r\u00fc\u015fmelerinizde kesintisiz bir deneyim sa\u011flar. HD ses s\u00fcr\u00fcc\u00fcleri ve dahili mikrofonu sayesinde net aramalar yapabilir, zengin bas ve net tizlerle her t\u00fcr m\u00fczi\u011fi kusursuzca dinleyebilirsiniz.<\/p>\n<p>Ergonomik tasar\u0131m\u0131 kula\u011fa tam oturur, uzun s\u00fcreli kullan\u0131mda rahats\u0131zl\u0131k vermez. IPX7 su ge\u00e7irmezlik \u00f6zelli\u011fi ile spor yaparken terden veya ya\u011fmurdan etkilenmezsiniz. 10 metreye kadar kablosuz menzili ve tek \u015farjla 8 saate kadar pil \u00f6mr\u00fcyle uzun s\u00fcreli konfor sunar. H\u0131zl\u0131 \u015farj teknolojisi sayesinde k\u0131sa s\u00fcrede dolarak 15 saate kadar kesintisiz kullan\u0131m sa\u011flar.<\/p>\n<p>Otomatik e\u015fle\u015ftirme \u00f6zelli\u011fi ile cihaz\u0131n\u0131za saniyeler i\u00e7inde ba\u011flan\u0131r. Dokunmatik sens\u00f6r kontrolleri ile m\u00fczik y\u00f6netimi ve \u00e7a\u011fr\u0131 cevaplama i\u015flemlerini pratik \u015fekilde ger\u00e7ekle\u015ftirebilirsiniz. Kablosuz \u015farj deste\u011fi ve ta\u015f\u0131ma \u00e7antas\u0131yla her an yan\u0131n\u0131zda ta\u015f\u0131yabilece\u011finiz bu kulakl\u0131k, \u015f\u0131kl\u0131\u011f\u0131 ve teknolojiyi bir arada sunar. <\/p>\n<p><b>1 adet fiyat\u0131d\u0131r<\/b> <\/p>\n<p><p><b>\u00dcretici Markas\u0131 : ZERO LAND<\/b><\/p>\n<p><b>\u00dcretici Kodu : UCZ2NES\u0130LKULAKLIK5<\/b><\/p>\n<p><b>1 ADET F\u0130YATIDIR<\/b><\/p>\n<\/h4>\n<p><\/p>\n","protected":false},"excerpt":{"rendered":"<p>2. Nesil Bluetooth 5.0 Kablosuz Kulakl\u0131k Su Ge\u00e7irmez HD Ses<\/p>\n","protected":false},"featured_media":202705,"comment_status":"open","ping_status":"closed","template":"","meta":[],"product_brand":[],"product_cat":[494,374],"product_tag":[13026,3605,4094,3176,1640,1641,4325,1915,1330],"class_list":{"0":"post-202710","1":"product","2":"type-product","3":"status-publish","4":"has-post-thumbnail","6":"product_cat-kulak-ici-tws-bluetooth-kulaklik","7":"product_cat-mobil-aksesuar","8":"product_tag-5-0","9":"product_tag-bluetooth","10":"product_tag-gecirmez","11":"product_tag-hd","12":"product_tag-kablosuz","13":"product_tag-kulaklik","14":"product_tag-nesil","15":"product_tag-ses","16":"product_tag-su","18":"first","19":"instock","20":"taxable","21":"shipping-taxable","22":"purchasable","23":"product-type-simple"},"_links":{"self":[{"href":"https:\/\/depodanmusteriye.com\/urunler\/wp-json\/wp\/v2\/product\/202710","targetHints":{"allow":["GET"]}}],"collection":[{"href":"https:\/\/depodanmusteriye.com\/urunler\/wp-json\/wp\/v2\/product"}],"about":[{"href":"https:\/\/depodanmusteriye.com\/urunler\/wp-json\/wp\/v2\/types\/product"}],"replies":[{"embeddable":true,"href":"https:\/\/depodanmusteriye.com\/urunler\/wp-json\/wp\/v2\/comments?post=202710"}],"version-history":[{"count":0,"href":"https:\/\/depodanmusteriye.com\/urunler\/wp-json\/wp\/v2\/product\/202710\/revisions"}],"wp:featuredmedia":[{"embeddable":true,"href":"https:\/\/depodanmusteriye.com\/urunler\/wp-json\/wp\/v2\/media\/202705"}],"wp:attachment":[{"href":"https:\/\/depodanmusteriye.com\/urunler\/wp-json\/wp\/v2\/media?parent=202710"}],"wp:term":[{"taxonomy":"product_brand","embeddable":true,"href":"https:\/\/depodanmusteriye.com\/urunler\/wp-json\/wp\/v2\/product_brand?post=202710"},{"taxonomy":"product_cat","embeddable":true,"href":"https:\/\/depodanmusteriye.com\/urunler\/wp-json\/wp\/v2\/product_cat?post=202710"},{"taxonomy":"product_tag","embeddable":true,"href":"https:\/\/depodanmusteriye.com\/urunler\/wp-json\/wp\/v2\/product_tag?post=202710"}],"curies":[{"name":"wp","href":"https:\/\/api.w.org\/{rel}","templated":true}]}}