{"id":202500,"date":"2025-12-15T22:37:06","date_gmt":"2025-12-15T22:37:06","guid":{"rendered":"https:\/\/b2b.depodanmusteriye.com\/urun\/4-3-inc-ips-ekranli-tasinabilir-oyun-konsolu-64gb-10000-oyun\/"},"modified":"2025-12-15T22:37:06","modified_gmt":"2025-12-15T22:37:06","slug":"4-3-inc-ips-ekranli-tasinabilir-oyun-konsolu-64gb-10000-oyun","status":"publish","type":"product","link":"https:\/\/depodanmusteriye.com\/urunler\/urun\/4-3-inc-ips-ekranli-tasinabilir-oyun-konsolu-64gb-10000-oyun\/","title":{"rendered":"4.3 \u0130n\u00e7 IPS Ekranl\u0131 Ta\u015f\u0131nabilir Oyun Konsolu 64GB 10000 Oyun"},"content":{"rendered":"<h4>Ta\u015f\u0131nabilir oyun konsolu, 64GB haf\u0131za kart\u0131 ve 10000 y\u00fckl\u00fc oyunla birlikte gelir. PSP, arcade, GBA, NES, Sega gibi pop\u00fcler em\u00fclat\u00f6rleri destekler. Ayr\u0131ca yeni oyunlar\u0131 da kolayca y\u00fckleyerek keyfinizi \u00e7e\u015fitlendirebilirsiniz.<\/p>\n<p>Avu\u00e7 i\u00e7i b\u00fcy\u00fckl\u00fc\u011f\u00fcndeki tasar\u0131m\u0131 sayesinde her yerde yan\u0131n\u0131zda ta\u015f\u0131yabilirsiniz. Metroda, seyahatte, tatilde veya evde bo\u015f zamanlar\u0131n\u0131z\u0131 e\u011flenceli hale getirmek i\u00e7in idealdir.<\/p>\n<p>Konsol, 64 bit RK3128 Cortex-A7 i\u015flemci ve 4GB DDR3L RAM ile donat\u0131lm\u0131\u015ft\u0131r. Bu g\u00fc\u00e7l\u00fc sistem, daha h\u0131zl\u0131 ve ak\u0131c\u0131 oyun deneyimi sa\u011flar. Yepyeni yaz\u0131l\u0131m altyap\u0131s\u0131 sayesinde gecikmesiz oyun keyfi sunar.<\/p>\n<p>4.3 in\u00e7 IPS ekran, 640&#215;480 \u00e7\u00f6z\u00fcn\u00fcrl\u00fck ile oyunlar\u0131 canl\u0131 ve net g\u00f6r\u00fcnt\u00fcler. Geni\u015f izleme a\u00e7\u0131s\u0131 sayesinde oyunlar\u0131 ger\u00e7ek\u00e7i renklerle deneyimleyebilirsiniz.<\/p>\n<p>Kompakt yap\u0131s\u0131, kolay ta\u015f\u0131nabilirli\u011fi ve modern tasar\u0131m\u0131yla yaln\u0131zca oyun i\u00e7in de\u011fil, ayn\u0131 zamanda harika bir hediye se\u00e7ene\u011fi olarak da \u00f6ne \u00e7\u0131kar. \u00c7ocuklar, gen\u00e7ler veya retro oyun seven yeti\u015fkinler i\u00e7in m\u00fckemmel bir tercihtir. <\/p>\n<p><b>1 adet fiyat\u0131d\u0131r<\/b> <\/p>\n<p><p><b>\u00dcretici Markas\u0131 : ZERO LAND<\/b><\/p>\n<p><b>\u00dcretici Kodu : UCZZZG28ATER\u0130<\/b><\/p>\n<p><b>1 ADET F\u0130YATIDIR<\/b><\/p>\n<\/h4>\n<p><\/p>\n","protected":false},"excerpt":{"rendered":"<p>4.3 \u0130n\u00e7 IPS Ekranl\u0131 Ta\u015f\u0131nabilir Oyun Konsolu 64GB 10000 Oyun<\/p>\n","protected":false},"featured_media":202495,"comment_status":"open","ping_status":"closed","template":"","meta":[],"product_brand":[],"product_cat":[379,725],"product_tag":[6124,1955,4085,2347,3633,3998,3997,2982],"class_list":{"0":"post-202500","1":"product","2":"type-product","3":"status-publish","4":"has-post-thumbnail","6":"product_cat-ev-yasam","7":"product_cat-psp-and-vita-oyunu","8":"product_tag-6124","9":"product_tag-64gb","10":"product_tag-ekranli","11":"product_tag-inc","12":"product_tag-ips","13":"product_tag-konsolu","14":"product_tag-oyun","15":"product_tag-tasinabilir","17":"first","18":"instock","19":"taxable","20":"shipping-taxable","21":"purchasable","22":"product-type-simple"},"_links":{"self":[{"href":"https:\/\/depodanmusteriye.com\/urunler\/wp-json\/wp\/v2\/product\/202500","targetHints":{"allow":["GET"]}}],"collection":[{"href":"https:\/\/depodanmusteriye.com\/urunler\/wp-json\/wp\/v2\/product"}],"about":[{"href":"https:\/\/depodanmusteriye.com\/urunler\/wp-json\/wp\/v2\/types\/product"}],"replies":[{"embeddable":true,"href":"https:\/\/depodanmusteriye.com\/urunler\/wp-json\/wp\/v2\/comments?post=202500"}],"version-history":[{"count":0,"href":"https:\/\/depodanmusteriye.com\/urunler\/wp-json\/wp\/v2\/product\/202500\/revisions"}],"wp:featuredmedia":[{"embeddable":true,"href":"https:\/\/depodanmusteriye.com\/urunler\/wp-json\/wp\/v2\/media\/202495"}],"wp:attachment":[{"href":"https:\/\/depodanmusteriye.com\/urunler\/wp-json\/wp\/v2\/media?parent=202500"}],"wp:term":[{"taxonomy":"product_brand","embeddable":true,"href":"https:\/\/depodanmusteriye.com\/urunler\/wp-json\/wp\/v2\/product_brand?post=202500"},{"taxonomy":"product_cat","embeddable":true,"href":"https:\/\/depodanmusteriye.com\/urunler\/wp-json\/wp\/v2\/product_cat?post=202500"},{"taxonomy":"product_tag","embeddable":true,"href":"https:\/\/depodanmusteriye.com\/urunler\/wp-json\/wp\/v2\/product_tag?post=202500"}],"curies":[{"name":"wp","href":"https:\/\/api.w.org\/{rel}","templated":true}]}}