{"id":202494,"date":"2025-12-15T22:36:49","date_gmt":"2025-12-15T22:36:49","guid":{"rendered":"https:\/\/b2b.depodanmusteriye.com\/urun\/kup-calar-saat\/"},"modified":"2025-12-15T22:36:49","modified_gmt":"2025-12-15T22:36:49","slug":"kup-calar-saat","status":"publish","type":"product","link":"https:\/\/depodanmusteriye.com\/urunler\/urun\/kup-calar-saat\/","title":{"rendered":"K\u00dcP \u00c7ALAR SAAT"},"content":{"rendered":"<h4>Bu renk de\u011fi\u015ftiren alarml\u0131 dijital k\u00fcp saat, \u00e7ok y\u00f6nl\u00fc \u00f6zellikleri ve modern tasar\u0131m\u0131yla dikkat \u00e7eker. 7 renk LED \u0131\u015f\u0131k modu, odan\u0131za g\u00f6rsel bir \u015f\u0131kl\u0131k kazand\u0131r\u0131rken, gece lambas\u0131 olarak da kullan\u0131labilir.<\/p>\n<p>Saatin i\u015flevleri aras\u0131nda alarm, m\u00fczikli uyar\u0131, termometre, kronometre, takvim ve do\u011fum g\u00fcn\u00fc hat\u0131rlat\u0131c\u0131 bulunur. \u00d6zellikle m\u00fczikli alarm fonksiyonu klasik alarmlara k\u0131yasla daha konforlu bir uyan\u0131\u015f sa\u011flar.<\/p>\n<p>8x8x8 cm \u00f6l\u00e7\u00fclerindeki kompakt tasar\u0131m, \u00fcr\u00fcn\u00fc ta\u015f\u0131nabilir hale getirir. Yatak odas\u0131nda, ofiste, \u00e7ocuk odas\u0131nda ya da seyahatlerde rahatl\u0131kla kullan\u0131labilir.<\/p>\n<p>Gece kullan\u0131m\u0131nda olduk\u00e7a i\u015flevseldir. Saate dokundu\u011funuzda g\u00f6vde ve ekran birlikte ayd\u0131nlan\u0131r, 7 farkl\u0131 renk aras\u0131nda ge\u00e7i\u015f yapar. Dilerseniz s\u00fcrekli renk de\u011fi\u015ftirme modunu da tercih edebilirsiniz.<\/p>\n<p>4 adet AAA ince kalem pil ile \u00e7al\u0131\u015f\u0131r (piller dahil de\u011fildir). Pil ile \u00e7al\u0131\u015fmas\u0131, kablosuz kullan\u0131m kolayl\u0131\u011f\u0131 sa\u011flar.<\/p>\n<p>Modern kutu tasar\u0131m\u0131 sayesinde yaln\u0131zca i\u015flevsel bir \u00fcr\u00fcn de\u011fil, ayn\u0131 zamanda sevdiklerinize sunabilece\u011finiz g\u00fczel bir hediye se\u00e7ene\u011fidir. <\/p>\n<p><b>1 adet fiyat\u0131d\u0131r<\/b> <\/p>\n<p><p><b>\u00dcretici Markas\u0131 : ZERO LAND<\/b><\/p>\n<p><b>\u00dcretici Kodu : UCZZZK\u00dcP\u00c7ALARSAAT5<\/b><\/p>\n<p><b>1 ADET F\u0130YATIDIR<\/b><\/p>\n<\/h4>\n<p><\/p>\n","protected":false},"excerpt":{"rendered":"<p>K\u00dcP \u00c7ALAR SAAT<\/p>\n","protected":false},"featured_media":202489,"comment_status":"open","ping_status":"closed","template":"","meta":[],"product_brand":[],"product_cat":[379,464],"product_tag":[13489,1649,3637],"class_list":{"0":"post-202494","1":"product","2":"type-product","3":"status-publish","4":"has-post-thumbnail","6":"product_cat-ev-yasam","7":"product_cat-masa-saati","8":"product_tag-calar","9":"product_tag-kup","10":"product_tag-saat","12":"first","13":"instock","14":"taxable","15":"shipping-taxable","16":"purchasable","17":"product-type-simple"},"_links":{"self":[{"href":"https:\/\/depodanmusteriye.com\/urunler\/wp-json\/wp\/v2\/product\/202494","targetHints":{"allow":["GET"]}}],"collection":[{"href":"https:\/\/depodanmusteriye.com\/urunler\/wp-json\/wp\/v2\/product"}],"about":[{"href":"https:\/\/depodanmusteriye.com\/urunler\/wp-json\/wp\/v2\/types\/product"}],"replies":[{"embeddable":true,"href":"https:\/\/depodanmusteriye.com\/urunler\/wp-json\/wp\/v2\/comments?post=202494"}],"version-history":[{"count":0,"href":"https:\/\/depodanmusteriye.com\/urunler\/wp-json\/wp\/v2\/product\/202494\/revisions"}],"wp:featuredmedia":[{"embeddable":true,"href":"https:\/\/depodanmusteriye.com\/urunler\/wp-json\/wp\/v2\/media\/202489"}],"wp:attachment":[{"href":"https:\/\/depodanmusteriye.com\/urunler\/wp-json\/wp\/v2\/media?parent=202494"}],"wp:term":[{"taxonomy":"product_brand","embeddable":true,"href":"https:\/\/depodanmusteriye.com\/urunler\/wp-json\/wp\/v2\/product_brand?post=202494"},{"taxonomy":"product_cat","embeddable":true,"href":"https:\/\/depodanmusteriye.com\/urunler\/wp-json\/wp\/v2\/product_cat?post=202494"},{"taxonomy":"product_tag","embeddable":true,"href":"https:\/\/depodanmusteriye.com\/urunler\/wp-json\/wp\/v2\/product_tag?post=202494"}],"curies":[{"name":"wp","href":"https:\/\/api.w.org\/{rel}","templated":true}]}}