{"id":201849,"date":"2025-12-15T22:00:52","date_gmt":"2025-12-15T22:00:52","guid":{"rendered":"https:\/\/b2b.depodanmusteriye.com\/urun\/hazneli-tuy-toplayici\/"},"modified":"2025-12-15T22:00:52","modified_gmt":"2025-12-15T22:00:52","slug":"hazneli-tuy-toplayici","status":"publish","type":"product","link":"https:\/\/depodanmusteriye.com\/urunler\/urun\/hazneli-tuy-toplayici\/","title":{"rendered":"Hazneli T\u00fcy Toplay\u0131c\u0131"},"content":{"rendered":"<h4>Hazneli Kedi K\u00f6pek T\u00fcy Temizleyici, elektrik ya da pille \u00e7al\u0131\u015fmaz. Bu \u00f6zelli\u011fi ile hem enerji tasarrufu sa\u011flar hem de sessizdir. Yap\u0131\u015fkanl\u0131 rulolar gibi s\u00fcrekli yenilemeye gerek kalmaz. Tek bir \u00fcr\u00fcnle uzun y\u0131llar boyunca t\u00fcy ve toz toplama ihtiyac\u0131n\u0131z\u0131 kar\u015f\u0131lar. Hazneli yap\u0131s\u0131 sayesinde toplanan t\u00fcm t\u00fcyler bir arada birikir ve kolayca bo\u015falt\u0131l\u0131r. B\u00f6ylece hijyenik ve zahmetsiz bir kullan\u0131m sa\u011flar. Evcil hayvanl\u0131 evler i\u00e7in ekonomik, pratik ve \u00e7evre dostu bir \u00e7\u00f6z\u00fcmd\u00fcr. <\/p>\n<p><b>1 adet fiyat\u0131d\u0131r<\/b> <\/p>\n<p><p><b>\u00dcretici Markas\u0131 : ZERO LAND<\/b><\/p>\n<p><b>\u00dcretici Kodu : UCZZZT\u00dcYTOPLAMA5<\/b><\/p>\n<p><b>1 ADET F\u0130YATIDIR<\/b><\/p>\n<\/h4>\n<p><\/p>\n","protected":false},"excerpt":{"rendered":"<p>Hazneli T\u00fcy Toplay\u0131c\u0131<\/p>\n","protected":false},"featured_media":201844,"comment_status":"open","ping_status":"closed","template":"","meta":[],"product_brand":[],"product_cat":[379,2221],"product_tag":[4055,4347,2380],"class_list":{"0":"post-201849","1":"product","2":"type-product","3":"status-publish","4":"has-post-thumbnail","6":"product_cat-ev-yasam","7":"product_cat-tuy-toplayici-ev-ya-am","8":"product_tag-hazneli","9":"product_tag-toplayici","10":"product_tag-tuy","12":"first","13":"instock","14":"taxable","15":"shipping-taxable","16":"purchasable","17":"product-type-simple"},"_links":{"self":[{"href":"https:\/\/depodanmusteriye.com\/urunler\/wp-json\/wp\/v2\/product\/201849","targetHints":{"allow":["GET"]}}],"collection":[{"href":"https:\/\/depodanmusteriye.com\/urunler\/wp-json\/wp\/v2\/product"}],"about":[{"href":"https:\/\/depodanmusteriye.com\/urunler\/wp-json\/wp\/v2\/types\/product"}],"replies":[{"embeddable":true,"href":"https:\/\/depodanmusteriye.com\/urunler\/wp-json\/wp\/v2\/comments?post=201849"}],"version-history":[{"count":0,"href":"https:\/\/depodanmusteriye.com\/urunler\/wp-json\/wp\/v2\/product\/201849\/revisions"}],"wp:featuredmedia":[{"embeddable":true,"href":"https:\/\/depodanmusteriye.com\/urunler\/wp-json\/wp\/v2\/media\/201844"}],"wp:attachment":[{"href":"https:\/\/depodanmusteriye.com\/urunler\/wp-json\/wp\/v2\/media?parent=201849"}],"wp:term":[{"taxonomy":"product_brand","embeddable":true,"href":"https:\/\/depodanmusteriye.com\/urunler\/wp-json\/wp\/v2\/product_brand?post=201849"},{"taxonomy":"product_cat","embeddable":true,"href":"https:\/\/depodanmusteriye.com\/urunler\/wp-json\/wp\/v2\/product_cat?post=201849"},{"taxonomy":"product_tag","embeddable":true,"href":"https:\/\/depodanmusteriye.com\/urunler\/wp-json\/wp\/v2\/product_tag?post=201849"}],"curies":[{"name":"wp","href":"https:\/\/api.w.org\/{rel}","templated":true}]}}