{"id":201699,"date":"2025-12-15T21:53:24","date_gmt":"2025-12-15T21:53:24","guid":{"rendered":"https:\/\/b2b.depodanmusteriye.com\/urun\/3u-1-arada-hizli-sarj-kablosu-ios-android-type-c-uyumlu\/"},"modified":"2025-12-15T21:53:24","modified_gmt":"2025-12-15T21:53:24","slug":"3u-1-arada-hizli-sarj-kablosu-ios-android-type-c-uyumlu","status":"publish","type":"product","link":"https:\/\/depodanmusteriye.com\/urunler\/urun\/3u-1-arada-hizli-sarj-kablosu-ios-android-type-c-uyumlu\/","title":{"rendered":"3\u2019\u00fc 1 Arada H\u0131zl\u0131 \u015earj Kablosu \u2013 iOS Android Type-C Uyumlu"},"content":{"rendered":"<h4>Bu 3\u2019\u00fc 1 arada h\u0131zl\u0131 \u015farj kablosu, iOS, Android ve Type-C giri\u015fli t\u00fcm cihazlarla uyumludur. 1,2 metre uzunlu\u011fu ile g\u00fcnl\u00fck kullan\u0131mda ideal mesafe sunar. Ayn\u0131 anda birden fazla cihaz\u0131 \u015farj edebilme \u00f6zelli\u011fi sayesinde priz kalabal\u0131\u011f\u0131n\u0131 ortadan kald\u0131r\u0131r. Metal ala\u015f\u0131ml\u0131 d\u0131\u015f kaplama ve TPE malzemesi ile sa\u011flam ve dayan\u0131kl\u0131d\u0131r. Paslanma, oksitlenme ve k\u0131r\u0131lmalara kar\u015f\u0131 korunakl\u0131 yap\u0131s\u0131 uzun \u00f6m\u00fcrl\u00fc kullan\u0131m sa\u011flar. Dahili ak\u0131ll\u0131 \u00e7ip teknolojisi, cihaz pilini korur ve g\u00fcvenli \u015farj sa\u011flar. Saf bak\u0131r tel \u00e7ekirde\u011fi, d\u00fc\u015f\u00fck diren\u00e7 ile h\u0131zl\u0131 \u015farj\u0131 m\u00fcmk\u00fcn k\u0131lar. Evde, i\u015fte veya seyahatte t\u00fcm cihazlar\u0131n\u0131z\u0131 tek kablo ile \u015farj edebilme kolayl\u0131\u011f\u0131n\u0131 sunar. <\/p>\n<p><b>1 adet fiyat\u0131d\u0131r<\/b> <\/p>\n<p><p><b>\u00dcretici Markas\u0131 : ZERO LAND<\/b><\/p>\n<p><b>\u00dcretici Kodu : UCZZZC103L\u00dcKABLO<\/b><\/p>\n<p><b>1 ADET F\u0130YATIDIR<\/b><\/p>\n<\/h4>\n<p><\/p>\n","protected":false},"excerpt":{"rendered":"<p>3\u2019\u00fc 1 Arada H\u0131zl\u0131 \u015earj Kablosu \u2013 iOS Android Type-C Uyumlu<\/p>\n","protected":false},"featured_media":201694,"comment_status":"open","ping_status":"closed","template":"","meta":[],"product_brand":[],"product_cat":[374,460],"product_tag":[1056,13548,1956,1635,1825,3685,3341,2755,1952,1951],"class_list":{"0":"post-201699","1":"product","2":"type-product","3":"status-publish","4":"has-post-thumbnail","6":"product_cat-mobil-aksesuar","7":"product_cat-arj-aleti","8":"product_tag-1056","9":"product_tag-3u","10":"product_tag-android","11":"product_tag-arada","12":"product_tag-hizli","13":"product_tag-ios","14":"product_tag-kablosu","15":"product_tag-sarj","16":"product_tag-type-c","17":"product_tag-uyumlu","19":"first","20":"instock","21":"taxable","22":"shipping-taxable","23":"purchasable","24":"product-type-simple"},"_links":{"self":[{"href":"https:\/\/depodanmusteriye.com\/urunler\/wp-json\/wp\/v2\/product\/201699","targetHints":{"allow":["GET"]}}],"collection":[{"href":"https:\/\/depodanmusteriye.com\/urunler\/wp-json\/wp\/v2\/product"}],"about":[{"href":"https:\/\/depodanmusteriye.com\/urunler\/wp-json\/wp\/v2\/types\/product"}],"replies":[{"embeddable":true,"href":"https:\/\/depodanmusteriye.com\/urunler\/wp-json\/wp\/v2\/comments?post=201699"}],"version-history":[{"count":0,"href":"https:\/\/depodanmusteriye.com\/urunler\/wp-json\/wp\/v2\/product\/201699\/revisions"}],"wp:featuredmedia":[{"embeddable":true,"href":"https:\/\/depodanmusteriye.com\/urunler\/wp-json\/wp\/v2\/media\/201694"}],"wp:attachment":[{"href":"https:\/\/depodanmusteriye.com\/urunler\/wp-json\/wp\/v2\/media?parent=201699"}],"wp:term":[{"taxonomy":"product_brand","embeddable":true,"href":"https:\/\/depodanmusteriye.com\/urunler\/wp-json\/wp\/v2\/product_brand?post=201699"},{"taxonomy":"product_cat","embeddable":true,"href":"https:\/\/depodanmusteriye.com\/urunler\/wp-json\/wp\/v2\/product_cat?post=201699"},{"taxonomy":"product_tag","embeddable":true,"href":"https:\/\/depodanmusteriye.com\/urunler\/wp-json\/wp\/v2\/product_tag?post=201699"}],"curies":[{"name":"wp","href":"https:\/\/api.w.org\/{rel}","templated":true}]}}