{"id":201531,"date":"2025-12-15T21:44:18","date_gmt":"2025-12-15T21:44:18","guid":{"rendered":"https:\/\/b2b.depodanmusteriye.com\/urun\/3-bardakli-termos-seti-2\/"},"modified":"2025-12-15T21:44:18","modified_gmt":"2025-12-15T21:44:18","slug":"3-bardakli-termos-seti-2","status":"publish","type":"product","link":"https:\/\/depodanmusteriye.com\/urunler\/urun\/3-bardakli-termos-seti-2\/","title":{"rendered":"3 BARDAKLI TERMOS SET\u0130"},"content":{"rendered":"<h4>3 BARDAKLI TERMOS SET\u0130<\/p>\n<p> \t12 saat boyunca i\u00e7eceklerinizi s\u0131cak ya da so\u011fuk tutma \u00f6zelli\u011fi ile g\u00fcn boyu ideal s\u0131cakl\u0131kta i\u00e7eceklerinizi keyifle yudumlay\u0131n<br \/>\n \t\u0130\u00e7eceklerinizi g\u00fcvenle ta\u015f\u0131yabilece\u011finiz, dayan\u0131kl\u0131 ve uzun \u00f6m\u00fcrl\u00fc paslanmaz \u00e7elik materyalden \u00fcretilmi\u015ftir<br \/>\n \t\u015e\u0131k ve modern tasar\u0131m\u0131yla dikkat \u00e7eken bu termos seti, 4 farkl\u0131 renk se\u00e7ene\u011fiyle ki\u015fisel zevkinize uygun bir g\u00f6r\u00fcn\u00fcm sunar<br \/>\n \tPratik kullan\u0131m i\u00e7in tasarlanm\u0131\u015f vakumlu kapaklar\u0131 sayesinde i\u00e7ecekleriniz d\u00f6k\u00fclmez ve her zaman taze kal\u0131r<br \/>\n \tHediye olarak tercih edebilece\u011finiz bu termos seti, \u00e7anta hediyeli olarak sunulur ve sevdiklerinize \u015f\u0131k bir hediye alternatifi olu\u015fturur <\/p>\n<p><b>1 adet fiyat\u0131d\u0131r<\/b> <\/p>\n<p><p><b>\u00dcretici Markas\u0131 : ZERO LAND<\/b><\/p>\n<p><b>\u00dcretici Kodu : UCZTERMOSSET\u0130<\/b><\/p>\n<p><b>1 ADET F\u0130YATIDIR<\/b><\/p>\n<\/h4>\n<p><\/p>\n","protected":false},"excerpt":{"rendered":"<p>3 BARDAKLI TERMOS SET\u0130<\/p>\n","protected":false},"featured_media":201527,"comment_status":"open","ping_status":"closed","template":"","meta":[],"product_brand":[],"product_cat":[379,476],"product_tag":[1350,14385,1172,4145],"class_list":{"0":"post-201531","1":"product","2":"type-product","3":"status-publish","4":"has-post-thumbnail","6":"product_cat-ev-yasam","7":"product_cat-termos","8":"product_tag-1350","9":"product_tag-bardakli","10":"product_tag-seti","11":"product_tag-termos","13":"first","14":"instock","15":"taxable","16":"shipping-taxable","17":"purchasable","18":"product-type-simple"},"_links":{"self":[{"href":"https:\/\/depodanmusteriye.com\/urunler\/wp-json\/wp\/v2\/product\/201531","targetHints":{"allow":["GET"]}}],"collection":[{"href":"https:\/\/depodanmusteriye.com\/urunler\/wp-json\/wp\/v2\/product"}],"about":[{"href":"https:\/\/depodanmusteriye.com\/urunler\/wp-json\/wp\/v2\/types\/product"}],"replies":[{"embeddable":true,"href":"https:\/\/depodanmusteriye.com\/urunler\/wp-json\/wp\/v2\/comments?post=201531"}],"version-history":[{"count":0,"href":"https:\/\/depodanmusteriye.com\/urunler\/wp-json\/wp\/v2\/product\/201531\/revisions"}],"wp:featuredmedia":[{"embeddable":true,"href":"https:\/\/depodanmusteriye.com\/urunler\/wp-json\/wp\/v2\/media\/201527"}],"wp:attachment":[{"href":"https:\/\/depodanmusteriye.com\/urunler\/wp-json\/wp\/v2\/media?parent=201531"}],"wp:term":[{"taxonomy":"product_brand","embeddable":true,"href":"https:\/\/depodanmusteriye.com\/urunler\/wp-json\/wp\/v2\/product_brand?post=201531"},{"taxonomy":"product_cat","embeddable":true,"href":"https:\/\/depodanmusteriye.com\/urunler\/wp-json\/wp\/v2\/product_cat?post=201531"},{"taxonomy":"product_tag","embeddable":true,"href":"https:\/\/depodanmusteriye.com\/urunler\/wp-json\/wp\/v2\/product_tag?post=201531"}],"curies":[{"name":"wp","href":"https:\/\/api.w.org\/{rel}","templated":true}]}}