{"id":201128,"date":"2025-12-15T21:22:21","date_gmt":"2025-12-15T21:22:21","guid":{"rendered":"https:\/\/b2b.depodanmusteriye.com\/urun\/hasuba-tiftik-2\/"},"modified":"2025-12-15T21:22:21","modified_gmt":"2025-12-15T21:22:21","slug":"hasuba-tiftik-2","status":"publish","type":"product","link":"https:\/\/depodanmusteriye.com\/urunler\/urun\/hasuba-tiftik-2\/","title":{"rendered":"HASUBA T\u0130FT\u0130K"},"content":{"rendered":"<h4>Tiftik Temizleyici, tiftikleri kolayca temizlemek i\u00e7in tasarlanm\u0131\u015f bir \u00fcr\u00fcnd\u00fcr.<br \/>\n \tKullan\u0131m\u0131 olduk\u00e7a basittir, sadece tiftikleri Tiftik Temizleyici ile kaplaman\u0131z yeterlidir ve k\u0131sa bir s\u00fcre sonra tiftikler temizlenmi\u015f olur.<br \/>\n \tBu \u00fcr\u00fcn, tiftiklerinizin uzun s\u00fcre daha g\u00fczel ve kullan\u0131labilir durumda kalmas\u0131n\u0131 sa\u011flar.<br \/>\n \t\u00c7\u0131kar\u0131labilir at\u0131k haznesi.<br \/>\n \t\u00c7\u0131kar\u0131labilir b\u0131\u00e7ak b\u00f6lmesi.<br \/>\n \t\u00dcr\u00fcn\u00fcn arka y\u00fczeyinde bulunan anti statik manuel tiftik f\u0131r\u00e7a b\u00f6lmesi.<br \/>\n \t\u015earjl\u0131.<br \/>\n \t(kutu i\u00e7eri\u011finde dahil olan 1x micro usb kablo ile. <\/p>\n<p><b>1 adet fiyat\u0131d\u0131r<\/b> <\/p>\n<p><p><b>\u00dcretici Markas\u0131 : ZERO LAND<\/b><\/p>\n<p><b>\u00dcretici Kodu : UCZHASUBAT\u0130FT\u0130K<\/b><\/p>\n<p><b>1 ADET F\u0130YATIDIR<\/b><\/p>\n<\/h4>\n<p><\/p>\n","protected":false},"excerpt":{"rendered":"<p>HASUBA T\u0130FT\u0130K<\/p>\n","protected":false},"featured_media":201123,"comment_status":"open","ping_status":"closed","template":"","meta":[],"product_brand":[],"product_cat":[379,2221],"product_tag":[4136,13560],"class_list":{"0":"post-201128","1":"product","2":"type-product","3":"status-publish","4":"has-post-thumbnail","6":"product_cat-ev-yasam","7":"product_cat-tuy-toplayici-ev-ya-am","8":"product_tag-hasuba","9":"product_tag-tiftik","11":"first","12":"instock","13":"taxable","14":"shipping-taxable","15":"purchasable","16":"product-type-simple"},"_links":{"self":[{"href":"https:\/\/depodanmusteriye.com\/urunler\/wp-json\/wp\/v2\/product\/201128","targetHints":{"allow":["GET"]}}],"collection":[{"href":"https:\/\/depodanmusteriye.com\/urunler\/wp-json\/wp\/v2\/product"}],"about":[{"href":"https:\/\/depodanmusteriye.com\/urunler\/wp-json\/wp\/v2\/types\/product"}],"replies":[{"embeddable":true,"href":"https:\/\/depodanmusteriye.com\/urunler\/wp-json\/wp\/v2\/comments?post=201128"}],"version-history":[{"count":0,"href":"https:\/\/depodanmusteriye.com\/urunler\/wp-json\/wp\/v2\/product\/201128\/revisions"}],"wp:featuredmedia":[{"embeddable":true,"href":"https:\/\/depodanmusteriye.com\/urunler\/wp-json\/wp\/v2\/media\/201123"}],"wp:attachment":[{"href":"https:\/\/depodanmusteriye.com\/urunler\/wp-json\/wp\/v2\/media?parent=201128"}],"wp:term":[{"taxonomy":"product_brand","embeddable":true,"href":"https:\/\/depodanmusteriye.com\/urunler\/wp-json\/wp\/v2\/product_brand?post=201128"},{"taxonomy":"product_cat","embeddable":true,"href":"https:\/\/depodanmusteriye.com\/urunler\/wp-json\/wp\/v2\/product_cat?post=201128"},{"taxonomy":"product_tag","embeddable":true,"href":"https:\/\/depodanmusteriye.com\/urunler\/wp-json\/wp\/v2\/product_tag?post=201128"}],"curies":[{"name":"wp","href":"https:\/\/api.w.org\/{rel}","templated":true}]}}