{"id":200856,"date":"2025-12-15T21:07:28","date_gmt":"2025-12-15T21:07:28","guid":{"rendered":"https:\/\/b2b.depodanmusteriye.com\/urun\/hs-22-arac-ici-supurge-2\/"},"modified":"2025-12-15T21:07:28","modified_gmt":"2025-12-15T21:07:28","slug":"hs-22-arac-ici-supurge-2","status":"publish","type":"product","link":"https:\/\/depodanmusteriye.com\/urunler\/urun\/hs-22-arac-ici-supurge-2\/","title":{"rendered":"HS-22 ARA\u00c7 \u0130\u00c7\u0130 S\u00dcP\u00dcRGE"},"content":{"rendered":"<h4>Mini Vakumlu Ara\u00e7 S\u00fcp\u00fcrgesi El S\u00fcp\u00fcrgesi \u015earjl\u0131 \u00c7ok Fonksiyonlu hs<br \/>\n \t22 Y\u00fcksek g\u00fc\u00e7l\u00fc emi\u015f: 120W g\u00fc\u00e7l\u00fc motor, arabada toz, sa\u00e7, enkaz ve di\u011fer kirleri emen, 5500PA g\u00fc\u00e7l\u00fc emi\u015f \u00fcretir<br \/>\n \tTa\u015f\u0131nabilir ve saklamak i\u00e7in kolay: katlanabilir sapl\u0131 ak\u00fcl\u00fc araba elektrikli s\u00fcp\u00fcrge Y\u0131kanabilir filtre: temiz durulay\u0131n, kuru, de\u011fi\u015ftirmeye gerek yok Renk s\u0131n\u0131fland\u0131rma: siyah USB \u015farj Malzeme: ABS Anma gerilimi: 50V (V) Nominal giri\u015f g\u00fcc\u00fc: 120W (W) Vakum emme: 5500Pa <\/p>\n<p><b>1 adet fiyat\u0131d\u0131r<\/b> <\/p>\n<p><p><b>\u00dcretici Markas\u0131 : ZERO LAND<\/b><\/p>\n<p><b>\u00dcretici Kodu : UCZHS22S\u00dcP\u00dcRGE<\/b><\/p>\n<p><b>1 ADET F\u0130YATIDIR<\/b><\/p>\n<\/h4>\n<p><\/p>\n","protected":false},"excerpt":{"rendered":"<p>HS-22 ARA\u00c7 \u0130\u00c7\u0130 S\u00dcP\u00dcRGE<\/p>\n","protected":false},"featured_media":200851,"comment_status":"open","ping_status":"closed","template":"","meta":[],"product_brand":[],"product_cat":[2241,379],"product_tag":[3278,14574,1904,3022],"class_list":{"0":"post-200856","1":"product","2":"type-product","3":"status-publish","4":"has-post-thumbnail","6":"product_cat-arac-ici-supurge-ev-ya-am","7":"product_cat-ev-yasam","8":"product_tag-arac","9":"product_tag-hs-22","10":"product_tag-ici","11":"product_tag-supurge","13":"first","14":"instock","15":"taxable","16":"shipping-taxable","17":"purchasable","18":"product-type-simple"},"_links":{"self":[{"href":"https:\/\/depodanmusteriye.com\/urunler\/wp-json\/wp\/v2\/product\/200856","targetHints":{"allow":["GET"]}}],"collection":[{"href":"https:\/\/depodanmusteriye.com\/urunler\/wp-json\/wp\/v2\/product"}],"about":[{"href":"https:\/\/depodanmusteriye.com\/urunler\/wp-json\/wp\/v2\/types\/product"}],"replies":[{"embeddable":true,"href":"https:\/\/depodanmusteriye.com\/urunler\/wp-json\/wp\/v2\/comments?post=200856"}],"version-history":[{"count":0,"href":"https:\/\/depodanmusteriye.com\/urunler\/wp-json\/wp\/v2\/product\/200856\/revisions"}],"wp:featuredmedia":[{"embeddable":true,"href":"https:\/\/depodanmusteriye.com\/urunler\/wp-json\/wp\/v2\/media\/200851"}],"wp:attachment":[{"href":"https:\/\/depodanmusteriye.com\/urunler\/wp-json\/wp\/v2\/media?parent=200856"}],"wp:term":[{"taxonomy":"product_brand","embeddable":true,"href":"https:\/\/depodanmusteriye.com\/urunler\/wp-json\/wp\/v2\/product_brand?post=200856"},{"taxonomy":"product_cat","embeddable":true,"href":"https:\/\/depodanmusteriye.com\/urunler\/wp-json\/wp\/v2\/product_cat?post=200856"},{"taxonomy":"product_tag","embeddable":true,"href":"https:\/\/depodanmusteriye.com\/urunler\/wp-json\/wp\/v2\/product_tag?post=200856"}],"curies":[{"name":"wp","href":"https:\/\/api.w.org\/{rel}","templated":true}]}}