{"id":200790,"date":"2025-12-15T21:03:54","date_gmt":"2025-12-15T21:03:54","guid":{"rendered":"https:\/\/b2b.depodanmusteriye.com\/urun\/wifi-5-adaptor-2\/"},"modified":"2025-12-15T21:03:54","modified_gmt":"2025-12-15T21:03:54","slug":"wifi-5-adaptor-2","status":"publish","type":"product","link":"https:\/\/depodanmusteriye.com\/urunler\/urun\/wifi-5-adaptor-2\/","title":{"rendered":"W\u0130F\u0130 5 ADAPT\u00d6R"},"content":{"rendered":"<h4>Dual Band USB Adapt\u00f6r Wifi Al\u0131c\u0131 Wifi Adapt\u00f6r USB 3.0 Wireless Adapt\u00f6r<br \/>\n \t8gHz Wifi Adapt\u00f6r Kablosuz Wifi Al\u0131c\u0131 G\u00fc\u00e7l\u00fc Anten Wifi Al\u0131c\u0131 Adapt\u00f6r Ultratekno Dual Band USB Adapt\u00f6r Wifi Al\u0131c\u0131, g\u00fc\u00e7l\u00fc performans\u0131 ve geni\u015f uyumlulu\u011fuyla dikkat \u00e7eken bir kablosuz a\u011f \u00e7\u00f6z\u00fcm\u00fcd\u00fcr<br \/>\n \tWindows 10\/8\/7\/Vista\/XP\/2000 ve Mac OS X 10<br \/>\n \t15 i\u015fletim sistemleri ile uyumlu olan bu adapt\u00f6r, kullan\u0131c\u0131lar\u0131na h\u0131zl\u0131 ve g\u00fcvenilir bir internet deneyimi sunar.<br \/>\n \tY\u00fcksek H\u0131zl\u0131 Kablosuz Ba\u011flant\u0131: 1200 Mbps&#8217;ye kadar h\u0131za \u00e7\u0131kabilen Ultratekno Dual Band Wireless Adapt\u00f6r, oyun, HD video izleme ve dosya indirme gibi yo\u011fun internet kullan\u0131m\u0131 gerektiren aktivitelerde m\u00fckemmel performans sa\u011flar.<br \/>\n \t\u00c7ift Bant Teknolojisi: Ultratekno Wifi Adapt\u00f6r 2.4 GHz ve 5.8 GHz frekanslar\u0131nda \u00e7al\u0131\u015fabilme \u00f6zelli\u011fi sayesinde, adapt\u00f6r her iki bantta da g\u00fc\u00e7l\u00fc bir ba\u011flant\u0131 sunar<br \/>\n \tBu, daha geni\u015f bir kablosuz kapsama alan\u0131 ve daha az giri\u015fim anlam\u0131na gelir<br \/>\n \tGeni\u015f Uyumlu: Windows ve Mac i\u015fletim sistemleriyle tam uyumlu olan Ultratekno W\u0130F\u0130 al\u0131c\u0131, farkl\u0131 cihazlarda sorunsuz bir \u015fekilde kullan\u0131labilir, eski ve yeni bilgisayarlar\u0131n\u0131z\u0131 g\u00fcncelleyebilirsiniz<br \/>\n \tY\u00fcksek Menzil ve Stabil Ba\u011flant\u0131: \u00c7ift anten tasar\u0131m\u0131 sayesinde Ultratekno, g\u00fc\u00e7l\u00fc bir sinyal g\u00fcc\u00fc ve geni\u015f menzil sunar, b\u00f6ylece zay\u0131f sinyal alan b\u00f6lgelerde bile kesintisiz ba\u011flant\u0131 sa\u011flar<br \/>\n \tUSB 3.0 Deste\u011fi: USB 3.0 teknolojisi ile uyumlu olan adapt\u00f6r, veri transferini h\u0131zland\u0131rarak dosya payla\u015f\u0131m\u0131 ve y\u00fckleme s\u00fcrelerini optimize eder <\/p>\n<p><b>1 adet fiyat\u0131d\u0131r<\/b> <\/p>\n<p><p><b>\u00dcretici Markas\u0131 : ZERO LAND<\/b><\/p>\n<p><b>\u00dcretici Kodu : UCZW\u0130F\u01305ADAPTR<\/b><\/p>\n<p><b>1 ADET F\u0130YATIDIR<\/b><\/p>\n<\/h4>\n<p><\/p>\n","protected":false},"excerpt":{"rendered":"<p>W\u0130F\u0130 5 ADAPT\u00d6R<\/p>\n","protected":false},"featured_media":200785,"comment_status":"open","ping_status":"closed","template":"","meta":[],"product_brand":[],"product_cat":[379,941],"product_tag":[1606,5425,3971],"class_list":{"0":"post-200790","1":"product","2":"type-product","3":"status-publish","4":"has-post-thumbnail","6":"product_cat-ev-yasam","7":"product_cat-wireless-adaptor","8":"product_tag-1606","9":"product_tag-adaptor","10":"product_tag-wifi","12":"first","13":"instock","14":"taxable","15":"shipping-taxable","16":"purchasable","17":"product-type-simple"},"_links":{"self":[{"href":"https:\/\/depodanmusteriye.com\/urunler\/wp-json\/wp\/v2\/product\/200790","targetHints":{"allow":["GET"]}}],"collection":[{"href":"https:\/\/depodanmusteriye.com\/urunler\/wp-json\/wp\/v2\/product"}],"about":[{"href":"https:\/\/depodanmusteriye.com\/urunler\/wp-json\/wp\/v2\/types\/product"}],"replies":[{"embeddable":true,"href":"https:\/\/depodanmusteriye.com\/urunler\/wp-json\/wp\/v2\/comments?post=200790"}],"version-history":[{"count":0,"href":"https:\/\/depodanmusteriye.com\/urunler\/wp-json\/wp\/v2\/product\/200790\/revisions"}],"wp:featuredmedia":[{"embeddable":true,"href":"https:\/\/depodanmusteriye.com\/urunler\/wp-json\/wp\/v2\/media\/200785"}],"wp:attachment":[{"href":"https:\/\/depodanmusteriye.com\/urunler\/wp-json\/wp\/v2\/media?parent=200790"}],"wp:term":[{"taxonomy":"product_brand","embeddable":true,"href":"https:\/\/depodanmusteriye.com\/urunler\/wp-json\/wp\/v2\/product_brand?post=200790"},{"taxonomy":"product_cat","embeddable":true,"href":"https:\/\/depodanmusteriye.com\/urunler\/wp-json\/wp\/v2\/product_cat?post=200790"},{"taxonomy":"product_tag","embeddable":true,"href":"https:\/\/depodanmusteriye.com\/urunler\/wp-json\/wp\/v2\/product_tag?post=200790"}],"curies":[{"name":"wp","href":"https:\/\/api.w.org\/{rel}","templated":true}]}}