{"id":200405,"date":"2025-12-15T20:40:47","date_gmt":"2025-12-15T20:40:47","guid":{"rendered":"https:\/\/b2b.depodanmusteriye.com\/urun\/45-mm-gri-kasa-ultra-akilli-saat-sesli-gorusme-saglik-takibi-suya-dayanikli-2\/"},"modified":"2025-12-15T20:40:47","modified_gmt":"2025-12-15T20:40:47","slug":"45-mm-gri-kasa-ultra-akilli-saat-sesli-gorusme-saglik-takibi-suya-dayanikli-2","status":"publish","type":"product","link":"https:\/\/depodanmusteriye.com\/urunler\/urun\/45-mm-gri-kasa-ultra-akilli-saat-sesli-gorusme-saglik-takibi-suya-dayanikli-2\/","title":{"rendered":"45 MM Gri Kasa Ultra Ak\u0131ll\u0131 Saat Sesli G\u00f6r\u00fc\u015fme, Sa\u011fl\u0131k Takibi, Suya Dayan\u0131kl\u0131"},"content":{"rendered":"<h4>Yeni nesil ak\u0131ll\u0131 saat, modern tasar\u0131m\u0131 ve g\u00fc\u00e7l\u00fc \u00f6zellikleriyle g\u00fcnl\u00fck ya\u015fam\u0131n\u0131z\u0131 kolayla\u015ft\u0131r\u0131r:<\/p>\n<p>\u2022 Sesli G\u00f6r\u00fc\u015fme ve Bildirim Takibi: Bluetooth ba\u011flant\u0131s\u0131 sayesinde telefon g\u00f6r\u00fc\u015fmelerinizi saatiniz \u00fczerinden ger\u00e7ekle\u015ftirebilir, bildirimlerinizi kolayca kontrol edebilirsiniz. Cevaps\u0131z \u00e7a\u011fr\u0131lar\u0131 g\u00f6rerek hi\u00e7bir aramay\u0131 ka\u00e7\u0131rmay\u0131n.<br \/>\n\u2022 Sa\u011fl\u0131k Asistan\u0131n\u0131z: Uyku d\u00fczeninizi takip edin, nab\u0131z \u00f6l\u00e7\u00fcm\u00fc ve sa\u011fl\u0131k analizleriyle bedeninizi kontrol alt\u0131nda tutun.<br \/>\n\u2022 Dayan\u0131kl\u0131 Tasar\u0131m: Gri renkli \u015f\u0131k kasas\u0131, suya ve toza kar\u015f\u0131 dayan\u0131kl\u0131 yap\u0131s\u0131 ile her ortamda g\u00fcvenle kullan\u0131labilir.<br \/>\n\u2022 Uzun \u00d6m\u00fcrl\u00fc Pil: 300-400 mAh g\u00fc\u00e7l\u00fc batarya kapasitesi ile g\u00fcn boyunca kesintisiz kullan\u0131m sa\u011flar.<br \/>\n\u2022 \u00c7ift Kordon Se\u00e7ene\u011fi: Kullan\u0131m kolayl\u0131\u011f\u0131 sa\u011flayan \u00e7ift kordon alternatifi ile stilinizi tamamlay\u0131n.<br \/>\nSpor yaparken, \u00e7al\u0131\u015f\u0131rken veya seyahat ederken bu saat, g\u00fcnl\u00fck ya\u015fam\u0131n\u0131z\u0131 daha verimli hale getirir! <\/p>\n<p><b>1 adet fiyat\u0131d\u0131r<\/b> <\/p>\n<p><p><b>\u00dcretici Markas\u0131 : ZERO LAND<\/b><\/p>\n<p><b>\u00dcretici Kodu : UCZT800AKILLISAAT1<\/b><\/p>\n<p><b>1 ADET F\u0130YATIDIR<\/b><\/p>\n<\/h4>\n<p><\/p>\n","protected":false},"excerpt":{"rendered":"<p>45 MM Gri Kasa Ultra Ak\u0131ll\u0131 Saat Sesli G\u00f6r\u00fc\u015fme, Sa\u011fl\u0131k Takibi, Suya Dayan\u0131kl\u0131<\/p>\n","protected":false},"featured_media":200400,"comment_status":"open","ping_status":"closed","template":"","meta":[],"product_brand":[],"product_cat":[630,374],"product_tag":[2351,3636,3993,13445,1684,1342,2098,3637,4398,3966,4000,4310,1976],"class_list":{"0":"post-200405","1":"product","2":"type-product","3":"status-publish","4":"has-post-thumbnail","6":"product_cat-akilli-saat","7":"product_cat-mobil-aksesuar","8":"product_tag-2351","9":"product_tag-akilli","10":"product_tag-dayanikli","11":"product_tag-gorusme","12":"product_tag-gri","13":"product_tag-kasa","14":"product_tag-mm","15":"product_tag-saat","16":"product_tag-saglik","17":"product_tag-sesli","18":"product_tag-suya","19":"product_tag-takibi","20":"product_tag-ultra","22":"first","23":"instock","24":"taxable","25":"shipping-taxable","26":"purchasable","27":"product-type-simple"},"_links":{"self":[{"href":"https:\/\/depodanmusteriye.com\/urunler\/wp-json\/wp\/v2\/product\/200405","targetHints":{"allow":["GET"]}}],"collection":[{"href":"https:\/\/depodanmusteriye.com\/urunler\/wp-json\/wp\/v2\/product"}],"about":[{"href":"https:\/\/depodanmusteriye.com\/urunler\/wp-json\/wp\/v2\/types\/product"}],"replies":[{"embeddable":true,"href":"https:\/\/depodanmusteriye.com\/urunler\/wp-json\/wp\/v2\/comments?post=200405"}],"version-history":[{"count":0,"href":"https:\/\/depodanmusteriye.com\/urunler\/wp-json\/wp\/v2\/product\/200405\/revisions"}],"wp:featuredmedia":[{"embeddable":true,"href":"https:\/\/depodanmusteriye.com\/urunler\/wp-json\/wp\/v2\/media\/200400"}],"wp:attachment":[{"href":"https:\/\/depodanmusteriye.com\/urunler\/wp-json\/wp\/v2\/media?parent=200405"}],"wp:term":[{"taxonomy":"product_brand","embeddable":true,"href":"https:\/\/depodanmusteriye.com\/urunler\/wp-json\/wp\/v2\/product_brand?post=200405"},{"taxonomy":"product_cat","embeddable":true,"href":"https:\/\/depodanmusteriye.com\/urunler\/wp-json\/wp\/v2\/product_cat?post=200405"},{"taxonomy":"product_tag","embeddable":true,"href":"https:\/\/depodanmusteriye.com\/urunler\/wp-json\/wp\/v2\/product_tag?post=200405"}],"curies":[{"name":"wp","href":"https:\/\/api.w.org\/{rel}","templated":true}]}}