{"id":199205,"date":"2025-12-15T19:22:50","date_gmt":"2025-12-15T19:22:50","guid":{"rendered":"https:\/\/b2b.depodanmusteriye.com\/urun\/interkom-intercom-kask-kulaklik-bt22-bluetooth-motosiklet-kulaklik-5-0-bluetooth-2\/"},"modified":"2025-12-15T19:22:50","modified_gmt":"2025-12-15T19:22:50","slug":"interkom-intercom-kask-kulaklik-bt22-bluetooth-motosiklet-kulaklik-5-0-bluetooth-2","status":"publish","type":"product","link":"https:\/\/depodanmusteriye.com\/urunler\/urun\/interkom-intercom-kask-kulaklik-bt22-bluetooth-motosiklet-kulaklik-5-0-bluetooth-2\/","title":{"rendered":"\u0130nterkom Intercom Kask Kulakl\u0131k Bt22 Bluetooth Motosiklet Kulakl\u0131k 5.0 Bluetooth"},"content":{"rendered":"<h4>BT22 Kask Bluetooth Kulakl\u0131k, motosiklet s\u00fcr\u00fc\u015flerinde g\u00fcvenlik ve e\u011flenceyi bir araya getiren \u00f6zelliklerle donat\u0131lm\u0131\u015ft\u0131r. GPS kullan\u0131rken veya arkada\u015flar\u0131n\u0131zla konu\u015furken dikkatinizi yoldan ay\u0131rman\u0131za gerek kalmaz. Kulakl\u0131\u011f\u0131n kask i\u00e7ine kolayca monte edilebilen tasar\u0131m\u0131, hemen hemen t\u00fcm kasklarla uyumludur. Y\u00fcksek kaliteli ses \u00e7\u0131k\u0131\u015f\u0131, hem m\u00fczik hem de ileti\u015fim deneyimini en \u00fcst seviyeye \u00e7\u0131kar\u0131r.<\/p>\n<p>Bu cihaz, s\u00fcr\u00fc\u015f esnas\u0131nda dikkat da\u011f\u0131t\u0131c\u0131 unsurlar\u0131 en aza indirerek g\u00fcvenli\u011finizi art\u0131r\u0131r. \u0130nterkom \u00f6zelli\u011fi ile arkada\u015flar\u0131n\u0131zla grup s\u00fcr\u00fc\u015flerinde ileti\u015fim kurabilir, planlamalar\u0131n\u0131z\u0131 rahat\u00e7a yapabilirsiniz. T\u00fcm bu \u00f6zellikleri bir arada sunan BT22 Kask Bluetooth Kulakl\u0131k, s\u00fcr\u00fc\u015flerinizi daha keyifli ve ba\u011flant\u0131l\u0131 hale getirir. <\/p>\n<p><b>1 adet fiyat\u0131d\u0131r<\/b> <\/p>\n<p><p><b>\u00dcretici Markas\u0131 : ZERO LAND<\/b><\/p>\n<p><b>\u00dcretici Kodu : UCZBT22KULAKLIK3<\/b><\/p>\n<p><b>1 ADET F\u0130YATIDIR<\/b><\/p>\n<\/h4>\n<p><\/p>\n","protected":false},"excerpt":{"rendered":"<p>\u0130nterkom Intercom Kask Kulakl\u0131k Bt22 Bluetooth Motosiklet Kulakl\u0131k 5.0 Bluetooth<\/p>\n","protected":false},"featured_media":199200,"comment_status":"open","ping_status":"closed","template":"","meta":[],"product_brand":[],"product_cat":[379,724],"product_tag":[13026,3605,13455,4128,13389,4129,1641,4104],"class_list":{"0":"post-199205","1":"product","2":"type-product","3":"status-publish","4":"has-post-thumbnail","6":"product_cat-ev-yasam","7":"product_cat-intercom","8":"product_tag-5-0","9":"product_tag-bluetooth","10":"product_tag-bt22","11":"product_tag-intercom","12":"product_tag-interkom","13":"product_tag-kask","14":"product_tag-kulaklik","15":"product_tag-motosiklet","17":"first","18":"instock","19":"taxable","20":"shipping-taxable","21":"purchasable","22":"product-type-simple"},"_links":{"self":[{"href":"https:\/\/depodanmusteriye.com\/urunler\/wp-json\/wp\/v2\/product\/199205","targetHints":{"allow":["GET"]}}],"collection":[{"href":"https:\/\/depodanmusteriye.com\/urunler\/wp-json\/wp\/v2\/product"}],"about":[{"href":"https:\/\/depodanmusteriye.com\/urunler\/wp-json\/wp\/v2\/types\/product"}],"replies":[{"embeddable":true,"href":"https:\/\/depodanmusteriye.com\/urunler\/wp-json\/wp\/v2\/comments?post=199205"}],"version-history":[{"count":0,"href":"https:\/\/depodanmusteriye.com\/urunler\/wp-json\/wp\/v2\/product\/199205\/revisions"}],"wp:featuredmedia":[{"embeddable":true,"href":"https:\/\/depodanmusteriye.com\/urunler\/wp-json\/wp\/v2\/media\/199200"}],"wp:attachment":[{"href":"https:\/\/depodanmusteriye.com\/urunler\/wp-json\/wp\/v2\/media?parent=199205"}],"wp:term":[{"taxonomy":"product_brand","embeddable":true,"href":"https:\/\/depodanmusteriye.com\/urunler\/wp-json\/wp\/v2\/product_brand?post=199205"},{"taxonomy":"product_cat","embeddable":true,"href":"https:\/\/depodanmusteriye.com\/urunler\/wp-json\/wp\/v2\/product_cat?post=199205"},{"taxonomy":"product_tag","embeddable":true,"href":"https:\/\/depodanmusteriye.com\/urunler\/wp-json\/wp\/v2\/product_tag?post=199205"}],"curies":[{"name":"wp","href":"https:\/\/api.w.org\/{rel}","templated":true}]}}