{"id":198504,"date":"2025-12-15T18:38:36","date_gmt":"2025-12-15T18:38:36","guid":{"rendered":"https:\/\/b2b.depodanmusteriye.com\/urun\/el-feneri-acil-isik-seti-tornavida-duduk-kapak-acma-kamp-lambasi-2\/"},"modified":"2025-12-15T18:38:36","modified_gmt":"2025-12-15T18:38:36","slug":"el-feneri-acil-isik-seti-tornavida-duduk-kapak-acma-kamp-lambasi-2","status":"publish","type":"product","link":"https:\/\/depodanmusteriye.com\/urunler\/urun\/el-feneri-acil-isik-seti-tornavida-duduk-kapak-acma-kamp-lambasi-2\/","title":{"rendered":"El Feneri Acil I\u015f\u0131k Seti Tornavida D\u00fcd\u00fck Kapak A\u00e7ma Kamp Lambas\u0131"},"content":{"rendered":"<h4>Zorlu ko\u015fullara uygun olarak tasarlanan bu \u00e7ok i\u015flevli anahtarl\u0131k feneri, yaln\u0131zca bir fenerden \u00e7ok daha fazlas\u0131n\u0131 sunar. Ultra parlak LED \u0131\u015f\u0131\u011f\u0131 ile karanl\u0131k ortamlarda dahi maksimum g\u00f6r\u00fc\u015f sa\u011flar ve g\u00fcvenli\u011finizi art\u0131r\u0131r. Acil durumlarda kullanabilece\u011finiz entegre d\u00fcd\u00fck, do\u011fa y\u00fcr\u00fcy\u00fc\u015flerinde veya kamp yaparken hayat kurtar\u0131c\u0131 bir detay olarak \u00f6ne \u00e7\u0131kar. Ayr\u0131ca, \u015fi\u015fe a\u00e7aca\u011f\u0131 ve tornavida gibi pratik ara\u00e7lar, g\u00fcnl\u00fck kullan\u0131mda da size b\u00fcy\u00fck kolayl\u0131k sa\u011flar. USB \u00fczerinden \u015farj edilebilen bataryas\u0131, \u00e7evre dostu bir \u00e7\u00f6z\u00fcm sunarken sizi pil de\u011fi\u015ftirme zahmetinden kurtar\u0131r. \u00c7oklu \u0131\u015f\u0131k modlar\u0131 sayesinde her duruma uygun bir ayd\u0131nlatma se\u00e7ene\u011fi sunan bu \u00fcr\u00fcn, ta\u015f\u0131nabilir ve hafif tasar\u0131m\u0131yla her zaman yan\u0131n\u0131zda olmaya haz\u0131rd\u0131r. A\u00e7\u0131k hava etkinliklerinden g\u00fcnl\u00fck ya\u015fam\u0131n\u0131za kadar her alanda pratik \u00e7\u00f6z\u00fcmler sunan bu anahtarl\u0131k feneri, kompakt boyutuyla b\u00fcy\u00fck i\u015fler ba\u015far\u0131r. \u015eimdi sat\u0131n al\u0131n, her duruma haz\u0131rl\u0131kl\u0131 olun! <\/p>\n<p><b>1 adet fiyat\u0131d\u0131r<\/b> <\/p>\n<p><p><b>\u00dcretici Markas\u0131 : ZERO LAND<\/b><\/p>\n<p><b>\u00dcretici Kodu : UCZ\u00c7OK\u0130\u015eLEVLII\u015eIK3<\/b><\/p>\n<p><b>1 ADET F\u0130YATIDIR<\/b><\/p>\n<\/h4>\n<p><\/p>\n","protected":false},"excerpt":{"rendered":"<p>El Feneri Acil I\u015f\u0131k Seti Tornavida D\u00fcd\u00fck Kapak A\u00e7ma Kamp Lambas\u0131<\/p>\n","protected":false},"featured_media":198499,"comment_status":"open","ping_status":"closed","template":"","meta":[],"product_brand":[],"product_cat":[662,379],"product_tag":[4041,1230,14498,2059,4052,1947,4043,1389,2287,1172,3847],"class_list":{"0":"post-198504","1":"product","2":"type-product","3":"status-publish","4":"has-post-thumbnail","6":"product_cat-el-feneri","7":"product_cat-ev-yasam","8":"product_tag-acil","9":"product_tag-acma","10":"product_tag-duduk","11":"product_tag-el","12":"product_tag-feneri","13":"product_tag-isik","14":"product_tag-kamp","15":"product_tag-kapak","16":"product_tag-lambasi","17":"product_tag-seti","18":"product_tag-tornavida","20":"first","21":"instock","22":"taxable","23":"shipping-taxable","24":"purchasable","25":"product-type-simple"},"_links":{"self":[{"href":"https:\/\/depodanmusteriye.com\/urunler\/wp-json\/wp\/v2\/product\/198504","targetHints":{"allow":["GET"]}}],"collection":[{"href":"https:\/\/depodanmusteriye.com\/urunler\/wp-json\/wp\/v2\/product"}],"about":[{"href":"https:\/\/depodanmusteriye.com\/urunler\/wp-json\/wp\/v2\/types\/product"}],"replies":[{"embeddable":true,"href":"https:\/\/depodanmusteriye.com\/urunler\/wp-json\/wp\/v2\/comments?post=198504"}],"version-history":[{"count":0,"href":"https:\/\/depodanmusteriye.com\/urunler\/wp-json\/wp\/v2\/product\/198504\/revisions"}],"wp:featuredmedia":[{"embeddable":true,"href":"https:\/\/depodanmusteriye.com\/urunler\/wp-json\/wp\/v2\/media\/198499"}],"wp:attachment":[{"href":"https:\/\/depodanmusteriye.com\/urunler\/wp-json\/wp\/v2\/media?parent=198504"}],"wp:term":[{"taxonomy":"product_brand","embeddable":true,"href":"https:\/\/depodanmusteriye.com\/urunler\/wp-json\/wp\/v2\/product_brand?post=198504"},{"taxonomy":"product_cat","embeddable":true,"href":"https:\/\/depodanmusteriye.com\/urunler\/wp-json\/wp\/v2\/product_cat?post=198504"},{"taxonomy":"product_tag","embeddable":true,"href":"https:\/\/depodanmusteriye.com\/urunler\/wp-json\/wp\/v2\/product_tag?post=198504"}],"curies":[{"name":"wp","href":"https:\/\/api.w.org\/{rel}","templated":true}]}}