{"id":196536,"date":"2025-12-15T16:33:34","date_gmt":"2025-12-15T16:33:34","guid":{"rendered":"https:\/\/b2b.depodanmusteriye.com\/urun\/2025-yeni-model-bluetooth-kulaklik-stereo-tws-kulaklik-5-0-bluetooth-yuksek-ses-kaliteli-2\/"},"modified":"2025-12-15T16:33:34","modified_gmt":"2025-12-15T16:33:34","slug":"2025-yeni-model-bluetooth-kulaklik-stereo-tws-kulaklik-5-0-bluetooth-yuksek-ses-kaliteli-2","status":"publish","type":"product","link":"https:\/\/depodanmusteriye.com\/urunler\/urun\/2025-yeni-model-bluetooth-kulaklik-stereo-tws-kulaklik-5-0-bluetooth-yuksek-ses-kaliteli-2\/","title":{"rendered":"2025 Yeni Model Bluetooth Kulakl\u0131k Stereo TWS Kulakl\u0131k 5.0 Bluetooth Y\u00fcksek Ses Kaliteli"},"content":{"rendered":"<h4>A10s TWS kablosuz kulakl\u0131k, g\u00fc\u00e7l\u00fc bataryas\u0131 ve y\u00fcksek ses performans\u0131yla \u00f6ne \u00e7\u0131kan bir modeldir. Bluetooth 5.0 teknolojisi ile gecikme s\u00fcresini minimize ederken, stabil ve kesintisiz bir ba\u011flant\u0131 deneyimi sunar. Dokunmatik kontrol \u00f6zelli\u011fi sayesinde tek dokunu\u015fla \u00e7a\u011fr\u0131lar\u0131n\u0131z\u0131 y\u00f6netebilir ve m\u00fczi\u011finizi duraklatabilirsiniz. 1800 mAh kapasiteli \u015farj kutusu, kulakl\u0131klar\u0131 22 kez \u015farj edebilir ve ayn\u0131 zamanda telefonunuzu da destekleyerek mobil ya\u015fam\u0131n\u0131z\u0131 kolayla\u015ft\u0131r\u0131r. 10 metreye kadar \u00e7ekim mesafesi sunan bu kulakl\u0131k, g\u00fcnl\u00fck kullan\u0131mlarda maksimum \u00f6zg\u00fcrl\u00fck sa\u011flar. \u015e\u0131k ve hafif tasar\u0131m\u0131 ile uzun s\u00fcreli kullan\u0131mlarda dahi konfor sunarken, stereo ses kalitesi ile m\u00fczik ve konu\u015fma deneyiminizi \u00fcst seviyeye \u00e7\u0131kar\u0131r. <\/p>\n<p><b>1 adet fiyat\u0131d\u0131r<\/b> <\/p>\n<p><p><b>\u00dcretici Markas\u0131 : ZERO LAND<\/b><\/p>\n<p><b>\u00dcretici Kodu : UCZA10SS2<\/b><\/p>\n<p><b>1 ADET F\u0130YATIDIR<\/b><\/p>\n<\/h4>\n<p><\/p>\n","protected":false},"excerpt":{"rendered":"<p>2025 Yeni Model Bluetooth Kulakl\u0131k Stereo TWS Kulakl\u0131k 5.0 Bluetooth Y\u00fcksek Ses Kaliteli<\/p>\n","protected":false},"featured_media":196531,"comment_status":"open","ping_status":"closed","template":"","meta":[],"product_brand":[],"product_cat":[494,374],"product_tag":[7616,13026,3605,10547,1641,1915,13016,9185,3800,2630],"class_list":{"0":"post-196536","1":"product","2":"type-product","3":"status-publish","4":"has-post-thumbnail","6":"product_cat-kulak-ici-tws-bluetooth-kulaklik","7":"product_cat-mobil-aksesuar","8":"product_tag-7616","9":"product_tag-5-0","10":"product_tag-bluetooth","11":"product_tag-kaliteli","12":"product_tag-kulaklik","13":"product_tag-ses","14":"product_tag-stereo","15":"product_tag-tws","16":"product_tag-yeni","17":"product_tag-yuksek","19":"first","20":"instock","21":"taxable","22":"shipping-taxable","23":"purchasable","24":"product-type-simple"},"_links":{"self":[{"href":"https:\/\/depodanmusteriye.com\/urunler\/wp-json\/wp\/v2\/product\/196536","targetHints":{"allow":["GET"]}}],"collection":[{"href":"https:\/\/depodanmusteriye.com\/urunler\/wp-json\/wp\/v2\/product"}],"about":[{"href":"https:\/\/depodanmusteriye.com\/urunler\/wp-json\/wp\/v2\/types\/product"}],"replies":[{"embeddable":true,"href":"https:\/\/depodanmusteriye.com\/urunler\/wp-json\/wp\/v2\/comments?post=196536"}],"version-history":[{"count":0,"href":"https:\/\/depodanmusteriye.com\/urunler\/wp-json\/wp\/v2\/product\/196536\/revisions"}],"wp:featuredmedia":[{"embeddable":true,"href":"https:\/\/depodanmusteriye.com\/urunler\/wp-json\/wp\/v2\/media\/196531"}],"wp:attachment":[{"href":"https:\/\/depodanmusteriye.com\/urunler\/wp-json\/wp\/v2\/media?parent=196536"}],"wp:term":[{"taxonomy":"product_brand","embeddable":true,"href":"https:\/\/depodanmusteriye.com\/urunler\/wp-json\/wp\/v2\/product_brand?post=196536"},{"taxonomy":"product_cat","embeddable":true,"href":"https:\/\/depodanmusteriye.com\/urunler\/wp-json\/wp\/v2\/product_cat?post=196536"},{"taxonomy":"product_tag","embeddable":true,"href":"https:\/\/depodanmusteriye.com\/urunler\/wp-json\/wp\/v2\/product_tag?post=196536"}],"curies":[{"name":"wp","href":"https:\/\/api.w.org\/{rel}","templated":true}]}}