{"id":196530,"date":"2025-12-15T16:33:09","date_gmt":"2025-12-15T16:33:09","guid":{"rendered":"https:\/\/b2b.depodanmusteriye.com\/urun\/yeni-nesil-tws-kablosuz-kulaklik-guclu-batarya-yuksek-kalite-bluetooth-5-0-anc-ozelligi-2\/"},"modified":"2025-12-15T16:33:09","modified_gmt":"2025-12-15T16:33:09","slug":"yeni-nesil-tws-kablosuz-kulaklik-guclu-batarya-yuksek-kalite-bluetooth-5-0-anc-ozelligi-2","status":"publish","type":"product","link":"https:\/\/depodanmusteriye.com\/urunler\/urun\/yeni-nesil-tws-kablosuz-kulaklik-guclu-batarya-yuksek-kalite-bluetooth-5-0-anc-ozelligi-2\/","title":{"rendered":"Yeni Nesil TWS Kablosuz Kulakl\u0131k G\u00fc\u00e7l\u00fc Batarya Y\u00fcksek Kalite Bluetooth 5.0 ANC \u00d6zelli\u011fi"},"content":{"rendered":"<h4>Modern tasar\u0131m\u0131 ve y\u00fcksek performansl\u0131 bataryas\u0131 ile A10s TWS kablosuz kulakl\u0131k, teknolojiyi konforla bulu\u015fturuyor. Bluetooth 5.0 s\u00fcr\u00fcm\u00fc sayesinde kesintisiz bir ba\u011flant\u0131 sa\u011flarken, dokunmatik kontrol paneli ile \u00e7a\u011fr\u0131lar\u0131 y\u00f6netmek ve m\u00fczikleri kontrol etmek olduk\u00e7a kolay hale gelir. 1800 mAh kapasiteye sahip \u015farj kutusu, kulakl\u0131klar\u0131n\u0131z\u0131 bir\u00e7ok kez \u015farj edebilir ve ayn\u0131 zamanda cep telefonunuzu da destekleyerek ekstra bir g\u00fc\u00e7 kayna\u011f\u0131 g\u00f6revi g\u00f6r\u00fcr. 40 mAh kapasiteli kulakl\u0131k bataryalar\u0131, yakla\u015f\u0131k 4 saat boyunca kesintisiz m\u00fczik dinleme ve telefon g\u00f6r\u00fc\u015fmesi yapma imkan\u0131 sunarken, \u015farj kutusu ile 22 kez \u015farj edilebilme avantaj\u0131 sa\u011flar. Hafif yap\u0131s\u0131 ve ergonomik kulak i\u00e7i tasar\u0131m\u0131 ile maksimum konfor sunan bu kulakl\u0131k, kaliteli stereo ses ile m\u00fczik keyfinizi ikiye katlar. <\/p>\n<p><b>1 adet fiyat\u0131d\u0131r<\/b> <\/p>\n<p><p><b>\u00dcretici Markas\u0131 : ZERO LAND<\/b><\/p>\n<p><b>\u00dcretici Kodu : UCZA10SS3<\/b><\/p>\n<p><b>1 ADET F\u0130YATIDIR<\/b><\/p>\n<\/h4>\n<p><\/p>\n","protected":false},"excerpt":{"rendered":"<p>Yeni Nesil TWS Kablosuz Kulakl\u0131k G\u00fc\u00e7l\u00fc Batarya Y\u00fcksek Kalite Bluetooth 5.0 ANC \u00d6zelli\u011fi<\/p>\n","protected":false},"featured_media":196525,"comment_status":"open","ping_status":"closed","template":"","meta":[],"product_brand":[],"product_cat":[494,374],"product_tag":[13026,13178,4311,3605,4038,1640,8051,1641,4325,13447,9185,3800,2630],"class_list":{"0":"post-196530","1":"product","2":"type-product","3":"status-publish","4":"has-post-thumbnail","6":"product_cat-kulak-ici-tws-bluetooth-kulaklik","7":"product_cat-mobil-aksesuar","8":"product_tag-5-0","9":"product_tag-anc","10":"product_tag-batarya","11":"product_tag-bluetooth","12":"product_tag-guclu","13":"product_tag-kablosuz","14":"product_tag-kalite","15":"product_tag-kulaklik","16":"product_tag-nesil","17":"product_tag-ozelligi","18":"product_tag-tws","19":"product_tag-yeni","20":"product_tag-yuksek","22":"first","23":"instock","24":"taxable","25":"shipping-taxable","26":"purchasable","27":"product-type-simple"},"_links":{"self":[{"href":"https:\/\/depodanmusteriye.com\/urunler\/wp-json\/wp\/v2\/product\/196530","targetHints":{"allow":["GET"]}}],"collection":[{"href":"https:\/\/depodanmusteriye.com\/urunler\/wp-json\/wp\/v2\/product"}],"about":[{"href":"https:\/\/depodanmusteriye.com\/urunler\/wp-json\/wp\/v2\/types\/product"}],"replies":[{"embeddable":true,"href":"https:\/\/depodanmusteriye.com\/urunler\/wp-json\/wp\/v2\/comments?post=196530"}],"version-history":[{"count":0,"href":"https:\/\/depodanmusteriye.com\/urunler\/wp-json\/wp\/v2\/product\/196530\/revisions"}],"wp:featuredmedia":[{"embeddable":true,"href":"https:\/\/depodanmusteriye.com\/urunler\/wp-json\/wp\/v2\/media\/196525"}],"wp:attachment":[{"href":"https:\/\/depodanmusteriye.com\/urunler\/wp-json\/wp\/v2\/media?parent=196530"}],"wp:term":[{"taxonomy":"product_brand","embeddable":true,"href":"https:\/\/depodanmusteriye.com\/urunler\/wp-json\/wp\/v2\/product_brand?post=196530"},{"taxonomy":"product_cat","embeddable":true,"href":"https:\/\/depodanmusteriye.com\/urunler\/wp-json\/wp\/v2\/product_cat?post=196530"},{"taxonomy":"product_tag","embeddable":true,"href":"https:\/\/depodanmusteriye.com\/urunler\/wp-json\/wp\/v2\/product_tag?post=196530"}],"curies":[{"name":"wp","href":"https:\/\/api.w.org\/{rel}","templated":true}]}}