{"id":196506,"date":"2025-12-15T16:31:45","date_gmt":"2025-12-15T16:31:45","guid":{"rendered":"https:\/\/b2b.depodanmusteriye.com\/urun\/game-stick-4k-retro-cift-kollu-atari-oyunlari-20000-oyunlu-konsol-nostalji-2\/"},"modified":"2025-12-15T16:31:45","modified_gmt":"2025-12-15T16:31:45","slug":"game-stick-4k-retro-cift-kollu-atari-oyunlari-20000-oyunlu-konsol-nostalji-2","status":"publish","type":"product","link":"https:\/\/depodanmusteriye.com\/urunler\/urun\/game-stick-4k-retro-cift-kollu-atari-oyunlari-20000-oyunlu-konsol-nostalji-2\/","title":{"rendered":"Game Stick 4K Retro \u00c7ift Kollu Atari Oyunlari +20000 Oyunlu Konsol Nostalji"},"content":{"rendered":"<h4>Y\u00fcksek \u00e7\u00f6z\u00fcn\u00fcrl\u00fckl\u00fc 4K HD ekran deste\u011fiyle retro game stick, oyun deneyiminizi \u00fcst seviyeye ta\u015f\u0131rken nostaljik anlar\u0131n\u0131za e\u015flik eder. Geni\u015f oyun k\u00fct\u00fcphanesi sayesinde 20.000\u2019den fazla Atari oyununu ke\u015ffetme f\u0131rsat\u0131 sunarak her ya\u015ftan oyuncunun ilgisini \u00e7ekecek zengin bir i\u00e7erik sa\u011flar. \u015e\u0131k beyaz tasar\u0131m\u0131yla hem estetik bir g\u00f6r\u00fcn\u00fcm sunar hem de evinizin dekorasyonuna uyum sa\u011flayarak fonksiyonel bir aksesuar olarak \u00f6ne \u00e7\u0131kar. \u0130thalat\u00e7\u0131 garantisi alt\u0131nda sunulan bu \u00fcr\u00fcn, g\u00fcvenli al\u0131\u015fveri\u015f yapman\u0131z\u0131 sa\u011flarken olas\u0131 teknik sorunlarda endi\u015felenmenize gerek b\u0131rakmaz. <\/p>\n<p><b>1 adet fiyat\u0131d\u0131r<\/b> <\/p>\n<p><p><b>\u00dcretici Markas\u0131 : ZERO LAND<\/b><\/p>\n<p><b>\u00dcretici Kodu : UCZ3DGAMEST\u0130CKK1<\/b><\/p>\n<p><b>1 ADET F\u0130YATIDIR<\/b><\/p>\n<\/h4>\n<p><\/p>\n","protected":false},"excerpt":{"rendered":"<p>Game Stick 4K Retro \u00c7ift Kollu Atari Oyunlari +20000 Oyunlu Konsol Nostalji<\/p>\n","protected":false},"featured_media":196501,"comment_status":"open","ping_status":"closed","template":"","meta":[],"product_brand":[],"product_cat":[379,725],"product_tag":[1959,13491,1747,1960,1430,13486,4237,13529,4167,1963,1961],"class_list":{"0":"post-196506","1":"product","2":"type-product","3":"status-publish","4":"has-post-thumbnail","6":"product_cat-ev-yasam","7":"product_cat-psp-and-vita-oyunu","8":"product_tag-4k","9":"product_tag-atari","10":"product_tag-cift","11":"product_tag-game","12":"product_tag-kollu","13":"product_tag-konsol","14":"product_tag-nostalji","15":"product_tag-oyunlari","16":"product_tag-oyunlu","17":"product_tag-retro","18":"product_tag-stick","20":"first","21":"instock","22":"taxable","23":"shipping-taxable","24":"purchasable","25":"product-type-simple"},"_links":{"self":[{"href":"https:\/\/depodanmusteriye.com\/urunler\/wp-json\/wp\/v2\/product\/196506","targetHints":{"allow":["GET"]}}],"collection":[{"href":"https:\/\/depodanmusteriye.com\/urunler\/wp-json\/wp\/v2\/product"}],"about":[{"href":"https:\/\/depodanmusteriye.com\/urunler\/wp-json\/wp\/v2\/types\/product"}],"replies":[{"embeddable":true,"href":"https:\/\/depodanmusteriye.com\/urunler\/wp-json\/wp\/v2\/comments?post=196506"}],"version-history":[{"count":0,"href":"https:\/\/depodanmusteriye.com\/urunler\/wp-json\/wp\/v2\/product\/196506\/revisions"}],"wp:featuredmedia":[{"embeddable":true,"href":"https:\/\/depodanmusteriye.com\/urunler\/wp-json\/wp\/v2\/media\/196501"}],"wp:attachment":[{"href":"https:\/\/depodanmusteriye.com\/urunler\/wp-json\/wp\/v2\/media?parent=196506"}],"wp:term":[{"taxonomy":"product_brand","embeddable":true,"href":"https:\/\/depodanmusteriye.com\/urunler\/wp-json\/wp\/v2\/product_brand?post=196506"},{"taxonomy":"product_cat","embeddable":true,"href":"https:\/\/depodanmusteriye.com\/urunler\/wp-json\/wp\/v2\/product_cat?post=196506"},{"taxonomy":"product_tag","embeddable":true,"href":"https:\/\/depodanmusteriye.com\/urunler\/wp-json\/wp\/v2\/product_tag?post=196506"}],"curies":[{"name":"wp","href":"https:\/\/api.w.org\/{rel}","templated":true}]}}