{"id":196500,"date":"2025-12-15T16:31:22","date_gmt":"2025-12-15T16:31:22","guid":{"rendered":"https:\/\/b2b.depodanmusteriye.com\/urun\/4k-hd-goruntu-kaliteli-retro-game-stick-20000-oyunlu-cift-kollu-beyaz-game-stick-2\/"},"modified":"2025-12-15T16:31:22","modified_gmt":"2025-12-15T16:31:22","slug":"4k-hd-goruntu-kaliteli-retro-game-stick-20000-oyunlu-cift-kollu-beyaz-game-stick-2","status":"publish","type":"product","link":"https:\/\/depodanmusteriye.com\/urunler\/urun\/4k-hd-goruntu-kaliteli-retro-game-stick-20000-oyunlu-cift-kollu-beyaz-game-stick-2\/","title":{"rendered":"4K HD G\u00f6r\u00fcnt\u00fc Kaliteli Retro Game Stick 20000 Oyunlu \u00c7ift Kollu Beyaz Game Stick"},"content":{"rendered":"<h4>Retro game stick, 4K HD ekran deste\u011fiyle nostaljik oyun keyfini y\u00fcksek \u00e7\u00f6z\u00fcn\u00fcrl\u00fckle bulu\u015fturur. 20.000\u2019den fazla Atari oyunu i\u00e7eren geni\u015f k\u00fct\u00fcphanesi sayesinde her ya\u015ftan oyun sever i\u00e7in e\u015fsiz bir deneyim sunar. \u015e\u0131k ve modern beyaz tasar\u0131m\u0131yla dikkat \u00e7eken bu oyun konsolu, evinizde hem e\u011flenceli hem de dekoratif bir aksesuar olarak \u00f6ne \u00e7\u0131kar. Kolay kurulum ve kablosuz ba\u011flant\u0131 \u00f6zellikleriyle pratik bir kullan\u0131m sa\u011flarken, ithalat\u00e7\u0131 garantisi sayesinde g\u00fcvenli bir al\u0131\u015fveri\u015f imkan\u0131 sunar. <\/p>\n<p><b>1 adet fiyat\u0131d\u0131r<\/b> <\/p>\n<p><p><b>\u00dcretici Markas\u0131 : ZERO LAND<\/b><\/p>\n<p><b>\u00dcretici Kodu : UCZ3DGAMEST\u0130CKK2<\/b><\/p>\n<p><b>1 ADET F\u0130YATIDIR<\/b><\/p>\n<\/h4>\n<p><\/p>\n","protected":false},"excerpt":{"rendered":"<p>4K HD G\u00f6r\u00fcnt\u00fc Kaliteli Retro Game Stick 20000 Oyunlu \u00c7ift Kollu Beyaz Game Stick<\/p>\n","protected":false},"featured_media":196495,"comment_status":"open","ping_status":"closed","template":"","meta":[],"product_brand":[],"product_cat":[379,725],"product_tag":[14146,1959,1663,1747,1960,13127,3176,10547,1430,4167,1963,1961],"class_list":{"0":"post-196500","1":"product","2":"type-product","3":"status-publish","4":"has-post-thumbnail","6":"product_cat-ev-yasam","7":"product_cat-psp-and-vita-oyunu","8":"product_tag-14146","9":"product_tag-4k","10":"product_tag-beyaz","11":"product_tag-cift","12":"product_tag-game","13":"product_tag-goruntu","14":"product_tag-hd","15":"product_tag-kaliteli","16":"product_tag-kollu","17":"product_tag-oyunlu","18":"product_tag-retro","19":"product_tag-stick","21":"first","22":"instock","23":"taxable","24":"shipping-taxable","25":"purchasable","26":"product-type-simple"},"_links":{"self":[{"href":"https:\/\/depodanmusteriye.com\/urunler\/wp-json\/wp\/v2\/product\/196500","targetHints":{"allow":["GET"]}}],"collection":[{"href":"https:\/\/depodanmusteriye.com\/urunler\/wp-json\/wp\/v2\/product"}],"about":[{"href":"https:\/\/depodanmusteriye.com\/urunler\/wp-json\/wp\/v2\/types\/product"}],"replies":[{"embeddable":true,"href":"https:\/\/depodanmusteriye.com\/urunler\/wp-json\/wp\/v2\/comments?post=196500"}],"version-history":[{"count":0,"href":"https:\/\/depodanmusteriye.com\/urunler\/wp-json\/wp\/v2\/product\/196500\/revisions"}],"wp:featuredmedia":[{"embeddable":true,"href":"https:\/\/depodanmusteriye.com\/urunler\/wp-json\/wp\/v2\/media\/196495"}],"wp:attachment":[{"href":"https:\/\/depodanmusteriye.com\/urunler\/wp-json\/wp\/v2\/media?parent=196500"}],"wp:term":[{"taxonomy":"product_brand","embeddable":true,"href":"https:\/\/depodanmusteriye.com\/urunler\/wp-json\/wp\/v2\/product_brand?post=196500"},{"taxonomy":"product_cat","embeddable":true,"href":"https:\/\/depodanmusteriye.com\/urunler\/wp-json\/wp\/v2\/product_cat?post=196500"},{"taxonomy":"product_tag","embeddable":true,"href":"https:\/\/depodanmusteriye.com\/urunler\/wp-json\/wp\/v2\/product_tag?post=196500"}],"curies":[{"name":"wp","href":"https:\/\/api.w.org\/{rel}","templated":true}]}}