{"id":196494,"date":"2025-12-15T16:31:02","date_gmt":"2025-12-15T16:31:02","guid":{"rendered":"https:\/\/b2b.depodanmusteriye.com\/urun\/cift-oyun-kollu-4k-hd-ekran-nostaljik-20-000-oyunlu-beyaz-game-stick-2\/"},"modified":"2025-12-15T16:31:02","modified_gmt":"2025-12-15T16:31:02","slug":"cift-oyun-kollu-4k-hd-ekran-nostaljik-20-000-oyunlu-beyaz-game-stick-2","status":"publish","type":"product","link":"https:\/\/depodanmusteriye.com\/urunler\/urun\/cift-oyun-kollu-4k-hd-ekran-nostaljik-20-000-oyunlu-beyaz-game-stick-2\/","title":{"rendered":"\u00c7ift Oyun Kollu 4K HD Ekran Nostaljik 20.000 Oyunlu Beyaz Game Stick"},"content":{"rendered":"<h4>Y\u00fcksek performansl\u0131 retro game stick, 4K HD ekran deste\u011fi ile klasik oyunlar\u0131 keskin ve canl\u0131 grafiklerle deneyimlemenizi sa\u011flar. 20.000\u2019den fazla nostaljik oyun i\u00e7eren geni\u015f ar\u015fiviyle e\u011flencenizi s\u0131n\u0131rs\u0131z hale getirir. Estetik beyaz tasar\u0131m\u0131 sayesinde oyun alan\u0131n\u0131za \u015f\u0131kl\u0131k katar ve fonksiyonel bir aksesuar olarak da kullan\u0131labilir. Kolay ba\u011flant\u0131 \u00f6zellikleri ve kullan\u0131c\u0131 dostu aray\u00fcz\u00fcyle zahmetsiz bir oyun deneyimi sunarken, ithalat\u00e7\u0131 garantisiyle g\u00fcvenle kullanabilirsiniz. <\/p>\n<p><b>1 adet fiyat\u0131d\u0131r<\/b> <\/p>\n<p><p><b>\u00dcretici Markas\u0131 : ZERO LAND<\/b><\/p>\n<p><b>\u00dcretici Kodu : UCZ3DGAMEST\u0130CKK3<\/b><\/p>\n<p><b>1 ADET F\u0130YATIDIR<\/b><\/p>\n<\/h4>\n<p><\/p>\n","protected":false},"excerpt":{"rendered":"<p>\u00c7ift Oyun Kollu 4K HD Ekran Nostaljik 20.000 Oyunlu Beyaz Game Stick<\/p>\n","protected":false},"featured_media":196488,"comment_status":"open","ping_status":"closed","template":"","meta":[],"product_brand":[],"product_cat":[379,725],"product_tag":[9580,1959,1663,1747,2774,1960,3176,1430,13033,3997,4167,1961],"class_list":{"0":"post-196494","1":"product","2":"type-product","3":"status-publish","4":"has-post-thumbnail","6":"product_cat-ev-yasam","7":"product_cat-psp-and-vita-oyunu","8":"product_tag-20-000","9":"product_tag-4k","10":"product_tag-beyaz","11":"product_tag-cift","12":"product_tag-ekran","13":"product_tag-game","14":"product_tag-hd","15":"product_tag-kollu","16":"product_tag-nostaljik","17":"product_tag-oyun","18":"product_tag-oyunlu","19":"product_tag-stick","21":"first","22":"instock","23":"taxable","24":"shipping-taxable","25":"purchasable","26":"product-type-simple"},"_links":{"self":[{"href":"https:\/\/depodanmusteriye.com\/urunler\/wp-json\/wp\/v2\/product\/196494","targetHints":{"allow":["GET"]}}],"collection":[{"href":"https:\/\/depodanmusteriye.com\/urunler\/wp-json\/wp\/v2\/product"}],"about":[{"href":"https:\/\/depodanmusteriye.com\/urunler\/wp-json\/wp\/v2\/types\/product"}],"replies":[{"embeddable":true,"href":"https:\/\/depodanmusteriye.com\/urunler\/wp-json\/wp\/v2\/comments?post=196494"}],"version-history":[{"count":0,"href":"https:\/\/depodanmusteriye.com\/urunler\/wp-json\/wp\/v2\/product\/196494\/revisions"}],"wp:featuredmedia":[{"embeddable":true,"href":"https:\/\/depodanmusteriye.com\/urunler\/wp-json\/wp\/v2\/media\/196488"}],"wp:attachment":[{"href":"https:\/\/depodanmusteriye.com\/urunler\/wp-json\/wp\/v2\/media?parent=196494"}],"wp:term":[{"taxonomy":"product_brand","embeddable":true,"href":"https:\/\/depodanmusteriye.com\/urunler\/wp-json\/wp\/v2\/product_brand?post=196494"},{"taxonomy":"product_cat","embeddable":true,"href":"https:\/\/depodanmusteriye.com\/urunler\/wp-json\/wp\/v2\/product_cat?post=196494"},{"taxonomy":"product_tag","embeddable":true,"href":"https:\/\/depodanmusteriye.com\/urunler\/wp-json\/wp\/v2\/product_tag?post=196494"}],"curies":[{"name":"wp","href":"https:\/\/api.w.org\/{rel}","templated":true}]}}