{"id":195831,"date":"2025-12-15T15:50:25","date_gmt":"2025-12-15T15:50:25","guid":{"rendered":"https:\/\/b2b.depodanmusteriye.com\/urun\/3-baslikli-yuz-epilasyon-aleti-2\/"},"modified":"2025-12-15T15:50:25","modified_gmt":"2025-12-15T15:50:25","slug":"3-baslikli-yuz-epilasyon-aleti-2","status":"publish","type":"product","link":"https:\/\/depodanmusteriye.com\/urunler\/urun\/3-baslikli-yuz-epilasyon-aleti-2\/","title":{"rendered":"3 BA\u015eLIKLI Y\u00dcZ EP\u0130LASYON ALET\u0130"},"content":{"rendered":"<h4>1\ufe0f\u20e3 Y\u00fcz, Ka\u015f ve V\u00fccut \u0130\u00e7in \u00c7ok Fonksiyonlu Epilat\u00f6r \u2728\u200d\u2640\ufe0fBu pilli epilasyon cihaz\u0131, y\u00fcz, ka\u015f ve v\u00fccut i\u00e7in \u00f6zel olarak tasarlanm\u0131\u015ft\u0131r. Hassas ba\u015fl\u0131klar\u0131 sayesinde profesyonel ka\u015f \u015fekillendirme, y\u00fcz b\u00f6lgesinde nazik t\u00fcy alma ve v\u00fccutta uzun s\u00fcreli p\u00fcr\u00fczs\u00fczl\u00fck sa\u011flar. Hassas ciltler dahil t\u00fcm cilt tipleri i\u00e7in g\u00fcvenli ve etkilidir <\/p>\n<p><b>1 adet fiyat\u0131d\u0131r<\/b> <\/p>\n<p><p><b>\u00dcretici Markas\u0131 : ZERO LAND<\/b><\/p>\n<p><b>\u00dcretici Kodu : UCZY\u00dcZEP\u0130LASYONA<\/b><\/p>\n<p><b>1 ADET F\u0130YATIDIR<\/b><\/p>\n<\/h4>\n<p><\/p>\n","protected":false},"excerpt":{"rendered":"<p>3 BA\u015eLIKLI Y\u00dcZ EP\u0130LASYON ALET\u0130<\/p>\n","protected":false},"featured_media":195826,"comment_status":"open","ping_status":"closed","template":"","meta":[],"product_brand":[],"product_cat":[2204,379],"product_tag":[1350,3386,2435,2158,2081],"class_list":{"0":"post-195831","1":"product","2":"type-product","3":"status-publish","4":"has-post-thumbnail","6":"product_cat-epilator-ev-ya-am","7":"product_cat-ev-yasam","8":"product_tag-1350","9":"product_tag-aleti","10":"product_tag-baslikli","11":"product_tag-epilasyon","12":"product_tag-yuz","14":"first","15":"instock","16":"taxable","17":"shipping-taxable","18":"purchasable","19":"product-type-simple"},"_links":{"self":[{"href":"https:\/\/depodanmusteriye.com\/urunler\/wp-json\/wp\/v2\/product\/195831","targetHints":{"allow":["GET"]}}],"collection":[{"href":"https:\/\/depodanmusteriye.com\/urunler\/wp-json\/wp\/v2\/product"}],"about":[{"href":"https:\/\/depodanmusteriye.com\/urunler\/wp-json\/wp\/v2\/types\/product"}],"replies":[{"embeddable":true,"href":"https:\/\/depodanmusteriye.com\/urunler\/wp-json\/wp\/v2\/comments?post=195831"}],"version-history":[{"count":0,"href":"https:\/\/depodanmusteriye.com\/urunler\/wp-json\/wp\/v2\/product\/195831\/revisions"}],"wp:featuredmedia":[{"embeddable":true,"href":"https:\/\/depodanmusteriye.com\/urunler\/wp-json\/wp\/v2\/media\/195826"}],"wp:attachment":[{"href":"https:\/\/depodanmusteriye.com\/urunler\/wp-json\/wp\/v2\/media?parent=195831"}],"wp:term":[{"taxonomy":"product_brand","embeddable":true,"href":"https:\/\/depodanmusteriye.com\/urunler\/wp-json\/wp\/v2\/product_brand?post=195831"},{"taxonomy":"product_cat","embeddable":true,"href":"https:\/\/depodanmusteriye.com\/urunler\/wp-json\/wp\/v2\/product_cat?post=195831"},{"taxonomy":"product_tag","embeddable":true,"href":"https:\/\/depodanmusteriye.com\/urunler\/wp-json\/wp\/v2\/product_tag?post=195831"}],"curies":[{"name":"wp","href":"https:\/\/api.w.org\/{rel}","templated":true}]}}