{"id":194995,"date":"2025-12-15T14:58:22","date_gmt":"2025-12-15T14:58:22","guid":{"rendered":"https:\/\/b2b.depodanmusteriye.com\/urun\/epilasyon-aleti-tuy-kil-alma-kas-biyik-unisex-yuz-bakim-tiras-aleti-2\/"},"modified":"2025-12-15T14:58:22","modified_gmt":"2025-12-15T14:58:22","slug":"epilasyon-aleti-tuy-kil-alma-kas-biyik-unisex-yuz-bakim-tiras-aleti-2","status":"publish","type":"product","link":"https:\/\/depodanmusteriye.com\/urunler\/urun\/epilasyon-aleti-tuy-kil-alma-kas-biyik-unisex-yuz-bakim-tiras-aleti-2\/","title":{"rendered":"Epilasyon Aleti T\u00fcy K\u0131l Alma Ka\u015f B\u0131y\u0131k Unisex Y\u00fcz Bak\u0131m T\u0131ra\u015f Aleti"},"content":{"rendered":"<h4>Bu t\u00fcy alma ve y\u00fcz bak\u0131m t\u0131ra\u015f aleti, ruj b\u00fcy\u00fckl\u00fc\u011f\u00fcnde pratik tasar\u0131m\u0131yla her zaman yan\u0131n\u0131zda ta\u015f\u0131yabilece\u011finiz m\u00fckemmel bir \u00fcr\u00fcnd\u00fcr. Unisex \u00f6zellik ta\u015f\u0131yan bu alet, hem erkekler hem de kad\u0131nlar i\u00e7in uygundur. Hassas ba\u015fl\u0131k sayesinde, istenmeyen t\u00fcyleri h\u0131zla ve kolayca alabilirsiniz. Ayn\u0131 zamanda ka\u015flar\u0131n\u0131za \u015fekil vermek i\u00e7in de idealdir, b\u00f6ylece g\u00fczelli\u011finize ekstra dokunu\u015flar katabilirsiniz.<br \/>\nBasit kullan\u0131m\u0131 ile t\u00fcy alma i\u015flemi olduk\u00e7a h\u0131zl\u0131d\u0131r. Ruj kapa\u011f\u0131 gibi kapa\u011f\u0131n\u0131 \u00e7\u0131kararak cihaz\u0131 \u00e7al\u0131\u015ft\u0131rabilir ve t\u00fcy almak istedi\u011finiz b\u00f6lgeyi nazik\u00e7e gezdirebilirsiniz. T\u00fcylerin \u00e7\u0131k\u0131\u015f y\u00f6n\u00fcn\u00fcn tersine uygulama yaparak m\u00fckemmel sonu\u00e7lar elde edersiniz. Ac\u0131 veya s\u0131z\u0131 hissetmeden, i\u015flem s\u0131ras\u0131nda rahat\u00e7a t\u00fcylerinizi alabilirsiniz. Ciltte herhangi bir tahri\u015fe sebep olmaz, b\u00f6ylece g\u00fcvenle kullan\u0131labilir.<br \/>\n\u00c7ene, yanak, dudak \u00fcst\u00fc ve al\u0131n gibi hassas b\u00f6lgelerde de kullanabilece\u011finiz bu epilasyon aleti, t\u00fcm y\u00fcz bak\u0131m ihtiya\u00e7lar\u0131n\u0131z\u0131 kar\u015f\u0131lar. Kolay ta\u015f\u0131nabilirli\u011fi ve etkili performans\u0131yla, her an her yerde kullanabilece\u011finiz bir \u00fcr\u00fcnd\u00fcr. <\/p>\n<p><b>1 adet fiyat\u0131d\u0131r<\/b> <\/p>\n<p><p><b>\u00dcretici Markas\u0131 : ZERO LAND<\/b><\/p>\n<p><b>\u00dcretici Kodu : UCZZZKA\u015eBURUNEP\u0130LASYONNN1<\/b><\/p>\n<p><b>1 ADET F\u0130YATIDIR<\/b><\/p>\n<\/h4>\n<p><\/p>\n","protected":false},"excerpt":{"rendered":"<p>Epilasyon Aleti T\u00fcy K\u0131l Alma Ka\u015f B\u0131y\u0131k Unisex Y\u00fcz Bak\u0131m T\u0131ra\u015f Aleti<\/p>\n","protected":false},"featured_media":194990,"comment_status":"open","ping_status":"closed","template":"","meta":[],"product_brand":[],"product_cat":[2204,379],"product_tag":[3386,2943,3985,2353,2158,2135,2970,3445,2380,4366,2081],"class_list":{"0":"post-194995","1":"product","2":"type-product","3":"status-publish","4":"has-post-thumbnail","6":"product_cat-epilator-ev-ya-am","7":"product_cat-ev-yasam","8":"product_tag-aleti","9":"product_tag-alma","10":"product_tag-bakim","11":"product_tag-biyik","12":"product_tag-epilasyon","13":"product_tag-kas","14":"product_tag-kil","15":"product_tag-tiras","16":"product_tag-tuy","17":"product_tag-unisex","18":"product_tag-yuz","20":"first","21":"instock","22":"taxable","23":"shipping-taxable","24":"purchasable","25":"product-type-simple"},"_links":{"self":[{"href":"https:\/\/depodanmusteriye.com\/urunler\/wp-json\/wp\/v2\/product\/194995","targetHints":{"allow":["GET"]}}],"collection":[{"href":"https:\/\/depodanmusteriye.com\/urunler\/wp-json\/wp\/v2\/product"}],"about":[{"href":"https:\/\/depodanmusteriye.com\/urunler\/wp-json\/wp\/v2\/types\/product"}],"replies":[{"embeddable":true,"href":"https:\/\/depodanmusteriye.com\/urunler\/wp-json\/wp\/v2\/comments?post=194995"}],"version-history":[{"count":0,"href":"https:\/\/depodanmusteriye.com\/urunler\/wp-json\/wp\/v2\/product\/194995\/revisions"}],"wp:featuredmedia":[{"embeddable":true,"href":"https:\/\/depodanmusteriye.com\/urunler\/wp-json\/wp\/v2\/media\/194990"}],"wp:attachment":[{"href":"https:\/\/depodanmusteriye.com\/urunler\/wp-json\/wp\/v2\/media?parent=194995"}],"wp:term":[{"taxonomy":"product_brand","embeddable":true,"href":"https:\/\/depodanmusteriye.com\/urunler\/wp-json\/wp\/v2\/product_brand?post=194995"},{"taxonomy":"product_cat","embeddable":true,"href":"https:\/\/depodanmusteriye.com\/urunler\/wp-json\/wp\/v2\/product_cat?post=194995"},{"taxonomy":"product_tag","embeddable":true,"href":"https:\/\/depodanmusteriye.com\/urunler\/wp-json\/wp\/v2\/product_tag?post=194995"}],"curies":[{"name":"wp","href":"https:\/\/api.w.org\/{rel}","templated":true}]}}