{"id":194221,"date":"2025-12-15T14:10:15","date_gmt":"2025-12-15T14:10:15","guid":{"rendered":"https:\/\/b2b.depodanmusteriye.com\/urun\/7-kordonlu-akilli-saat-siyah-kasa-dokunmatik-ekran-uyku-ve-saglik-takibi-2\/"},"modified":"2025-12-15T14:10:15","modified_gmt":"2025-12-15T14:10:15","slug":"7-kordonlu-akilli-saat-siyah-kasa-dokunmatik-ekran-uyku-ve-saglik-takibi-2","status":"publish","type":"product","link":"https:\/\/depodanmusteriye.com\/urunler\/urun\/7-kordonlu-akilli-saat-siyah-kasa-dokunmatik-ekran-uyku-ve-saglik-takibi-2\/","title":{"rendered":"7 Kordonlu Ak\u0131ll\u0131 Saat Siyah Kasa Dokunmatik Ekran Uyku ve Sa\u011fl\u0131k Takibi"},"content":{"rendered":"<h4>Dayan\u0131kl\u0131 \u00e7elik kasa materyali, saatin uzun \u00f6m\u00fcrl\u00fc olmas\u0131n\u0131 sa\u011flarken, silikon kordon materyali ise konforlu bir kullan\u0131m sunar ve saatinizi uzun s\u00fcre rahatl\u0131kla takman\u0131z\u0131 m\u00fcmk\u00fcn k\u0131lar. Dokunmatik mekanizma sayesinde saatinizi \u00e7ok daha pratik bir \u015fekilde kullanabilirsiniz; zaman\u0131 h\u0131zl\u0131ca kontrol edebilir veya alarm kurabilirsiniz. Kronometre \u00f6zelli\u011fi ise \u00f6zellikle spor yaparken zaman\u0131n\u0131z\u0131 takip etmenizi kolayla\u015ft\u0131r\u0131r, ko\u015fu, bisiklet s\u00fcrme veya di\u011fer egzersizlerde performans\u0131n\u0131z\u0131 art\u0131rman\u0131za yard\u0131mc\u0131 olur. Bu ak\u0131ll\u0131 saat, hem fonksiyonel hem de estetik a\u00e7\u0131dan m\u00fckemmel bir se\u00e7enek olarak g\u00fcnl\u00fck hayat\u0131n\u0131z\u0131 kolayla\u015ft\u0131r\u0131r ve sa\u011fl\u0131kl\u0131 ya\u015fam hedeflerinize ula\u015fman\u0131za katk\u0131 sa\u011flar. <\/p>\n<p><b>1 adet fiyat\u0131d\u0131r<\/b> <\/p>\n<p><p><b>\u00dcretici Markas\u0131 : ZERO LAND<\/b><\/p>\n<p><b>\u00dcretici Kodu : UCZZZ7KORDONLUW4SAATTTT2<\/b><\/p>\n<p><b>1 ADET F\u0130YATIDIR<\/b><\/p>\n<\/h4>\n<p><\/p>\n","protected":false},"excerpt":{"rendered":"<p>7 Kordonlu Ak\u0131ll\u0131 Saat Siyah Kasa Dokunmatik Ekran Uyku ve Sa\u011fl\u0131k Takibi<\/p>\n","protected":false},"featured_media":194216,"comment_status":"open","ping_status":"closed","template":"","meta":[],"product_brand":[],"product_cat":[630,374],"product_tag":[2973,3636,1985,2774,1342,7194,3637,4398,1391,4310,4244,2104],"class_list":{"0":"post-194221","1":"product","2":"type-product","3":"status-publish","4":"has-post-thumbnail","6":"product_cat-akilli-saat","7":"product_cat-mobil-aksesuar","8":"product_tag-2973","9":"product_tag-akilli","10":"product_tag-dokunmatik","11":"product_tag-ekran","12":"product_tag-kasa","13":"product_tag-kordonlu","14":"product_tag-saat","15":"product_tag-saglik","16":"product_tag-siyah","17":"product_tag-takibi","18":"product_tag-uyku","19":"product_tag-ve","21":"first","22":"instock","23":"taxable","24":"shipping-taxable","25":"purchasable","26":"product-type-simple"},"_links":{"self":[{"href":"https:\/\/depodanmusteriye.com\/urunler\/wp-json\/wp\/v2\/product\/194221","targetHints":{"allow":["GET"]}}],"collection":[{"href":"https:\/\/depodanmusteriye.com\/urunler\/wp-json\/wp\/v2\/product"}],"about":[{"href":"https:\/\/depodanmusteriye.com\/urunler\/wp-json\/wp\/v2\/types\/product"}],"replies":[{"embeddable":true,"href":"https:\/\/depodanmusteriye.com\/urunler\/wp-json\/wp\/v2\/comments?post=194221"}],"version-history":[{"count":0,"href":"https:\/\/depodanmusteriye.com\/urunler\/wp-json\/wp\/v2\/product\/194221\/revisions"}],"wp:featuredmedia":[{"embeddable":true,"href":"https:\/\/depodanmusteriye.com\/urunler\/wp-json\/wp\/v2\/media\/194216"}],"wp:attachment":[{"href":"https:\/\/depodanmusteriye.com\/urunler\/wp-json\/wp\/v2\/media?parent=194221"}],"wp:term":[{"taxonomy":"product_brand","embeddable":true,"href":"https:\/\/depodanmusteriye.com\/urunler\/wp-json\/wp\/v2\/product_brand?post=194221"},{"taxonomy":"product_cat","embeddable":true,"href":"https:\/\/depodanmusteriye.com\/urunler\/wp-json\/wp\/v2\/product_cat?post=194221"},{"taxonomy":"product_tag","embeddable":true,"href":"https:\/\/depodanmusteriye.com\/urunler\/wp-json\/wp\/v2\/product_tag?post=194221"}],"curies":[{"name":"wp","href":"https:\/\/api.w.org\/{rel}","templated":true}]}}