{"id":194004,"date":"2025-12-15T13:56:25","date_gmt":"2025-12-15T13:56:25","guid":{"rendered":"https:\/\/b2b.depodanmusteriye.com\/urun\/10k-ultra-hd-video-oyun-konsolu-android-tv-box-2-4g-game-stick-2\/"},"modified":"2025-12-15T13:56:25","modified_gmt":"2025-12-15T13:56:25","slug":"10k-ultra-hd-video-oyun-konsolu-android-tv-box-2-4g-game-stick-2","status":"publish","type":"product","link":"https:\/\/depodanmusteriye.com\/urunler\/urun\/10k-ultra-hd-video-oyun-konsolu-android-tv-box-2-4g-game-stick-2\/","title":{"rendered":"10K Ultra Hd Video Oyun Konsolu Android Tv Box 2.4g Game Stick"},"content":{"rendered":"<h4>Android TV Box 10K Ultra HD ve Retro Oyun Konsolu \u00c7ift Sistemli M8proM8pro Android TV Box, 10K Ultra HD \u00e7\u00f6z\u00fcn\u00fcrl\u00fck ve HDR deste\u011fiyle m\u00fckemmel bir g\u00f6r\u00fcnt\u00fc kalitesi sunar. Bu cihaz, hem Android TV Box hem de retro oyun konsolu olarak iki i\u015flevi bir arada sunar. 2GB RAM ve 16+64GB haf\u0131za kapasitesine sahip olan M8pro, oyunlar\u0131n\u0131z\u0131 ve film izleme deneyiminizi h\u0131zl\u0131 ve sorunsuz hale getirir. Android i\u015fletim sistemi \u00fczerinde \u00e7al\u0131\u015farak,\u00a0 uygulama ve oyunlar\u0131 indirmenizi sa\u011flar, ayn\u0131 zamanda taray\u0131c\u0131 \u00fczerinden diledi\u011finiz web sitelerine de eri\u015febilirsiniz. Google Asistan ve Chromecast \u00f6zellikleri ile TV\u2019nizi daha ak\u0131ll\u0131 hale getirebilir, sesli arama ve ki\u015fiselle\u015ftirilmi\u015f \u00f6neriler sayesinde daha fazla e\u011flenceye ula\u015fabilirsiniz. <\/p>\n<p><b>1 adet fiyat\u0131d\u0131r<\/b> <\/p>\n<p><p><b>\u00dcretici Markas\u0131 : ZERO LAND<\/b><\/p>\n<p><b>\u00dcretici Kodu : UCZZZM80PROTVOYUNUUUU1<\/b><\/p>\n<p><b>1 ADET F\u0130YATIDIR<\/b><\/p>\n<\/h4>\n<p><\/p>\n","protected":false},"excerpt":{"rendered":"<p>10K Ultra Hd Video Oyun Konsolu Android Tv Box 2.4g Game Stick<\/p>\n","protected":false},"featured_media":193999,"comment_status":"open","ping_status":"closed","template":"","meta":[],"product_brand":[],"product_cat":[377,607],"product_tag":[13640,13412,1956,6067,1960,3176,3998,3997,1961,4014,1976,13204],"class_list":{"0":"post-194004","1":"product","2":"type-product","3":"status-publish","4":"has-post-thumbnail","6":"product_cat-gsm-mobil-aksesuar","7":"product_cat-media-player","8":"product_tag-10k","9":"product_tag-2-4g","10":"product_tag-android","11":"product_tag-box","12":"product_tag-game","13":"product_tag-hd","14":"product_tag-konsolu","15":"product_tag-oyun","16":"product_tag-stick","17":"product_tag-tv","18":"product_tag-ultra","19":"product_tag-video","21":"first","22":"instock","23":"taxable","24":"shipping-taxable","25":"purchasable","26":"product-type-simple"},"_links":{"self":[{"href":"https:\/\/depodanmusteriye.com\/urunler\/wp-json\/wp\/v2\/product\/194004","targetHints":{"allow":["GET"]}}],"collection":[{"href":"https:\/\/depodanmusteriye.com\/urunler\/wp-json\/wp\/v2\/product"}],"about":[{"href":"https:\/\/depodanmusteriye.com\/urunler\/wp-json\/wp\/v2\/types\/product"}],"replies":[{"embeddable":true,"href":"https:\/\/depodanmusteriye.com\/urunler\/wp-json\/wp\/v2\/comments?post=194004"}],"version-history":[{"count":0,"href":"https:\/\/depodanmusteriye.com\/urunler\/wp-json\/wp\/v2\/product\/194004\/revisions"}],"wp:featuredmedia":[{"embeddable":true,"href":"https:\/\/depodanmusteriye.com\/urunler\/wp-json\/wp\/v2\/media\/193999"}],"wp:attachment":[{"href":"https:\/\/depodanmusteriye.com\/urunler\/wp-json\/wp\/v2\/media?parent=194004"}],"wp:term":[{"taxonomy":"product_brand","embeddable":true,"href":"https:\/\/depodanmusteriye.com\/urunler\/wp-json\/wp\/v2\/product_brand?post=194004"},{"taxonomy":"product_cat","embeddable":true,"href":"https:\/\/depodanmusteriye.com\/urunler\/wp-json\/wp\/v2\/product_cat?post=194004"},{"taxonomy":"product_tag","embeddable":true,"href":"https:\/\/depodanmusteriye.com\/urunler\/wp-json\/wp\/v2\/product_tag?post=194004"}],"curies":[{"name":"wp","href":"https:\/\/api.w.org\/{rel}","templated":true}]}}