{"id":193509,"date":"2025-12-15T13:25:58","date_gmt":"2025-12-15T13:25:58","guid":{"rendered":"https:\/\/b2b.depodanmusteriye.com\/urun\/cocuklara-ozel-sirin-tasarimli-mini-fotograf-yazicisi-3-adet-rulo-hediyeli-2\/"},"modified":"2025-12-15T13:25:58","modified_gmt":"2025-12-15T13:25:58","slug":"cocuklara-ozel-sirin-tasarimli-mini-fotograf-yazicisi-3-adet-rulo-hediyeli-2","status":"publish","type":"product","link":"https:\/\/depodanmusteriye.com\/urunler\/urun\/cocuklara-ozel-sirin-tasarimli-mini-fotograf-yazicisi-3-adet-rulo-hediyeli-2\/","title":{"rendered":"\u00c7ocuklara \u00d6zel \u015eirin Tasar\u0131ml\u0131 Mini Foto\u011fraf Yaz\u0131c\u0131s\u0131 3 Adet Rulo Hediyeli"},"content":{"rendered":"<h4>Bu bask\u0131 kamera, foto\u011fraf \u00e7ekmenin ve an\u0131nda bask\u0131 alman\u0131n keyfini bir arada sunuyor. Kutuda 3 adet bask\u0131 rulosu yer almakta ve her biri 500 foto\u011fraf basma kapasitesine sahiptir, b\u00f6ylece uzun s\u00fcre boyunca bask\u0131 yapabilirsiniz. GCH62 sens\u00f6r\u00fc ve \u00e7ift lensi sayesinde y\u00fcksek kaliteli g\u00f6r\u00fcnt\u00fcler elde edebilirsiniz. 10X dijital zoom ve 0.5m-sonsuz mesafe aras\u0131ndaki odaklama aral\u0131\u011f\u0131 ile net ve ayr\u0131nt\u0131l\u0131 foto\u011fraflar \u00e7ekebilirsiniz. Ayr\u0131ca, 12 farkl\u0131 \u00f6zel efekt ile foto\u011fraflar\u0131n\u0131za yarat\u0131c\u0131 dokunu\u015flar ekleyebilirsiniz.<br \/>\nISO de\u011ferleri (otomatik, 50, 100, 200, 400, 800, 1600) ile her t\u00fcrl\u00fc \u0131\u015f\u0131k ko\u015fulunda m\u00fckemmel \u00e7ekimler yapabilirsiniz. 3M\u2019den 48M\u2019ye kadar \u00e7e\u015fitli g\u00f6r\u00fcnt\u00fc boyutlar\u0131 se\u00e7ene\u011fi ve AVI format\u0131nda 1080P ile 720P video kayd\u0131 yapabilme imkan\u0131 sunar. Self-timer fonksiyonlar\u0131 (2s, 5s, 10s) sayesinde grup foto\u011fraflar\u0131 veya ki\u015fisel \u00e7ekimler kolayl\u0131kla yap\u0131labilir. Dahili mikrofonla radyo kayd\u0131 yapabilir ve MP3 fonksiyonuyla m\u00fczik dinleyebilirsiniz. 64GB\u2019a kadar destekleyen TF kart\u0131 ile depolama kapasitesini art\u0131rabilirsiniz. \u00c7oklu dil deste\u011fi sunan bu cihaz, her ya\u015ftan kullan\u0131c\u0131ya hitap eder. Paket i\u00e7eri\u011finde bir adet bask\u0131 kamera ve 3 rulo ka\u011f\u0131t bulunmaktad\u0131r. An\u0131nda bask\u0131 alarak an\u0131lar\u0131n\u0131z\u0131 \u00f6l\u00fcms\u00fczle\u015ftirin!<\/p>\n<p>&nbsp; <\/p>\n<p><b>1 adet fiyat\u0131d\u0131r<\/b> <\/p>\n<p><p><b>\u00dcretici Markas\u0131 : ZERO LAND<\/b><\/p>\n<p><b>\u00dcretici Kodu : UCZZZPR\u0130NTERKAMERAAAA2<\/b><\/p>\n<p><b>1 ADET F\u0130YATIDIR<\/b><\/p>\n<\/h4>\n<p><\/p>\n","protected":false},"excerpt":{"rendered":"<p>\u00c7ocuklara \u00d6zel \u015eirin Tasar\u0131ml\u0131 Mini Foto\u011fraf Yaz\u0131c\u0131s\u0131 3 Adet Rulo Hediyeli<\/p>\n","protected":false},"featured_media":193504,"comment_status":"open","ping_status":"closed","template":"","meta":[],"product_brand":[],"product_cat":[379,455],"product_tag":[1350,1301,13623,4067,7632,2265,3698,5153,10817,3987,13400],"class_list":{"0":"post-193509","1":"product","2":"type-product","3":"status-publish","4":"has-post-thumbnail","6":"product_cat-ev-yasam","7":"product_cat-video-kamera","8":"product_tag-1350","9":"product_tag-adet","10":"product_tag-cocuklara","11":"product_tag-fotograf","12":"product_tag-hediyeli","13":"product_tag-mini","14":"product_tag-ozel","15":"product_tag-rulo","16":"product_tag-sirin","17":"product_tag-tasarimli","18":"product_tag-yazicisi","20":"first","21":"instock","22":"taxable","23":"shipping-taxable","24":"purchasable","25":"product-type-simple"},"_links":{"self":[{"href":"https:\/\/depodanmusteriye.com\/urunler\/wp-json\/wp\/v2\/product\/193509","targetHints":{"allow":["GET"]}}],"collection":[{"href":"https:\/\/depodanmusteriye.com\/urunler\/wp-json\/wp\/v2\/product"}],"about":[{"href":"https:\/\/depodanmusteriye.com\/urunler\/wp-json\/wp\/v2\/types\/product"}],"replies":[{"embeddable":true,"href":"https:\/\/depodanmusteriye.com\/urunler\/wp-json\/wp\/v2\/comments?post=193509"}],"version-history":[{"count":0,"href":"https:\/\/depodanmusteriye.com\/urunler\/wp-json\/wp\/v2\/product\/193509\/revisions"}],"wp:featuredmedia":[{"embeddable":true,"href":"https:\/\/depodanmusteriye.com\/urunler\/wp-json\/wp\/v2\/media\/193504"}],"wp:attachment":[{"href":"https:\/\/depodanmusteriye.com\/urunler\/wp-json\/wp\/v2\/media?parent=193509"}],"wp:term":[{"taxonomy":"product_brand","embeddable":true,"href":"https:\/\/depodanmusteriye.com\/urunler\/wp-json\/wp\/v2\/product_brand?post=193509"},{"taxonomy":"product_cat","embeddable":true,"href":"https:\/\/depodanmusteriye.com\/urunler\/wp-json\/wp\/v2\/product_cat?post=193509"},{"taxonomy":"product_tag","embeddable":true,"href":"https:\/\/depodanmusteriye.com\/urunler\/wp-json\/wp\/v2\/product_tag?post=193509"}],"curies":[{"name":"wp","href":"https:\/\/api.w.org\/{rel}","templated":true}]}}